{"id":15036,"date":"2026-02-12T15:07:51","date_gmt":"2026-02-12T13:07:51","guid":{"rendered":"https:\/\/icdp.ro\/?page_id=15036"},"modified":"2026-02-12T15:07:51","modified_gmt":"2026-02-12T13:07:51","slug":"schema-de-realizare","status":"publish","type":"page","link":"https:\/\/icdp.ro\/en\/cercetare\/proiecte-nationale\/plan-tematic-asas\/asas-5-2023-2027\/schema-de-realizare\/","title":{"rendered":"Schema de realizare"},"content":{"rendered":"<h5 class=\"fusion-responsive-typography-calculated\" data-fontsize=\"22\" data-lineheight=\"30.8px\">Schema de realizare<\/h5>\n<div class=\"table-1\">\n<table>\n<tbody>\n<tr>\n<td rowspan=\"2\" width=\"5%\"><strong>No. crt.<\/strong><\/td>\n<td rowspan=\"2\" width=\"6%\"><strong>Anul<\/strong><\/td>\n<td rowspan=\"2\" width=\"11%\"><strong>Luna<\/strong><\/td>\n<td colspan=\"2\" width=\"47%\"><strong>&nbsp;<\/strong><\/td>\n<td width=\"15%\"><strong>Valoare&nbsp;&nbsp; <\/strong><\/td>\n<td rowspan=\"2\" width=\"13%\"><strong>Termen de predare<\/strong><\/td>\n<\/tr>\n<tr>\n<td width=\"6%\"><strong>Cod faza<\/strong><\/td>\n<td width=\"40%\"><strong>Denumire faza<\/strong><\/td>\n<td width=\"15%\"><strong>lei<\/strong><\/td>\n<\/tr>\n<tr>\n<td width=\"5%\">1.<\/td>\n<td width=\"6%\">Anul 1<\/p>\n<p>&nbsp;<\/td>\n<td width=\"11%\">Luna<\/p>\n<p>1-12<\/td>\n<td width=\"6%\">1<\/td>\n<td width=\"40%\"><strong>Documentare, analiz\u0103, elaborare model experimental<\/strong><\/p>\n<p>1.1 Documentare \u0219i analiz\u0103 privind favorabilitatea climatic\u0103 a noilor speciilor pomicole (goji (<em>Lycium barbarum<\/em> L.), kiwi (<em>Actinidia arguta<\/em>), kaki (<em>Diospyros kaki <\/em>L.), curmalul chinezesc (<em>Zyzyphus jujuba<\/em>), mo\u0219monul (<em>Mespilus germanica<\/em>)) \u0219i dudul fructifer(<em>Morus nigra<\/em> &#8211; L) &nbsp;<\/p>\n<p>1.2. Realizarea unei baze de date suport.<\/p>\n<p>Raport de activitate faza I<\/td>\n<td width=\"15%\">1.500.000<\/td>\n<td width=\"13%\">15.12.2023<\/td>\n<\/tr>\n<tr>\n<td width=\"5%\">2.<\/td>\n<td width=\"6%\">Anul 2<\/p>\n<p>&nbsp;<\/td>\n<td width=\"11%\">Luna<\/p>\n<p>13-24<\/td>\n<td width=\"6%\">2<\/td>\n<td width=\"40%\"><strong>Experimentare model de cercetare<\/strong><\/p>\n<p>2.1 Efectuarea lucr\u0103rilor specifice de men\u0163inere a st\u0103rii biologice \u015fi culturale a c\u00e2mpului experimental<\/p>\n<p>2.2 Caracterizarea din punct de vedere fenotipic \u0219i evaluarea \u00eensu\u0219irilor agronomice a noilor specii pomicole<\/p>\n<p>Raport de activitate faza II<\/td>\n<td width=\"15%\">1.600.000<\/td>\n<td width=\"13%\">15.12.2024<\/td>\n<\/tr>\n<tr>\n<td width=\"5%\">3.<\/td>\n<td width=\"6%\">Anul 3<\/td>\n<td width=\"11%\">Luna<\/p>\n<p>25 &#8211; 36<\/td>\n<td width=\"6%\">3<\/td>\n<td width=\"40%\"><strong>Experimentare model de cercetare<\/strong><\/p>\n<p>3.1 Efectuarea lucr\u0103rilor specifice de men\u0163inere a st\u0103rii biologice \u015fi culturale a c\u00e2mpului experimental<\/p>\n<p>3.2 Caracterizarea din punct de vedere fenotipic \u0219i evaluarea \u00eensu\u0219irilor agronomice a noilor specii pomicole<\/p>\n<p>Raport de activitate faza III<\/td>\n<td width=\"15%\">1.600.000<\/td>\n<td width=\"13%\">15.12.2025<\/td>\n<\/tr>\n<tr>\n<td width=\"5%\">4.<\/td>\n<td width=\"6%\">Anul 4<\/td>\n<td width=\"11%\">Luna<\/p>\n<p>37 &#8211; 48<\/td>\n<td width=\"6%\">4<\/td>\n<td width=\"40%\"><strong>Experimentare model de cercetare<\/strong><\/p>\n<p>4.1 Efectuarea lucr\u0103rilor specifice de men\u0163inere a st\u0103rii biologice \u015fi culturale a c\u00e2mpului experimental<\/p>\n<p>4.2 Caracterizarea din punct de vedere fenotipic \u0219i evaluarea \u00eensu\u0219irilor agronomice a noilor specii pomicole<\/p>\n<p>Raport de activitate faza IV<\/td>\n<td width=\"15%\">1.700.000<\/td>\n<td width=\"13%\">15.12.2026<\/td>\n<\/tr>\n<tr>\n<td width=\"5%\">5.<\/td>\n<td width=\"6%\">Anul 5<\/td>\n<td width=\"11%\">Luna<\/p>\n<p>49 &#8211; 60<\/td>\n<td width=\"6%\">5<\/td>\n<td width=\"40%\"><strong>Promovarea materialului biologic evaluat \u00een vederea utiliz\u0103rii \u00een noile planta\u021bii pomicole<\/strong><\/p>\n<p>5.1 Organizarea unor expozi\u021bii de fructe, cu fi\u0219e de degustare \u0219i apreciere a calit\u0103\u021bilor organoleptice a fructelor.<\/p>\n<p>5.2. Verificarea performan\u021belor agro-productive \u00een vederea identific\u0103rii unor noi soiuri\/portaltoi, adecvate cerin\u021belor pomiculturii durabile \u0219i \u00eentocmirea listei cu acestea pentru recomandarea extinderii lor \u00een cultur\u0103 \u00een zonele de maxim\u0103 favorabilitate climatic\u0103<\/p>\n<p>5.3. Diseminarea rezultatelor \u0219tiin\u021bifice<\/p>\n<p>Raport de activitate faza V<\/td>\n<td width=\"15%\">&nbsp;<\/p>\n<p>&nbsp;<\/p>\n<p>&nbsp;<\/p>\n<p>&nbsp;<\/p>\n<p>1.700.000<\/td>\n<td width=\"13%\">15.12.2027<\/td>\n<\/tr>\n<tr>\n<td colspan=\"3\" width=\"23%\"><strong>TOTAL GENERAL<\/strong><\/td>\n<td colspan=\"2\" width=\"47%\"><strong>Raport final<\/strong><\/td>\n<td width=\"15%\"><strong>8.100.000<\/strong><\/td>\n<td width=\"13%\"><strong>15.12.2027<\/strong><\/td>\n<\/tr>\n<\/tbody>\n<\/table>\n<\/div>","protected":false},"excerpt":{"rendered":"<p>Schema de realizare Nr. crt. Anul Luna &nbsp; Valoare&nbsp;&nbsp; Termen de predare Cod faza Denumire faza lei 1. Anul 1 &nbsp; Luna 1-12 1 Documentare, analiz\u0103, elaborare model experimental 1.1 Documentare \u0219i analiz\u0103 privind favorabilitatea climatic\u0103 a noilor speciilor pomicole (goji (Lycium barbarum L.), kiwi (Actinidia arguta), kaki (Diospyros kaki L.), curmalul chinezesc (Zyzyphus jujuba),  [&#8230;]<\/p>\n","protected":false},"author":1,"featured_media":0,"parent":15026,"menu_order":4,"comment_status":"closed","ping_status":"closed","template":"","meta":{"ngg_post_thumbnail":0,"footnotes":""},"categories":[],"tags":[],"class_list":["post-15036","page","type-page","status-publish","hentry"],"_links":{"self":[{"href":"https:\/\/icdp.ro\/en\/wp-json\/wp\/v2\/pages\/15036","targetHints":{"allow":["GET"]}}],"collection":[{"href":"https:\/\/icdp.ro\/en\/wp-json\/wp\/v2\/pages"}],"about":[{"href":"https:\/\/icdp.ro\/en\/wp-json\/wp\/v2\/types\/page"}],"author":[{"embeddable":true,"href":"https:\/\/icdp.ro\/en\/wp-json\/wp\/v2\/users\/1"}],"replies":[{"embeddable":true,"href":"https:\/\/icdp.ro\/en\/wp-json\/wp\/v2\/comments?post=15036"}],"version-history":[{"count":1,"href":"https:\/\/icdp.ro\/en\/wp-json\/wp\/v2\/pages\/15036\/revisions"}],"predecessor-version":[{"id":15037,"href":"https:\/\/icdp.ro\/en\/wp-json\/wp\/v2\/pages\/15036\/revisions\/15037"}],"up":[{"embeddable":true,"href":"https:\/\/icdp.ro\/en\/wp-json\/wp\/v2\/pages\/15026"}],"wp:attachment":[{"href":"https:\/\/icdp.ro\/en\/wp-json\/wp\/v2\/media?parent=15036"}],"wp:term":[{"taxonomy":"category","embeddable":true,"href":"https:\/\/icdp.ro\/en\/wp-json\/wp\/v2\/categories?post=15036"},{"taxonomy":"post_tag","embeddable":true,"href":"https:\/\/icdp.ro\/en\/wp-json\/wp\/v2\/tags?post=15036"}],"curies":[{"name":"wp","href":"https:\/\/api.w.org\/{rel}","templated":true}]}}