{"id":15033,"date":"2026-02-12T15:07:08","date_gmt":"2026-02-12T13:07:08","guid":{"rendered":"https:\/\/icdp.ro\/?page_id=15033"},"modified":"2026-02-12T15:07:08","modified_gmt":"2026-02-12T13:07:08","slug":"scop-si-obiective","status":"publish","type":"page","link":"https:\/\/icdp.ro\/en\/cercetare\/proiecte-nationale\/plan-tematic-asas\/asas-5-2023-2027\/scop-si-obiective\/","title":{"rendered":"Scop si obiective"},"content":{"rendered":"<h5 class=\"fusion-responsive-typography-calculated\" data-fontsize=\"22\" data-lineheight=\"30.8px\">Scop si obiective<\/h5>\n<p>Scopul proiectului: Studiul privind comportarea unor specii precum dudul fructifer (<em>Morus nigra<\/em> &#8211; L), goji (<em>Lycium barbarum<\/em> L.), curmalul chinezesc (<em>Zyzyphus jujuba<\/em>), mo\u0219monul (<em>Mespilus germanica<\/em>), kaki (<em>Diospyros kaki<\/em> L.) \u0219i kiwi (<em>Actinidia arguta<\/em>) \u00een zonele de maxim\u0103 favorabilitate climatic\u0103, pentru a eviden\u021bia speciile \/ soiurile care dau cele mai bune rezultate at\u00e2t din punct de vedere productiv, c\u00e2t \u015fi calitativ, astfel \u00eenc\u00e2t s\u0103 orienteze cultura comercial\u0103, \u00een scopul ob\u0163inerii unui nivel tehnologic ridicat care s\u0103 poat\u0103 satisface exigen\u0163ele pie\u0163ei.<\/p>\n<p>Obiectivele proiectului:<\/p>\n<p>&#8211; Caracterizarea fenotipic\u0103 a celor mai valoroase genotipuri din cele 6 specii pomicole de climat temperat \u0219i subtropical: dudul fructifer, goji, curmalul chinezesc, mo\u0219monul, kaki \u0219i kiwi sub aspectul productivit\u0103\u021bii, calit\u0103\u021bii fructului \u0219i rezisten\u021bei la atacul bolilor specifice<br \/>\n&#8211; Cre\u015fterea calit\u0103\u0163ii \u015fi siguran\u0163ei alimentare prin extinderea \u00een cultura comercial\u0103 a unor specii \/ soiuri care prezint\u0103 \u00eensu\u0219iri de adaptabilitate la factorii de stres climatici \u0219i biocenotici locali, actuali \u0219i previzibili.<\/p>\n<p>&nbsp;<\/p>","protected":false},"excerpt":{"rendered":"<p>Scop si obiective Scopul proiectului: Studiul privind comportarea unor specii precum dudul fructifer (Morus nigra &#8211; L), goji (Lycium barbarum L.), curmalul chinezesc (Zyzyphus jujuba), mo\u0219monul (Mespilus germanica), kaki (Diospyros kaki L.) \u0219i kiwi (Actinidia arguta) \u00een zonele de maxim\u0103 favorabilitate climatic\u0103, pentru a eviden\u021bia speciile \/ soiurile care dau cele mai bune rezultate at\u00e2t  [&#8230;]<\/p>\n","protected":false},"author":1,"featured_media":0,"parent":15026,"menu_order":3,"comment_status":"closed","ping_status":"closed","template":"","meta":{"ngg_post_thumbnail":0,"footnotes":""},"categories":[],"tags":[],"class_list":["post-15033","page","type-page","status-publish","hentry"],"_links":{"self":[{"href":"https:\/\/icdp.ro\/en\/wp-json\/wp\/v2\/pages\/15033","targetHints":{"allow":["GET"]}}],"collection":[{"href":"https:\/\/icdp.ro\/en\/wp-json\/wp\/v2\/pages"}],"about":[{"href":"https:\/\/icdp.ro\/en\/wp-json\/wp\/v2\/types\/page"}],"author":[{"embeddable":true,"href":"https:\/\/icdp.ro\/en\/wp-json\/wp\/v2\/users\/1"}],"replies":[{"embeddable":true,"href":"https:\/\/icdp.ro\/en\/wp-json\/wp\/v2\/comments?post=15033"}],"version-history":[{"count":2,"href":"https:\/\/icdp.ro\/en\/wp-json\/wp\/v2\/pages\/15033\/revisions"}],"predecessor-version":[{"id":15035,"href":"https:\/\/icdp.ro\/en\/wp-json\/wp\/v2\/pages\/15033\/revisions\/15035"}],"up":[{"embeddable":true,"href":"https:\/\/icdp.ro\/en\/wp-json\/wp\/v2\/pages\/15026"}],"wp:attachment":[{"href":"https:\/\/icdp.ro\/en\/wp-json\/wp\/v2\/media?parent=15033"}],"wp:term":[{"taxonomy":"category","embeddable":true,"href":"https:\/\/icdp.ro\/en\/wp-json\/wp\/v2\/categories?post=15033"},{"taxonomy":"post_tag","embeddable":true,"href":"https:\/\/icdp.ro\/en\/wp-json\/wp\/v2\/tags?post=15033"}],"curies":[{"name":"wp","href":"https:\/\/api.w.org\/{rel}","templated":true}]}}