{"id":15030,"date":"2026-02-12T15:06:42","date_gmt":"2026-02-12T13:06:42","guid":{"rendered":"https:\/\/icdp.ro\/?page_id=15030"},"modified":"2026-02-12T15:06:42","modified_gmt":"2026-02-12T13:06:42","slug":"rezumat","status":"publish","type":"page","link":"https:\/\/icdp.ro\/en\/cercetare\/proiecte-nationale\/plan-tematic-asas\/asas-5-2023-2027\/rezumat\/","title":{"rendered":"Rezumat"},"content":{"rendered":"<h5 class=\"fusion-responsive-typography-calculated\" data-fontsize=\"22\" data-lineheight=\"30.8px\">Rezumat<\/h5>\n<p>Proiectul va analiza comportarea unor specii nou introduse \u00een cultur\u0103: dudul fructifer (<em>Morus nigra <\/em>&#8211; L), goji (<em>Lycium barbarum<\/em> L.), curmalul chinezesc (<em>Zyzyphus jujuba<\/em>), mo\u0219monul (<em>Mespilus germanica<\/em>), kaki (<em>Diospyros kaki<\/em> L.) \u0219i kiwi (<em>Actinidia arguta<\/em>) \u00een zonele de maxim\u0103 favorabilitate climatic\u0103, pentru a eviden\u021bia speciile\/soiurile care dau cele mai bune rezultate at\u00e2t din punct de vedere productiv, c\u00e2t \u015fi calitativ, astfel \u00eenc\u00e2t s\u0103 orienteze cultura comercial\u0103, \u00een scopul ob\u0163inerii unui nivel tehnologic ridicat care s\u0103 poat\u0103 satisface exigen\u0163ele pie\u0163ei. Studiul efectuat ar putea s\u0103 duc\u0103 la l\u0103rgirea conveierului pomiculturii autohtone, adresat \u00een special fermelor mici \u015fi mijlocii, c\u0103rora s\u0103 le ofere solu\u021bii fezabile pentru a face fa\u0163\u0103 exigen\u0163elor pie\u0163ei.<\/p>\n<p>Gradul de complexitate al proiectului, reiese din faptul c\u0103 se vor studia mai multe specii\/ soiuri, fiecare prezent\u00e2nd particularit\u0103\u0163i de cre\u015ftere \u015fi fructificare, precum \u015fi cerin\u0163e diferite fa\u0163\u0103 de factorii de mediu, aspecte care trebuiesc cercetate, astfel \u00eenc\u00e2t, rezultatele s\u0103 fie concludente \u015fi aplicabile \u00een practica pomicol\u0103. Introducerea speciilor noi \u00een cultur\u0103, reprezint\u0103 un deziderat de mare importan\u0163\u0103, put\u00e2nd contribui la relansarea economic\u0103 a produc\u0163iei pomicole. \u00cen plus, speciile din str\u0103in\u0103tate, care nu au mai fost studiate \u00een Rom\u00e2nia, sunt apreciate ca fiind cu poten\u021bial fitofarmaceutic ridicat \u00een zonele de origine. Astfel, \u00eenainte de extinderea acestor specii \u00een cultur\u0103 este absolut necesar studiul comport\u0103rii lor \u00een ambientul agro-pomicol din Rom\u00e2nia.<\/p>\n<p>Gradul de noutate este dat de faptul c\u0103 se studiaz\u0103 specii, variet\u0103\u021bi, soiuri sau clone care nu au mai fost cercetate, sau care nu au fost amplasate conform unor studii \u0219tiin\u021bifice de testare a favorabilit\u0103\u021bii, p\u00e2n\u0103 acum, \u00een Rom\u00e2nia, confer\u0103 proiectului un pronun\u021bat caracter de noutate.<\/p>\n<p>&nbsp;<\/p>","protected":false},"excerpt":{"rendered":"<p>Rezumat Proiectul va analiza comportarea unor specii nou introduse \u00een cultur\u0103: dudul fructifer (Morus nigra &#8211; L), goji (Lycium barbarum L.), curmalul chinezesc (Zyzyphus jujuba), mo\u0219monul (Mespilus germanica), kaki (Diospyros kaki L.) \u0219i kiwi (Actinidia arguta) \u00een zonele de maxim\u0103 favorabilitate climatic\u0103, pentru a eviden\u021bia speciile\/soiurile care dau cele mai bune rezultate at\u00e2t din punct  [&#8230;]<\/p>\n","protected":false},"author":1,"featured_media":0,"parent":15026,"menu_order":2,"comment_status":"closed","ping_status":"closed","template":"","meta":{"ngg_post_thumbnail":0,"footnotes":""},"categories":[],"tags":[],"class_list":["post-15030","page","type-page","status-publish","hentry"],"_links":{"self":[{"href":"https:\/\/icdp.ro\/en\/wp-json\/wp\/v2\/pages\/15030","targetHints":{"allow":["GET"]}}],"collection":[{"href":"https:\/\/icdp.ro\/en\/wp-json\/wp\/v2\/pages"}],"about":[{"href":"https:\/\/icdp.ro\/en\/wp-json\/wp\/v2\/types\/page"}],"author":[{"embeddable":true,"href":"https:\/\/icdp.ro\/en\/wp-json\/wp\/v2\/users\/1"}],"replies":[{"embeddable":true,"href":"https:\/\/icdp.ro\/en\/wp-json\/wp\/v2\/comments?post=15030"}],"version-history":[{"count":2,"href":"https:\/\/icdp.ro\/en\/wp-json\/wp\/v2\/pages\/15030\/revisions"}],"predecessor-version":[{"id":15032,"href":"https:\/\/icdp.ro\/en\/wp-json\/wp\/v2\/pages\/15030\/revisions\/15032"}],"up":[{"embeddable":true,"href":"https:\/\/icdp.ro\/en\/wp-json\/wp\/v2\/pages\/15026"}],"wp:attachment":[{"href":"https:\/\/icdp.ro\/en\/wp-json\/wp\/v2\/media?parent=15030"}],"wp:term":[{"taxonomy":"category","embeddable":true,"href":"https:\/\/icdp.ro\/en\/wp-json\/wp\/v2\/categories?post=15030"},{"taxonomy":"post_tag","embeddable":true,"href":"https:\/\/icdp.ro\/en\/wp-json\/wp\/v2\/tags?post=15030"}],"curies":[{"name":"wp","href":"https:\/\/api.w.org\/{rel}","templated":true}]}}