{"id":15022,"date":"2026-02-12T15:03:02","date_gmt":"2026-02-12T13:03:02","guid":{"rendered":"https:\/\/icdp.ro\/?page_id=15022"},"modified":"2026-02-12T15:03:02","modified_gmt":"2026-02-12T13:03:02","slug":"schema-de-realizare","status":"publish","type":"page","link":"https:\/\/icdp.ro\/en\/cercetare\/proiecte-nationale\/plan-tematic-asas\/asas-4-2023-2027\/schema-de-realizare\/","title":{"rendered":"Schema de realizare"},"content":{"rendered":"<h5 class=\"fusion-responsive-typography-calculated\" data-fontsize=\"22\" data-lineheight=\"30.8px\">Schema de realizare<\/h5>\n<div class=\"table-1\">\n<table>\n<tbody>\n<tr>\n<td rowspan=\"2\" width=\"36\"><strong>No. crt.<\/strong><\/td>\n<td rowspan=\"2\" width=\"45\"><strong>Anul<\/strong><\/td>\n<td rowspan=\"2\" width=\"59\"><strong>Luna<\/strong><\/td>\n<td colspan=\"2\" width=\"367\"><strong>&nbsp;<\/strong><\/td>\n<td rowspan=\"2\" width=\"87\"><strong>Valoare<\/strong><\/p>\n<p><strong>lei<\/strong><\/td>\n<td rowspan=\"2\" width=\"85\"><strong>Termen de predare<\/strong><\/td>\n<\/tr>\n<tr>\n<td width=\"47\"><strong>Cod <\/strong><\/p>\n<p><strong>faza<\/strong><\/td>\n<td width=\"319\"><strong>Denumire faza<\/strong><\/td>\n<\/tr>\n<tr>\n<td width=\"36\">1.<\/td>\n<td width=\"45\">Anul 1<\/td>\n<td width=\"59\">Luna<\/p>\n<p>1-12<\/td>\n<td width=\"47\">I<\/td>\n<td width=\"319\"><strong>Documentare, elaborare \u0219i experimentare model experimental<\/strong><\/p>\n<p>1.1. Colectarea datelor referitoare la factorii biologici de d\u0103unare \u00een arealele stabilite, \u00een corela\u021bie cu factorii de mediu.<\/p>\n<p>1.2. &nbsp;Identificarea organismelor d\u0103un\u0103toare din<\/p>\n<p>planta\u021biile pomicole.<\/p>\n<p>1.3. &nbsp;Elaborarea \u0219i experimentarea modelului de<\/p>\n<p>cercetare.<\/p>\n<p><em>Raport de activitate faza I<\/em><\/td>\n<td width=\"87\">1.900.000<\/td>\n<td width=\"85\">15.12.2023<\/td>\n<\/tr>\n<tr>\n<td width=\"36\">2.<\/td>\n<td width=\"45\">Anul 2<\/td>\n<td width=\"59\">Luna<\/p>\n<p>13-24<\/td>\n<td width=\"47\">II<\/td>\n<td width=\"319\"><strong>Experimentarea m\u0103surilor de prevenire \u0219i combatere \u00een sistem ecologic a organismelor d\u0103un\u0103toare<\/strong><\/p>\n<p>2.1. &nbsp;Colectarea datelor referitoare la factorii<\/p>\n<p>biologici de d\u0103unare \u00een arealele stabilite, \u00een corela\u021bie cu factorii de mediu.<\/p>\n<p>2.2. &nbsp;Experimentarea modelelor propuse \u015fi<\/p>\n<p>evaluarea impactului m\u0103surilor de combatere ecologic\u0103 a organismelor d\u0103un\u0103toare.<\/p>\n<p><em>Raport de activitate faza&nbsp; II<\/em><\/td>\n<td width=\"87\">2.000.000<\/td>\n<td width=\"85\">15.12.2024<\/td>\n<\/tr>\n<tr>\n<td width=\"36\">3.<\/td>\n<td width=\"45\">Anul 3<\/td>\n<td width=\"59\">Luna<\/p>\n<p>25-36<\/td>\n<td width=\"47\">III<\/td>\n<td width=\"319\"><strong>Experimentarea m\u0103surilor de prevenire \u0219i combatere \u00een sistem ecologic a organismelor d\u0103un\u0103toare<\/strong><\/p>\n<p>3.1. Colectarea datelor referitoare la factorii biologici de d\u0103unare \u00een arealele stabilite, \u00een corela\u021bie cu factorii de mediu.<\/p>\n<p>3.2.&nbsp; Experimentarea modelelor propuse \u015fi<\/p>\n<p>evaluarea impactului m\u0103surilor de combatere ecologic\u0103 a organismelor d\u0103un\u0103toare.<\/p>\n<p><em>Raport de activitate faza&nbsp; III<\/em><\/td>\n<td width=\"87\">2.000.000<\/td>\n<td width=\"85\">15.12.2025<\/td>\n<\/tr>\n<tr>\n<td width=\"36\">4.<\/td>\n<td width=\"45\">Anul 4<\/td>\n<td width=\"59\">Luna<\/p>\n<p>37-48<\/td>\n<td width=\"47\">IV<\/td>\n<td width=\"319\"><strong>Experimentarea m\u0103surilor de prevenire \u0219i combatere \u00een sistem ecologic a organismelor d\u0103un\u0103toare<\/strong><\/p>\n<p>4.1. Colectarea datelor referitoare la factorii biologici de d\u0103unare \u00een arealele stabilite, \u00een corela\u021bie cu factorii de mediu.<\/p>\n<p>4.2.&nbsp; Experimentarea modelelor propuse \u015fi<\/p>\n<p>evaluarea impactului m\u0103surilor de combatere ecologic\u0103 a organismelor d\u0103un\u0103toare.<\/p>\n<p><em>Raport de activitate faza&nbsp; IV<\/em><\/td>\n<td width=\"87\">2.100.000<\/td>\n<td width=\"85\">15.12.2026<\/td>\n<\/tr>\n<tr>\n<td width=\"36\">5.<\/td>\n<td width=\"45\">Anul 5<\/td>\n<td width=\"59\">Luna<\/p>\n<p>49-60<\/td>\n<td width=\"47\">V<\/td>\n<td width=\"319\"><strong>Elaborarea secven\u021belor tehnologice ecologice<\/strong><\/p>\n<p>5.1. Definitivarea bazei de date privind efectul m\u0103surilor de control a organismelor d\u0103un\u0103toare, \u00een vederea elabor\u0103rii secven\u0163elor tehnologice de prevenire \u0219i combatere a acestora \u00een planta\u0163iile de m\u0103r, alun \u0219i aronia, \u00een sistem ecologic.<\/p>\n<p>5.2. Diseminarea rezultatelor.<\/td>\n<td width=\"87\">2.100.000<\/td>\n<td width=\"85\">15.12.2027<\/td>\n<\/tr>\n<tr>\n<td colspan=\"3\" width=\"140\"><strong>TOTAL GENERAL<\/strong><\/td>\n<td colspan=\"2\" width=\"367\"><strong>Raport final<\/strong><\/td>\n<td width=\"87\"><strong>10.100.000<\/strong><\/td>\n<td width=\"85\"><strong>15.12.2027<\/strong><\/td>\n<\/tr>\n<\/tbody>\n<\/table>\n<\/div>","protected":false},"excerpt":{"rendered":"<p>Schema de realizare Nr. crt. Anul Luna &nbsp; Valoare lei Termen de predare Cod faza Denumire faza 1. Anul 1 Luna 1-12 I Documentare, elaborare \u0219i experimentare model experimental 1.1. Colectarea datelor referitoare la factorii biologici de d\u0103unare \u00een arealele stabilite, \u00een corela\u021bie cu factorii de mediu. 1.2. &nbsp;Identificarea organismelor d\u0103un\u0103toare din planta\u021biile pomicole. 1.3.  [&#8230;]<\/p>\n","protected":false},"author":1,"featured_media":0,"parent":15014,"menu_order":4,"comment_status":"closed","ping_status":"closed","template":"","meta":{"ngg_post_thumbnail":0,"footnotes":""},"categories":[],"tags":[],"class_list":["post-15022","page","type-page","status-publish","hentry"],"_links":{"self":[{"href":"https:\/\/icdp.ro\/en\/wp-json\/wp\/v2\/pages\/15022","targetHints":{"allow":["GET"]}}],"collection":[{"href":"https:\/\/icdp.ro\/en\/wp-json\/wp\/v2\/pages"}],"about":[{"href":"https:\/\/icdp.ro\/en\/wp-json\/wp\/v2\/types\/page"}],"author":[{"embeddable":true,"href":"https:\/\/icdp.ro\/en\/wp-json\/wp\/v2\/users\/1"}],"replies":[{"embeddable":true,"href":"https:\/\/icdp.ro\/en\/wp-json\/wp\/v2\/comments?post=15022"}],"version-history":[{"count":1,"href":"https:\/\/icdp.ro\/en\/wp-json\/wp\/v2\/pages\/15022\/revisions"}],"predecessor-version":[{"id":15023,"href":"https:\/\/icdp.ro\/en\/wp-json\/wp\/v2\/pages\/15022\/revisions\/15023"}],"up":[{"embeddable":true,"href":"https:\/\/icdp.ro\/en\/wp-json\/wp\/v2\/pages\/15014"}],"wp:attachment":[{"href":"https:\/\/icdp.ro\/en\/wp-json\/wp\/v2\/media?parent=15022"}],"wp:term":[{"taxonomy":"category","embeddable":true,"href":"https:\/\/icdp.ro\/en\/wp-json\/wp\/v2\/categories?post=15022"},{"taxonomy":"post_tag","embeddable":true,"href":"https:\/\/icdp.ro\/en\/wp-json\/wp\/v2\/tags?post=15022"}],"curies":[{"name":"wp","href":"https:\/\/api.w.org\/{rel}","templated":true}]}}