{"id":15005,"date":"2026-02-12T14:55:00","date_gmt":"2026-02-12T12:55:00","guid":{"rendered":"https:\/\/icdp.ro\/?page_id=15005"},"modified":"2026-02-12T14:55:00","modified_gmt":"2026-02-12T12:55:00","slug":"rezumat","status":"publish","type":"page","link":"https:\/\/icdp.ro\/en\/cercetare\/proiecte-nationale\/plan-tematic-asas\/asas-3-2023-2027\/rezumat\/","title":{"rendered":"Rezumat"},"content":{"rendered":"<h5 class=\"fusion-responsive-typography-calculated\" data-fontsize=\"22\" data-lineheight=\"30.8px\">Rezumat<\/h5>\n<p>&nbsp;&nbsp;&nbsp;&nbsp;&nbsp;&nbsp; \u00cen conformitate cu legisla\u021bia \u00een vigoare la momentul actual O.M. 784\/2016 privind cerin\u0163ele specifice pentru genurile \u015fi speciile de plante fructifere men\u0163ionate \u00een anexa I la Directiva 2008\/90\/CE a Consiliului din 29 septembrie 2008 privind comercializarea materialului de \u00eenmul\u0163ire \u015fi plantare fructifer destinat produc\u0163iei de fructe, cerin\u0163ele specifice pe care trebuie s\u0103 le \u00eendeplineasc\u0103 furnizorii \u015fi normele detaliate privind inspec\u0163iile oficiale care intr\u0103 \u00een domeniul de aplicare al Directivei 2008\/90\/CE&nbsp; \u0219i O.M.<a href=\"showRel:3698485%20-1\">119\/2020<\/a>&#8211; Anexa <a href=\"showRel:3713291%20-1\">2020<\/a>-consolidare la O.M. 754\/2016, protocoalele privind \u00eenmul\u021birea plantelor mam\u0103 sunt cele recunoscute de EPPO (European and Mediteranean Plant Protection Organization) sau alte protocoale care sunt recunoscute la nivel interna\u021bional. Dac\u0103 nu exist\u0103 astfel de protocoale, se aplic\u0103 protocoalele relevante stabilite la nivel na\u0163ional.<\/p>\n<p>Tematica acestui proiect urm\u0103re\u015fte aplicarea protocoalelor \u00een vigoare cu optimiz\u0103rile care se impun pentru asigurarea calit\u0103\u0163ii \u015fi competitivit\u0103\u0163ii materialului de \u00eenmul\u021bire.<\/p>\n<p>&nbsp;&nbsp;&nbsp;&nbsp;&nbsp;&nbsp; Din p\u0103cate formulele de succes pentru \u00eenmul\u021birea clasic\u0103 sau prin culturi <em>culture<\/em> nu au aplicare universal\u0103 ci se refer\u0103 la anumite specii de plante sau genotipuri, ceea ce impune c\u0103utarea formulei optime de substrat\/mediu de cultur\u0103 pentru fiecare specie\/genotip \u00een parte, epoc\u0103 optim\u0103 de \u00eenmul\u021bire, etc.<\/p>\n<p>&nbsp;&nbsp;&nbsp;&nbsp;&nbsp;&nbsp;&nbsp; \u00cen prezent, la noi \u00een \u021bar\u0103 cantit\u0103\u021bi importante de material s\u0103ditor la speciile s\u00e2mburoase se ob\u021bin \u00eenc\u0103 prin utilizarea portaltoilor generativi. Utilizarea portaltoilor vegetativi ob\u021binu\u021bi din produc\u021bie rom\u00e2neasc\u0103 este posibil\u0103 numai la ICDP Pite\u0219ti-M\u0103r\u0103cineni care de\u021bine baza material\u0103 necesar\u0103 (sere \u0219i solarii cu cea\u021b\u0103 artificial\u0103). Perfec\u021bionarea acestei tehnologii \u0219i extinderea \u0219i pentru alte genotipuri dec\u00e2t cele \u00eenmul\u021bite p\u00e2n\u0103 \u00een prezent vegetative ar aduce un plus at\u00e2t pentru comunitatea \u0219tiin\u021bific\u0103 c\u00e2t \u0219i pentru practic\u0103. Nu \u00een ultimul r\u00e2nd av\u00e2nd ca baz\u0103 un laborator de culturi <em>culture<\/em>, cercet\u0103rile se pot derula la unele specii \u00een condi\u021bii controlate: fotoperioad\u0103, temperatur\u0103, factor nutritiv.<\/p>\n<p>&nbsp;<\/p>","protected":false},"excerpt":{"rendered":"<p>Rezumat &nbsp;&nbsp;&nbsp;&nbsp;&nbsp;&nbsp; \u00cen conformitate cu legisla\u021bia \u00een vigoare la momentul actual O.M. 784\/2016 privind cerin\u0163ele specifice pentru genurile \u015fi speciile de plante fructifere men\u0163ionate \u00een anexa I la Directiva 2008\/90\/CE a Consiliului din 29 septembrie 2008 privind comercializarea materialului de \u00eenmul\u0163ire \u015fi plantare fructifer destinat produc\u0163iei de fructe, cerin\u0163ele specifice pe care trebuie s\u0103 le  [&#8230;]<\/p>\n","protected":false},"author":1,"featured_media":0,"parent":15000,"menu_order":2,"comment_status":"closed","ping_status":"closed","template":"","meta":{"ngg_post_thumbnail":0,"footnotes":""},"categories":[],"tags":[],"class_list":["post-15005","page","type-page","status-publish","hentry"],"_links":{"self":[{"href":"https:\/\/icdp.ro\/en\/wp-json\/wp\/v2\/pages\/15005","targetHints":{"allow":["GET"]}}],"collection":[{"href":"https:\/\/icdp.ro\/en\/wp-json\/wp\/v2\/pages"}],"about":[{"href":"https:\/\/icdp.ro\/en\/wp-json\/wp\/v2\/types\/page"}],"author":[{"embeddable":true,"href":"https:\/\/icdp.ro\/en\/wp-json\/wp\/v2\/users\/1"}],"replies":[{"embeddable":true,"href":"https:\/\/icdp.ro\/en\/wp-json\/wp\/v2\/comments?post=15005"}],"version-history":[{"count":2,"href":"https:\/\/icdp.ro\/en\/wp-json\/wp\/v2\/pages\/15005\/revisions"}],"predecessor-version":[{"id":15007,"href":"https:\/\/icdp.ro\/en\/wp-json\/wp\/v2\/pages\/15005\/revisions\/15007"}],"up":[{"embeddable":true,"href":"https:\/\/icdp.ro\/en\/wp-json\/wp\/v2\/pages\/15000"}],"wp:attachment":[{"href":"https:\/\/icdp.ro\/en\/wp-json\/wp\/v2\/media?parent=15005"}],"wp:term":[{"taxonomy":"category","embeddable":true,"href":"https:\/\/icdp.ro\/en\/wp-json\/wp\/v2\/categories?post=15005"},{"taxonomy":"post_tag","embeddable":true,"href":"https:\/\/icdp.ro\/en\/wp-json\/wp\/v2\/tags?post=15005"}],"curies":[{"name":"wp","href":"https:\/\/api.w.org\/{rel}","templated":true}]}}