{"id":14998,"date":"2026-02-12T14:50:17","date_gmt":"2026-02-12T12:50:17","guid":{"rendered":"https:\/\/icdp.ro\/?page_id=14998"},"modified":"2026-02-12T14:50:17","modified_gmt":"2026-02-12T12:50:17","slug":"rezultate","status":"publish","type":"page","link":"https:\/\/icdp.ro\/en\/cercetare\/proiecte-nationale\/plan-tematic-asas\/asas-2-2023-2027\/rezultate\/","title":{"rendered":"Achievements:"},"content":{"rendered":"<h5 class=\"fusion-responsive-typography-calculated\" data-fontsize=\"22\" data-lineheight=\"30.8px\">Achievements:<\/h5>\n<p>&#8211; Secven\u021be tehnologice \u00eembun\u0103t\u0103\u021bite, cu efect de diminuare a efectelor stresului abiotic, prin suplimentarea fertirig\u0103rii de baz\u0103, \u00een livezile de cultur\u0103 performant\u0103 a m\u0103rului, cire\u0219ului, afinului \u0219i alunului;<br \/>\n&#8211;&nbsp; Stabilirea soiurilor cu rezisten\u021b\u0103 la stresul abiotic;<br \/>\n&#8211; Stabilirea indicatorilor specifici de diagnosticarea timpurie a stresului abiotic \u00een livezile de m\u0103r, cire\u0219, afin \u0219i alun.<\/p>","protected":false},"excerpt":{"rendered":"<p>Rezultate &#8211; Secven\u021be tehnologice \u00eembun\u0103t\u0103\u021bite, cu efect de diminuare a efectelor stresului abiotic, prin suplimentarea fertirig\u0103rii de baz\u0103, \u00een livezile de cultur\u0103 performant\u0103 a m\u0103rului, cire\u0219ului, afinului \u0219i alunului; &#8211;&nbsp; Stabilirea soiurilor cu rezisten\u021b\u0103 la stresul abiotic; &#8211; Stabilirea indicatorilor specifici de diagnosticarea timpurie a stresului abiotic \u00een livezile de m\u0103r, cire\u0219, afin \u0219i alun.<\/p>","protected":false},"author":1,"featured_media":0,"parent":14986,"menu_order":1,"comment_status":"closed","ping_status":"closed","template":"","meta":{"ngg_post_thumbnail":0,"footnotes":""},"categories":[],"tags":[],"class_list":["post-14998","page","type-page","status-publish","hentry"],"_links":{"self":[{"href":"https:\/\/icdp.ro\/en\/wp-json\/wp\/v2\/pages\/14998","targetHints":{"allow":["GET"]}}],"collection":[{"href":"https:\/\/icdp.ro\/en\/wp-json\/wp\/v2\/pages"}],"about":[{"href":"https:\/\/icdp.ro\/en\/wp-json\/wp\/v2\/types\/page"}],"author":[{"embeddable":true,"href":"https:\/\/icdp.ro\/en\/wp-json\/wp\/v2\/users\/1"}],"replies":[{"embeddable":true,"href":"https:\/\/icdp.ro\/en\/wp-json\/wp\/v2\/comments?post=14998"}],"version-history":[{"count":1,"href":"https:\/\/icdp.ro\/en\/wp-json\/wp\/v2\/pages\/14998\/revisions"}],"predecessor-version":[{"id":14999,"href":"https:\/\/icdp.ro\/en\/wp-json\/wp\/v2\/pages\/14998\/revisions\/14999"}],"up":[{"embeddable":true,"href":"https:\/\/icdp.ro\/en\/wp-json\/wp\/v2\/pages\/14986"}],"wp:attachment":[{"href":"https:\/\/icdp.ro\/en\/wp-json\/wp\/v2\/media?parent=14998"}],"wp:term":[{"taxonomy":"category","embeddable":true,"href":"https:\/\/icdp.ro\/en\/wp-json\/wp\/v2\/categories?post=14998"},{"taxonomy":"post_tag","embeddable":true,"href":"https:\/\/icdp.ro\/en\/wp-json\/wp\/v2\/tags?post=14998"}],"curies":[{"name":"wp","href":"https:\/\/api.w.org\/{rel}","templated":true}]}}