{"id":14984,"date":"2026-02-12T14:40:46","date_gmt":"2026-02-12T12:40:46","guid":{"rendered":"https:\/\/icdp.ro\/?page_id=14984"},"modified":"2026-02-12T14:40:46","modified_gmt":"2026-02-12T12:40:46","slug":"rezultate","status":"publish","type":"page","link":"https:\/\/icdp.ro\/en\/cercetare\/proiecte-nationale\/plan-tematic-asas\/asas-1-2023-2027\/rezultate\/","title":{"rendered":"Achievements:"},"content":{"rendered":"<h5>Achievements:<\/h5>\n<p>&#8211; Men\u021binerea \u0219i evaluarea fondului de germoplasm\u0103 la speciile pomicole (m\u0103r, p\u0103r, prun, cire\u0219, vi\u0219in, nuc, alun, arbu\u0219ti fructiferi, c\u0103p\u0219un, portaltoi)<br \/>\n&#8211; L\u0103rgirea bazei de selec\u021bie prin crearea de noi popula\u021bii hibride, utilizabile \u00een programele viitoare de ameliorare la speciile pomicole (soiuri \u0219i portaltoi)<br \/>\n&#8211; Identificarea \u0219i caracterizarea (fenotipic\u0103 \u0219i genotipic\u0103) a celor mai valoroase genotipuri sub aspectul calit\u0103\u021bii fructului \u0219i comport\u0103rii la atacul agen\u021bilor patogeni specifici<br \/>\n&#8211; Crearea unor genotipuri rezistente la boli specifice, cu fructe de calitate, pentru asigurarea competitivit\u0103\u0163ii pe pia\u0163a intern\u0103 \u015fi interna\u0163ional\u0103<\/p>","protected":false},"excerpt":{"rendered":"<p>Rezultate &#8211; Men\u021binerea \u0219i evaluarea fondului de germoplasm\u0103 la speciile pomicole (m\u0103r, p\u0103r, prun, cire\u0219, vi\u0219in, nuc, alun, arbu\u0219ti fructiferi, c\u0103p\u0219un, portaltoi) &#8211; L\u0103rgirea bazei de selec\u021bie prin crearea de noi popula\u021bii hibride, utilizabile \u00een programele viitoare de ameliorare la speciile pomicole (soiuri \u0219i portaltoi) &#8211; Identificarea \u0219i caracterizarea (fenotipic\u0103 \u0219i genotipic\u0103) a celor mai  [&#8230;]<\/p>\n","protected":false},"author":1,"featured_media":0,"parent":14961,"menu_order":4,"comment_status":"closed","ping_status":"closed","template":"","meta":{"ngg_post_thumbnail":0,"footnotes":""},"categories":[],"tags":[],"class_list":["post-14984","page","type-page","status-publish","hentry"],"_links":{"self":[{"href":"https:\/\/icdp.ro\/en\/wp-json\/wp\/v2\/pages\/14984","targetHints":{"allow":["GET"]}}],"collection":[{"href":"https:\/\/icdp.ro\/en\/wp-json\/wp\/v2\/pages"}],"about":[{"href":"https:\/\/icdp.ro\/en\/wp-json\/wp\/v2\/types\/page"}],"author":[{"embeddable":true,"href":"https:\/\/icdp.ro\/en\/wp-json\/wp\/v2\/users\/1"}],"replies":[{"embeddable":true,"href":"https:\/\/icdp.ro\/en\/wp-json\/wp\/v2\/comments?post=14984"}],"version-history":[{"count":1,"href":"https:\/\/icdp.ro\/en\/wp-json\/wp\/v2\/pages\/14984\/revisions"}],"predecessor-version":[{"id":14985,"href":"https:\/\/icdp.ro\/en\/wp-json\/wp\/v2\/pages\/14984\/revisions\/14985"}],"up":[{"embeddable":true,"href":"https:\/\/icdp.ro\/en\/wp-json\/wp\/v2\/pages\/14961"}],"wp:attachment":[{"href":"https:\/\/icdp.ro\/en\/wp-json\/wp\/v2\/media?parent=14984"}],"wp:term":[{"taxonomy":"category","embeddable":true,"href":"https:\/\/icdp.ro\/en\/wp-json\/wp\/v2\/categories?post=14984"},{"taxonomy":"post_tag","embeddable":true,"href":"https:\/\/icdp.ro\/en\/wp-json\/wp\/v2\/tags?post=14984"}],"curies":[{"name":"wp","href":"https:\/\/api.w.org\/{rel}","templated":true}]}}