{"id":14981,"date":"2026-02-12T14:38:54","date_gmt":"2026-02-12T12:38:54","guid":{"rendered":"https:\/\/icdp.ro\/?page_id=14981"},"modified":"2026-02-12T14:39:56","modified_gmt":"2026-02-12T12:39:56","slug":"schema-de-realizare","status":"publish","type":"page","link":"https:\/\/icdp.ro\/en\/cercetare\/proiecte-nationale\/plan-tematic-asas\/asas-1-2023-2027\/schema-de-realizare\/","title":{"rendered":"Schema de realizare"},"content":{"rendered":"<h5>Schema de realizare<\/h5>\n<div class=\"table-1\">\n<table>\n<tbody>\n<tr>\n<td width=\"12%\"><strong>Anul<\/strong><\/td>\n<td width=\"12%\"><strong>Cod faza<\/strong><\/td>\n<td width=\"75%\"><strong>Denumire faza<\/strong><\/td>\n<\/tr>\n<tr>\n<td width=\"12%\">2023<\/td>\n<td width=\"12%\">I<\/td>\n<td width=\"75%\"><strong>Documentare, analiz\u0103, elaborare model experimental<\/strong><\/p>\n<p>1.1. Inventarierea resursele genetice pomicole pe plan na\u021bional<\/p>\n<p>1.2. Documentare \u0219i analiz\u0103 privind descriptorii folosi\u021bi pe plan international pentru caracterizarea resurselor genetice<\/p>\n<p>Raport de activitate faza I<\/td>\n<\/tr>\n<tr>\n<td width=\"12%\">2024<\/td>\n<td width=\"12%\">II<\/td>\n<td width=\"75%\"><strong>Experimentare model de cercetare<\/strong><\/p>\n<p>2.1. Evaluarea diversit\u0103\u0163ii genetice autohtone<\/p>\n<p>2.2. Crearea de noi popula\u021bii hibride pentru l\u0103rgirea bazei de selec\u021bie \u0219i selec\u021bia pozitiv\u0103 \u00een mas\u0103<\/p>\n<p>Raport de activitate faza II<\/td>\n<\/tr>\n<tr>\n<td width=\"12%\">2025<\/td>\n<td width=\"12%\">III<\/td>\n<td width=\"75%\"><strong>Completarea colec\u021biilor pomologice \u0219i l\u0103rgirea bazei de selec\u0163ie prin crearea de noi popula\u0163ii hibride<\/strong><\/p>\n<p>3.1. Realizarea de noi combina\u0163ii hibride<\/p>\n<p>3.2. Men\u021binerea \u0219i completarea colec\u021biilor pomicole<\/p>\n<p>Raport de activitate faza III<\/td>\n<\/tr>\n<tr>\n<td width=\"12%\">2026<\/td>\n<td width=\"12%\">IV<\/td>\n<td width=\"75%\"><strong>Completarea colec\u021biilor pomologice \u0219i l\u0103rgirea bazei de selec\u0163ie prin crearea de noi popula\u0163ii hibride<\/strong><\/p>\n<p>3.1. Realizarea de noi combina\u0163ii hibride<\/p>\n<p>3.2. Men\u021binerea \u0219i completarea colec\u021biilor pomicole<\/p>\n<p>Raport de activitate faza IV<\/td>\n<\/tr>\n<tr>\n<td width=\"12%\">2027<\/td>\n<td width=\"12%\">V<\/td>\n<td width=\"75%\"><strong>Identificarea celor mai valoroase genotipuri sub aspectul calit\u0103\u0163ii fructului \u015fi comport\u0103rii la agen\u021bi patogeni specifici<\/strong><\/p>\n<p>5.1. Caracterizarea variabilit\u0103\u0163ii genotipice pentru rezisten\u0163a la principalele boli foliare (screening-ul unor gene majore de rezisten\u021b\u0103)<\/p>\n<p>5.2. Verificarea performan\u021belor agro-productive \u00een vederea identific\u0103rii unor noi soiuri\/portaltoi, adecvate cerin\u021belor pomiculturii durabile<\/p>\n<p>5.3. Diseminarea rezultatelor \u0219tiin\u021bifice<\/p>\n<p>Raport de activitate faza V<\/td>\n<\/tr>\n<tr>\n<td width=\"12%\">&nbsp;<\/td>\n<td width=\"12%\">&nbsp;<\/td>\n<td width=\"75%\"><strong>Raport final<\/strong><\/td>\n<\/tr>\n<\/tbody>\n<\/table>\n<\/div>\n<p>&nbsp;<\/p>","protected":false},"excerpt":{"rendered":"<p>Schema de realizare Anul Cod faza Denumire faza 2023 I Documentare, analiz\u0103, elaborare model experimental 1.1. Inventarierea resursele genetice pomicole pe plan na\u021bional 1.2. Documentare \u0219i analiz\u0103 privind descriptorii folosi\u021bi pe plan international pentru caracterizarea resurselor genetice Raport de activitate faza I 2024 II Experimentare model de cercetare 2.1. Evaluarea diversit\u0103\u0163ii genetice autohtone 2.2. Crearea  [&#8230;]<\/p>\n","protected":false},"author":1,"featured_media":0,"parent":14961,"menu_order":2,"comment_status":"closed","ping_status":"closed","template":"","meta":{"ngg_post_thumbnail":0,"footnotes":""},"categories":[],"tags":[],"class_list":["post-14981","page","type-page","status-publish","hentry"],"_links":{"self":[{"href":"https:\/\/icdp.ro\/en\/wp-json\/wp\/v2\/pages\/14981","targetHints":{"allow":["GET"]}}],"collection":[{"href":"https:\/\/icdp.ro\/en\/wp-json\/wp\/v2\/pages"}],"about":[{"href":"https:\/\/icdp.ro\/en\/wp-json\/wp\/v2\/types\/page"}],"author":[{"embeddable":true,"href":"https:\/\/icdp.ro\/en\/wp-json\/wp\/v2\/users\/1"}],"replies":[{"embeddable":true,"href":"https:\/\/icdp.ro\/en\/wp-json\/wp\/v2\/comments?post=14981"}],"version-history":[{"count":2,"href":"https:\/\/icdp.ro\/en\/wp-json\/wp\/v2\/pages\/14981\/revisions"}],"predecessor-version":[{"id":14983,"href":"https:\/\/icdp.ro\/en\/wp-json\/wp\/v2\/pages\/14981\/revisions\/14983"}],"up":[{"embeddable":true,"href":"https:\/\/icdp.ro\/en\/wp-json\/wp\/v2\/pages\/14961"}],"wp:attachment":[{"href":"https:\/\/icdp.ro\/en\/wp-json\/wp\/v2\/media?parent=14981"}],"wp:term":[{"taxonomy":"category","embeddable":true,"href":"https:\/\/icdp.ro\/en\/wp-json\/wp\/v2\/categories?post=14981"},{"taxonomy":"post_tag","embeddable":true,"href":"https:\/\/icdp.ro\/en\/wp-json\/wp\/v2\/tags?post=14981"}],"curies":[{"name":"wp","href":"https:\/\/api.w.org\/{rel}","templated":true}]}}