{"id":14974,"date":"2026-02-12T14:36:42","date_gmt":"2026-02-12T12:36:42","guid":{"rendered":"https:\/\/icdp.ro\/?page_id=14974"},"modified":"2026-02-12T14:37:01","modified_gmt":"2026-02-12T12:37:01","slug":"rezumat","status":"publish","type":"page","link":"https:\/\/icdp.ro\/en\/cercetare\/proiecte-nationale\/plan-tematic-asas\/asas-1-2023-2027\/rezumat\/","title":{"rendered":"Rezumat"},"content":{"rendered":"<h5>Rezumat<\/h5>\n<p>\u00cen pomicultur\u0103, conservarea genetic\u0103 presupune p\u0103strarea \u00eentregului fond de plante, pomi \u015fi arbu\u015fti fructiferi, de la formele s\u0103lbatice p\u00e2n\u0103 la cele ameliorate, at\u00e2t sub aspectul viabilit\u0103\u0163ii, c\u00e2t \u015fi al integrit\u0103\u0163ii lor genetice.<\/p>\n<p>Fondul de germoplasm\u0103 pomicol\u0103 este parte integrant\u0103 a biodiversit\u0103\u021bii vegetale, care s-a dezvoltat de-a lungul timpului, at\u00e2t pe cale spontan\u0103, c\u00e2t \u0219i controlat \u0219i care st\u0103 la baza \u00eembun\u0103t\u0103\u021birii permanente a sortimentelor cultivate. Pornind de la valorificarea materialului biologic, colectat \u00een b\u0103nci de gene \u0219i reprezentat de un num\u0103r mare de genotipuri existente \u00een c\u00e2mpurile experimentale, specii, soiuri, selec\u021bii, hibrizi cu o genealogie complex\u0103, cu zestre ereditar\u0103 unic\u0103, afla\u021bi \u00een genera\u021bii avansate de hibrid\u0103ri, retro\u00eencruci\u0219\u0103ri \u0219i selec\u021bie, exist\u0103 condi\u021bii pentru ob\u021binerea unor rezultate deosebite \u00een ameliorarea soiurilor \u0219i portaltoilor pomicoli.<\/p>\n<p>\u00cen acest context, importan\u021ba soiului\/portaltoiului, ca factor de \u00eennoire \u0219i progres, devine din ce \u00een ce mai mare, iar materialul existent asigur\u0103 premizele ob\u021binerii unor crea\u021bii durabile, adecvate conceptului de pomicultur\u0103 sustenabil\u0103, cu o bun\u0103 comportare la atacul de boli \u0219i d\u0103un\u0103tori, plasticitate ecologic\u0103, poten\u021bial biologic, calitate foarte bun\u0103 a fructelor, conform cerin\u021belor pomiculturii moderne \u0219i exigen\u021belor consumatorilor, industriei de prelucrare a fructelor \u0219i, respectiv, societ\u0103\u021bii.<\/p>\n<p>Pentru speciile pomicole, conservarea <em>ex situ<\/em> a ap\u0103rut din necesitatea obiectiv\u0103 de a diminua fenomenul de eroziune genetic\u0103 \u0219i este sus\u021binut\u0103 de argumentul c\u0103, \u00eenmul\u021birea acestor genotipuri de poate face numai pe cale vegetativ\u0103 (buta\u0219i, altoaie, stoloni, drajoni, meristeme).<\/p>\n<p>Proiectul va aborda o problematic\u0103 complex\u0103 \u0219i anume: conservarea resurselor genetice pomicole ca surs\u0103 de gene pentru ameliorarea pomilor, arbu\u0219tilor fructiferi \u0219i portaltoilor.&nbsp; Vor fi ob\u0163inute rezultate privind comportarea fenotipic\u0103 \u015fi genotipic\u0103 la unele boli specifice a descenden\u0163ilor rezulta\u0163i din numeroase combina\u0163ii hibride (eviden\u021bierea genelor de rezisten\u021b\u0103 cu ajutorul tehnicii moleculare PCR). Caracteriz\u0103rile privind calitatea fructelor \u015fi capacitatea lor de p\u0103strare va \u00eentregi evaluarea materialului biologic, av\u00e2nd o contribu\u0163ie important\u0103 \u00een vederea recomand\u0103rii unor genotipuri de caracter care \u00eenglobeaz\u0103 gene de rezisten\u021b\u0103 cu \u00eensu\u015firi de calitate.<\/p>\n<p>Proiectul se va \u00eencheia prin ob\u0163inerea unor date rela\u0163ionale: rezisten\u0163\u0103 la boli specifice \u2013 calitate fruct, caracterizare complex\u0103 a materialului genetic studiat. Cercet\u0103rile vor fi orientate spre identificarea unor genotipuri (noi genitori de caracter pentru programul de ameliorare a pomilor, arbu\u0219tilor fructiferi \u0219i portaltoilor) care s\u0103 posede rezisten\u0163\u0103 la boli \u015fi\/sau \u00eensu\u015firi de calitate a fructului, ambele implicate \u00een ob\u0163inerea unei recolte de mere calitative \u015fi cantitative.<\/p>\n<p>De asemenea, propunerea de proiect vizeaz\u0103 reorganizarea colec\u021biei de nuc, \u00eembog\u0103\u021birea \u0219i evaluarea bazei genetice de m\u0103r, p\u0103r, prun, cire\u0219, vi\u0219in, c\u0103p\u0219un, arbu\u0219ti fructiferi \u0219i portaltoi pomicoli, care va sta la baza viitoarelor proiecte de ameliorare. Genotipurile de pomi \u0219i portaltoi identificate, evaluate \u0219i selec\u021bionate, cu \u00eensu\u0219iri individuale \u0219i\/sau asociate, vor constitui fundamentul genetic nou \u00een procesul de creare de soiuri cu rezisten\u021b\u0103 durabil\u0103 \u0219i stabil\u0103 la boli pentru stabilirea unui sortiment performant, cu scopul orient\u0103rii culturilor pomicole comerciale c\u0103tre un nivel tehnologic ridicat.<\/p>","protected":false},"excerpt":{"rendered":"<p>Rezumat \u00cen pomicultur\u0103, conservarea genetic\u0103 presupune p\u0103strarea \u00eentregului fond de plante, pomi \u015fi arbu\u015fti fructiferi, de la formele s\u0103lbatice p\u00e2n\u0103 la cele ameliorate, at\u00e2t sub aspectul viabilit\u0103\u0163ii, c\u00e2t \u015fi al integrit\u0103\u0163ii lor genetice. Fondul de germoplasm\u0103 pomicol\u0103 este parte integrant\u0103 a biodiversit\u0103\u021bii vegetale, care s-a dezvoltat de-a lungul timpului, at\u00e2t pe cale spontan\u0103, c\u00e2t \u0219i  [&#8230;]<\/p>\n","protected":false},"author":1,"featured_media":0,"parent":14961,"menu_order":3,"comment_status":"closed","ping_status":"closed","template":"","meta":{"ngg_post_thumbnail":0,"footnotes":""},"categories":[],"tags":[],"class_list":["post-14974","page","type-page","status-publish","hentry"],"_links":{"self":[{"href":"https:\/\/icdp.ro\/en\/wp-json\/wp\/v2\/pages\/14974","targetHints":{"allow":["GET"]}}],"collection":[{"href":"https:\/\/icdp.ro\/en\/wp-json\/wp\/v2\/pages"}],"about":[{"href":"https:\/\/icdp.ro\/en\/wp-json\/wp\/v2\/types\/page"}],"author":[{"embeddable":true,"href":"https:\/\/icdp.ro\/en\/wp-json\/wp\/v2\/users\/1"}],"replies":[{"embeddable":true,"href":"https:\/\/icdp.ro\/en\/wp-json\/wp\/v2\/comments?post=14974"}],"version-history":[{"count":3,"href":"https:\/\/icdp.ro\/en\/wp-json\/wp\/v2\/pages\/14974\/revisions"}],"predecessor-version":[{"id":14977,"href":"https:\/\/icdp.ro\/en\/wp-json\/wp\/v2\/pages\/14974\/revisions\/14977"}],"up":[{"embeddable":true,"href":"https:\/\/icdp.ro\/en\/wp-json\/wp\/v2\/pages\/14961"}],"wp:attachment":[{"href":"https:\/\/icdp.ro\/en\/wp-json\/wp\/v2\/media?parent=14974"}],"wp:term":[{"taxonomy":"category","embeddable":true,"href":"https:\/\/icdp.ro\/en\/wp-json\/wp\/v2\/categories?post=14974"},{"taxonomy":"post_tag","embeddable":true,"href":"https:\/\/icdp.ro\/en\/wp-json\/wp\/v2\/tags?post=14974"}],"curies":[{"name":"wp","href":"https:\/\/api.w.org\/{rel}","templated":true}]}}