{"id":14205,"date":"2024-05-09T12:33:15","date_gmt":"2024-05-09T09:33:15","guid":{"rendered":"https:\/\/icdp.ro\/?page_id=14205"},"modified":"2024-05-09T12:33:15","modified_gmt":"2024-05-09T09:33:15","slug":"ipc-8-cires","status":"publish","type":"page","link":"https:\/\/icdp.ro\/en\/cercetare\/inmultirea-plantelor-pomicole\/resurse-genetice-si-ameliorarea-portaltoilor-pomicoli\/ipc-8-cires\/","title":{"rendered":"IPC 8 (cire\u0219)"},"content":{"rendered":"<p><strong>Year of registration:<\/strong>: 2019<br \/>\n<strong>Origine: (<\/strong><em>avium <\/em>x<em> P.nipponica, <\/em>var. Kurilensis<em>) <\/em>x IP-C4<br \/>\nPortaltoi vegetativ pentru cire\u015f, cu urm\u0103toarele caracteristici:<\/p>\n<ul>\n<li style=\"list-style-type: none;\">\n<ul>\n<li>este tolerant la bolile foliare ale cire\u0219ului;<\/li>\n<li>are capacitate mare de l\u0103st\u0103rire \u00een planta\u0163ia mam\u0103 de buta\u015fi;<\/li>\n<li>se \u00eenmul\u0163e\u015fte prin buta\u015fi verzi cu un randament de cca. 90% \u00eenr\u0103d\u0103cinare;<\/li>\n<li>are compatibilitate la altoire cu soiurile de cire\u0219 din sortiment;<\/li>\n<li>\u00een livad\u0103 imprim\u0103 soiurilor altoite, vigoare medie, precocitate de rodire \u0219i constan\u0163\u0103 a produc\u0163iei;<\/li>\n<li>nu drajoneaz\u0103.<\/li>\n<\/ul>\n<\/li>\n<\/ul>\n<p>&nbsp;<\/p>\n<p>&nbsp;<\/p>\n<ul>\n<li style=\"list-style-type: none;\">&nbsp;<\/li>\n<\/ul>\n<p>&nbsp;<\/p>","protected":false},"excerpt":{"rendered":"<p>Anul omolog\u0103rii: 2019 Origine: (avium x P.nipponica, var. Kurilensis) x IP-C4 Portaltoi vegetativ pentru cire\u015f, cu urm\u0103toarele caracteristici: este tolerant la bolile foliare ale cire\u0219ului; are capacitate mare de l\u0103st\u0103rire \u00een planta\u0163ia mam\u0103 de buta\u015fi; se \u00eenmul\u0163e\u015fte prin buta\u015fi verzi cu un randament de cca. 90% \u00eenr\u0103d\u0103cinare; are compatibilitate la altoire cu soiurile de cire\u0219  [&#8230;]<\/p>\n","protected":false},"author":1,"featured_media":14206,"parent":14141,"menu_order":14,"comment_status":"closed","ping_status":"closed","template":"","meta":{"ngg_post_thumbnail":0,"footnotes":""},"categories":[67],"tags":[],"class_list":["post-14205","page","type-page","status-publish","has-post-thumbnail","hentry","category-portaltoi-vegetativi"],"_links":{"self":[{"href":"https:\/\/icdp.ro\/en\/wp-json\/wp\/v2\/pages\/14205","targetHints":{"allow":["GET"]}}],"collection":[{"href":"https:\/\/icdp.ro\/en\/wp-json\/wp\/v2\/pages"}],"about":[{"href":"https:\/\/icdp.ro\/en\/wp-json\/wp\/v2\/types\/page"}],"author":[{"embeddable":true,"href":"https:\/\/icdp.ro\/en\/wp-json\/wp\/v2\/users\/1"}],"replies":[{"embeddable":true,"href":"https:\/\/icdp.ro\/en\/wp-json\/wp\/v2\/comments?post=14205"}],"version-history":[{"count":1,"href":"https:\/\/icdp.ro\/en\/wp-json\/wp\/v2\/pages\/14205\/revisions"}],"predecessor-version":[{"id":14207,"href":"https:\/\/icdp.ro\/en\/wp-json\/wp\/v2\/pages\/14205\/revisions\/14207"}],"up":[{"embeddable":true,"href":"https:\/\/icdp.ro\/en\/wp-json\/wp\/v2\/pages\/14141"}],"wp:featuredmedia":[{"embeddable":true,"href":"https:\/\/icdp.ro\/en\/wp-json\/wp\/v2\/media\/14206"}],"wp:attachment":[{"href":"https:\/\/icdp.ro\/en\/wp-json\/wp\/v2\/media?parent=14205"}],"wp:term":[{"taxonomy":"category","embeddable":true,"href":"https:\/\/icdp.ro\/en\/wp-json\/wp\/v2\/categories?post=14205"},{"taxonomy":"post_tag","embeddable":true,"href":"https:\/\/icdp.ro\/en\/wp-json\/wp\/v2\/tags?post=14205"}],"curies":[{"name":"wp","href":"https:\/\/api.w.org\/{rel}","templated":true}]}}