{"id":14202,"date":"2024-05-09T12:31:36","date_gmt":"2024-05-09T09:31:36","guid":{"rendered":"https:\/\/icdp.ro\/?page_id=14202"},"modified":"2024-05-09T12:31:36","modified_gmt":"2024-05-09T09:31:36","slug":"ipc-5-cires","status":"publish","type":"page","link":"https:\/\/icdp.ro\/en\/cercetare\/inmultirea-plantelor-pomicole\/resurse-genetice-si-ameliorarea-portaltoilor-pomicoli\/ipc-5-cires\/","title":{"rendered":"IPC 5 (cire\u0219)"},"content":{"rendered":"<p><strong>Year of registration:<\/strong>: 2002<br \/>\n<strong>Parents: <\/strong><em>niponica<\/em> var. Kurilensis x<em> P. avium<\/em> \u201e77-33-26\u201d<br \/>\nPortaltoi vegetativ pentru cire\u015f \u015fi vi\u015fin, cu urm\u0103toarele caracteristici:<\/p>\n<ul>\n<li style=\"list-style-type: none;\">\n<ul>\n<li>este tolerant la antracnoza frunzelor de cire\u0219 \u0219i vi\u0219in<em> (Blumeriella jaapii)<\/em> \u0219i ciuruirea frunzelor (<em>Coryneum beijerinkii)<\/em>;<\/li>\n<li>se \u00eemul\u0163e\u015fte prin buta\u015fi semilemnifica\u0163i, procentul de \u00eenr\u0103d\u0103cinare variind \u00een func\u021bie de starea fiziologic\u0103 a plantei mam\u0103, de utilizarea biostimulatorilor de \u00eenr\u0103d\u0103cinare \u0219i de momentul but\u0103\u0219irii;<\/li>\n<li>compatibilitate la altoire cu o gam\u0103 larg\u0103 de soiuri de cire\u0219, iar la vi\u0219in cu soiurile de tip \u201dCri\u0219ana\u201d;<\/li>\n<li>\u00een livad\u0103 imprim\u0103 soiurilor altoite vigoare medie;<\/li>\n<li>drajoneaz\u0103 sporadic \u00een livad\u0103.<\/li>\n<\/ul>\n<\/li>\n<\/ul>\n<p>&nbsp;<\/p>\n<ul>\n<li style=\"list-style-type: none;\">&nbsp;<\/li>\n<\/ul>\n<p>&nbsp;<\/p>","protected":false},"excerpt":{"rendered":"<p>Anul omolog\u0103rii: 2002 Origine: niponica var. Kurilensis x P. avium \u201e77-33-26\u201d Portaltoi vegetativ pentru cire\u015f \u015fi vi\u015fin, cu urm\u0103toarele caracteristici: este tolerant la antracnoza frunzelor de cire\u0219 \u0219i vi\u0219in (Blumeriella jaapii) \u0219i ciuruirea frunzelor (Coryneum beijerinkii); se \u00eemul\u0163e\u015fte prin buta\u015fi semilemnifica\u0163i, procentul de \u00eenr\u0103d\u0103cinare variind \u00een func\u021bie de starea fiziologic\u0103 a plantei mam\u0103, de utilizarea  [&#8230;]<\/p>\n","protected":false},"author":1,"featured_media":14203,"parent":14141,"menu_order":13,"comment_status":"closed","ping_status":"closed","template":"","meta":{"ngg_post_thumbnail":0,"footnotes":""},"categories":[67],"tags":[],"class_list":["post-14202","page","type-page","status-publish","has-post-thumbnail","hentry","category-portaltoi-vegetativi"],"_links":{"self":[{"href":"https:\/\/icdp.ro\/en\/wp-json\/wp\/v2\/pages\/14202","targetHints":{"allow":["GET"]}}],"collection":[{"href":"https:\/\/icdp.ro\/en\/wp-json\/wp\/v2\/pages"}],"about":[{"href":"https:\/\/icdp.ro\/en\/wp-json\/wp\/v2\/types\/page"}],"author":[{"embeddable":true,"href":"https:\/\/icdp.ro\/en\/wp-json\/wp\/v2\/users\/1"}],"replies":[{"embeddable":true,"href":"https:\/\/icdp.ro\/en\/wp-json\/wp\/v2\/comments?post=14202"}],"version-history":[{"count":1,"href":"https:\/\/icdp.ro\/en\/wp-json\/wp\/v2\/pages\/14202\/revisions"}],"predecessor-version":[{"id":14204,"href":"https:\/\/icdp.ro\/en\/wp-json\/wp\/v2\/pages\/14202\/revisions\/14204"}],"up":[{"embeddable":true,"href":"https:\/\/icdp.ro\/en\/wp-json\/wp\/v2\/pages\/14141"}],"wp:featuredmedia":[{"embeddable":true,"href":"https:\/\/icdp.ro\/en\/wp-json\/wp\/v2\/media\/14203"}],"wp:attachment":[{"href":"https:\/\/icdp.ro\/en\/wp-json\/wp\/v2\/media?parent=14202"}],"wp:term":[{"taxonomy":"category","embeddable":true,"href":"https:\/\/icdp.ro\/en\/wp-json\/wp\/v2\/categories?post=14202"},{"taxonomy":"post_tag","embeddable":true,"href":"https:\/\/icdp.ro\/en\/wp-json\/wp\/v2\/tags?post=14202"}],"curies":[{"name":"wp","href":"https:\/\/api.w.org\/{rel}","templated":true}]}}