{"id":14195,"date":"2024-05-09T12:28:56","date_gmt":"2024-05-09T09:28:56","guid":{"rendered":"https:\/\/icdp.ro\/?page_id=14195"},"modified":"2024-05-09T12:28:56","modified_gmt":"2024-05-09T09:28:56","slug":"ipc-3-cires","status":"publish","type":"page","link":"https:\/\/icdp.ro\/en\/cercetare\/inmultirea-plantelor-pomicole\/resurse-genetice-si-ameliorarea-portaltoilor-pomicoli\/ipc-3-cires\/","title":{"rendered":"IPC 3 (cire\u0219)"},"content":{"rendered":"<p><strong>Year of registration:<\/strong>: 2000<br \/>\n<strong>Parents: <\/strong><em>cerasus<\/em> \u201eCri\u015fana B\u201d x&nbsp; <em>P. pseudocerasus<\/em>;<br \/>\nPortaltoi vegetativ pentru vi\u015fin \u015fi cire\u015f cu urm\u0103toarele caracteristici:<\/p>\n<ul>\n<li style=\"list-style-type: none;\">\n<ul>\n<li>este tolerant la <em>Coccomyces hiemalis<\/em><\/li>\n<li>se \u00eenmul\u0163e\u015fte u\u015for prin buta\u015fi verzi \u015fi \u201e<em>culture<\/em>\u201d;<\/li>\n<li>\u00een livad\u0103 prezint\u0103 o bun\u0103 compatibilitate cu soiurile altoite, c\u0103rora le imprim\u0103 o vigoare moderat\u0103, precocitate de rodire \u015fi productivitate ridicat\u0103.<\/li>\n<\/ul>\n<\/li>\n<\/ul>\n<p>&nbsp;<\/p>","protected":false},"excerpt":{"rendered":"<p>Anul omolog\u0103rii: 2000 Origine: cerasus \u201eCri\u015fana B\u201d x&nbsp; P. pseudocerasus; Portaltoi vegetativ pentru vi\u015fin \u015fi cire\u015f cu urm\u0103toarele caracteristici: este tolerant la Coccomyces hiemalis se \u00eenmul\u0163e\u015fte u\u015for prin buta\u015fi verzi \u015fi \u201ein vitro\u201d; \u00een livad\u0103 prezint\u0103 o bun\u0103 compatibilitate cu soiurile altoite, c\u0103rora le imprim\u0103 o vigoare moderat\u0103, precocitate de rodire \u015fi productivitate ridicat\u0103. &nbsp;<\/p>","protected":false},"author":1,"featured_media":14196,"parent":14141,"menu_order":4,"comment_status":"closed","ping_status":"closed","template":"","meta":{"ngg_post_thumbnail":0,"footnotes":""},"categories":[67],"tags":[],"class_list":["post-14195","page","type-page","status-publish","has-post-thumbnail","hentry","category-portaltoi-vegetativi"],"_links":{"self":[{"href":"https:\/\/icdp.ro\/en\/wp-json\/wp\/v2\/pages\/14195","targetHints":{"allow":["GET"]}}],"collection":[{"href":"https:\/\/icdp.ro\/en\/wp-json\/wp\/v2\/pages"}],"about":[{"href":"https:\/\/icdp.ro\/en\/wp-json\/wp\/v2\/types\/page"}],"author":[{"embeddable":true,"href":"https:\/\/icdp.ro\/en\/wp-json\/wp\/v2\/users\/1"}],"replies":[{"embeddable":true,"href":"https:\/\/icdp.ro\/en\/wp-json\/wp\/v2\/comments?post=14195"}],"version-history":[{"count":1,"href":"https:\/\/icdp.ro\/en\/wp-json\/wp\/v2\/pages\/14195\/revisions"}],"predecessor-version":[{"id":14197,"href":"https:\/\/icdp.ro\/en\/wp-json\/wp\/v2\/pages\/14195\/revisions\/14197"}],"up":[{"embeddable":true,"href":"https:\/\/icdp.ro\/en\/wp-json\/wp\/v2\/pages\/14141"}],"wp:featuredmedia":[{"embeddable":true,"href":"https:\/\/icdp.ro\/en\/wp-json\/wp\/v2\/media\/14196"}],"wp:attachment":[{"href":"https:\/\/icdp.ro\/en\/wp-json\/wp\/v2\/media?parent=14195"}],"wp:term":[{"taxonomy":"category","embeddable":true,"href":"https:\/\/icdp.ro\/en\/wp-json\/wp\/v2\/categories?post=14195"},{"taxonomy":"post_tag","embeddable":true,"href":"https:\/\/icdp.ro\/en\/wp-json\/wp\/v2\/tags?post=14195"}],"curies":[{"name":"wp","href":"https:\/\/api.w.org\/{rel}","templated":true}]}}