{"id":14191,"date":"2024-05-09T12:26:56","date_gmt":"2024-05-09T09:26:56","guid":{"rendered":"https:\/\/icdp.ro\/?page_id=14191"},"modified":"2024-05-09T12:26:56","modified_gmt":"2024-05-09T09:26:56","slug":"ipc-2-cires","status":"publish","type":"page","link":"https:\/\/icdp.ro\/en\/cercetare\/inmultirea-plantelor-pomicole\/resurse-genetice-si-ameliorarea-portaltoilor-pomicoli\/ipc-2-cires\/","title":{"rendered":"IPC 2 (cire\u0219)"},"content":{"rendered":"<p><strong>Year of registration:<\/strong>: 1999<br \/>\n<strong>Parents: <\/strong><em>cerasus<\/em> \u201eCri\u015fana B\u201d x&nbsp; <em>P.subhirtella<\/em>;<br \/>\nPortaltoi vegetativ pentru cire\u015f, caracterizat prin:<\/p>\n<ul>\n<li style=\"list-style-type: none;\">\n<ul>\n<li>este tolerant la <em>Coccomyces hiemalis<\/em> \u015fi la <em>Monilinia <\/em><\/li>\n<li>se \u00eenmul\u0163e\u015fte u\u015for prin buta\u015fi verzi (80-90% \u00eenr\u0103d\u0103cinare);<\/li>\n<li>compatibil cu soiuri de cire\u0219 din sortiment c\u0103rora le imprim\u0103 vigoare medie \u2013 mare \u015fi precocitate de rodire (Severin, \u015etefan, Van, Stella, Clasic, Rubin, Hedelfinger, Simbol);<\/li>\n<li>nu drajoneaz\u0103 \u00een livad\u0103;<\/li>\n<\/ul>\n<\/li>\n<\/ul>","protected":false},"excerpt":{"rendered":"<p>Anul omolog\u0103rii: 1999 Origine: cerasus \u201eCri\u015fana B\u201d x&nbsp; P.subhirtella; Portaltoi vegetativ pentru cire\u015f, caracterizat prin: este tolerant la Coccomyces hiemalis \u015fi la Monilinia se \u00eenmul\u0163e\u015fte u\u015for prin buta\u015fi verzi (80-90% \u00eenr\u0103d\u0103cinare); compatibil cu soiuri de cire\u0219 din sortiment c\u0103rora le imprim\u0103 vigoare medie \u2013 mare \u015fi precocitate de rodire (Severin, \u015etefan, Van, Stella, Clasic, Rubin,  [&#8230;]<\/p>\n","protected":false},"author":1,"featured_media":14192,"parent":14141,"menu_order":11,"comment_status":"closed","ping_status":"closed","template":"","meta":{"ngg_post_thumbnail":0,"footnotes":""},"categories":[67],"tags":[],"class_list":["post-14191","page","type-page","status-publish","has-post-thumbnail","hentry","category-portaltoi-vegetativi"],"_links":{"self":[{"href":"https:\/\/icdp.ro\/en\/wp-json\/wp\/v2\/pages\/14191","targetHints":{"allow":["GET"]}}],"collection":[{"href":"https:\/\/icdp.ro\/en\/wp-json\/wp\/v2\/pages"}],"about":[{"href":"https:\/\/icdp.ro\/en\/wp-json\/wp\/v2\/types\/page"}],"author":[{"embeddable":true,"href":"https:\/\/icdp.ro\/en\/wp-json\/wp\/v2\/users\/1"}],"replies":[{"embeddable":true,"href":"https:\/\/icdp.ro\/en\/wp-json\/wp\/v2\/comments?post=14191"}],"version-history":[{"count":2,"href":"https:\/\/icdp.ro\/en\/wp-json\/wp\/v2\/pages\/14191\/revisions"}],"predecessor-version":[{"id":14194,"href":"https:\/\/icdp.ro\/en\/wp-json\/wp\/v2\/pages\/14191\/revisions\/14194"}],"up":[{"embeddable":true,"href":"https:\/\/icdp.ro\/en\/wp-json\/wp\/v2\/pages\/14141"}],"wp:featuredmedia":[{"embeddable":true,"href":"https:\/\/icdp.ro\/en\/wp-json\/wp\/v2\/media\/14192"}],"wp:attachment":[{"href":"https:\/\/icdp.ro\/en\/wp-json\/wp\/v2\/media?parent=14191"}],"wp:term":[{"taxonomy":"category","embeddable":true,"href":"https:\/\/icdp.ro\/en\/wp-json\/wp\/v2\/categories?post=14191"},{"taxonomy":"post_tag","embeddable":true,"href":"https:\/\/icdp.ro\/en\/wp-json\/wp\/v2\/tags?post=14191"}],"curies":[{"name":"wp","href":"https:\/\/api.w.org\/{rel}","templated":true}]}}