{"id":14188,"date":"2024-05-09T12:25:39","date_gmt":"2024-05-09T09:25:39","guid":{"rendered":"https:\/\/icdp.ro\/?page_id=14188"},"modified":"2024-05-09T12:25:39","modified_gmt":"2024-05-09T09:25:39","slug":"baroc-cais","status":"publish","type":"page","link":"https:\/\/icdp.ro\/en\/cercetare\/inmultirea-plantelor-pomicole\/resurse-genetice-si-ameliorarea-portaltoilor-pomicoli\/baroc-cais\/","title":{"rendered":"BAROC (cais)"},"content":{"rendered":"<p><strong>Year of registration:<\/strong>: 2016<br \/>\n<strong>Origine:&nbsp;(<\/strong><em>P.besseyi x P. americana) <\/em>x soiul de prun Hackmann;<br \/>\nPortaltoi vegetativ pentru cais cu urm\u0103toarele caracteristici:<\/p>\n<ul>\n<li style=\"list-style-type: none;\">\n<ul>\n<li>compatibil cu soiurile din sortiment;<\/li>\n<li>se \u00eenmul\u021be\u0219te prin buta\u0219i verzi (procent de \u00eenr\u0103d\u0103cinare cca. 80%);<\/li>\n<li>imprim\u0103 soiurilor altoite \u00een livad\u0103 vigoare mijlocie;<\/li>\n<li>nu drajoneaz\u0103 \u00een livad\u0103.<\/li>\n<\/ul>\n<\/li>\n<\/ul>","protected":false},"excerpt":{"rendered":"<p>Anul omolog\u0103rii: 2016 Origine:&nbsp;(P.besseyi x P. americana) x soiul de prun Hackmann; Portaltoi vegetativ pentru cais cu urm\u0103toarele caracteristici: compatibil cu soiurile din sortiment; se \u00eenmul\u021be\u0219te prin buta\u0219i verzi (procent de \u00eenr\u0103d\u0103cinare cca. 80%); imprim\u0103 soiurilor altoite \u00een livad\u0103 vigoare mijlocie; nu drajoneaz\u0103 \u00een livad\u0103.<\/p>","protected":false},"author":1,"featured_media":14189,"parent":14141,"menu_order":3,"comment_status":"closed","ping_status":"closed","template":"","meta":{"ngg_post_thumbnail":0,"footnotes":""},"categories":[67],"tags":[],"class_list":["post-14188","page","type-page","status-publish","has-post-thumbnail","hentry","category-portaltoi-vegetativi"],"_links":{"self":[{"href":"https:\/\/icdp.ro\/en\/wp-json\/wp\/v2\/pages\/14188","targetHints":{"allow":["GET"]}}],"collection":[{"href":"https:\/\/icdp.ro\/en\/wp-json\/wp\/v2\/pages"}],"about":[{"href":"https:\/\/icdp.ro\/en\/wp-json\/wp\/v2\/types\/page"}],"author":[{"embeddable":true,"href":"https:\/\/icdp.ro\/en\/wp-json\/wp\/v2\/users\/1"}],"replies":[{"embeddable":true,"href":"https:\/\/icdp.ro\/en\/wp-json\/wp\/v2\/comments?post=14188"}],"version-history":[{"count":1,"href":"https:\/\/icdp.ro\/en\/wp-json\/wp\/v2\/pages\/14188\/revisions"}],"predecessor-version":[{"id":14190,"href":"https:\/\/icdp.ro\/en\/wp-json\/wp\/v2\/pages\/14188\/revisions\/14190"}],"up":[{"embeddable":true,"href":"https:\/\/icdp.ro\/en\/wp-json\/wp\/v2\/pages\/14141"}],"wp:featuredmedia":[{"embeddable":true,"href":"https:\/\/icdp.ro\/en\/wp-json\/wp\/v2\/media\/14189"}],"wp:attachment":[{"href":"https:\/\/icdp.ro\/en\/wp-json\/wp\/v2\/media?parent=14188"}],"wp:term":[{"taxonomy":"category","embeddable":true,"href":"https:\/\/icdp.ro\/en\/wp-json\/wp\/v2\/categories?post=14188"},{"taxonomy":"post_tag","embeddable":true,"href":"https:\/\/icdp.ro\/en\/wp-json\/wp\/v2\/tags?post=14188"}],"curies":[{"name":"wp","href":"https:\/\/api.w.org\/{rel}","templated":true}]}}