{"id":14185,"date":"2024-05-09T12:24:09","date_gmt":"2024-05-09T09:24:09","guid":{"rendered":"https:\/\/icdp.ro\/?page_id=14185"},"modified":"2024-05-09T12:24:09","modified_gmt":"2024-05-09T09:24:09","slug":"apricor-cais","status":"publish","type":"page","link":"https:\/\/icdp.ro\/en\/cercetare\/inmultirea-plantelor-pomicole\/resurse-genetice-si-ameliorarea-portaltoilor-pomicoli\/apricor-cais\/","title":{"rendered":"APRICOR (apricot)"},"content":{"rendered":"<p><strong>Year of registration:<\/strong>: 2006<br \/>\n<strong>Parents: <\/strong><em>cerasifera x P.armeniaca<br \/>\n<\/em>Portaltoi vegetativ pentru cais, care prezint\u0103 urm\u0103toarele caracteristici:<\/p>\n<ul>\n<li style=\"list-style-type: none;\">\n<ul>\n<li>\u00eenmul\u0163ire u\u015foar\u0103 prin buta\u015fi verzi;<\/li>\n<li>compatibilitate cu soiurile de cais din sortiment c\u0103rora \u00een livad\u0103 le imprim\u0103 o vigoare medie \u015fi precocitate de rodire;<\/li>\n<li>rezisten\u0163\u0103 la excesul temporar de umiditate din sol \u015fi la ger.<\/li>\n<\/ul>\n<\/li>\n<\/ul>","protected":false},"excerpt":{"rendered":"<p>Anul omolog\u0103rii: 2006 Origine: cerasifera x P.armeniaca Portaltoi vegetativ pentru cais, care prezint\u0103 urm\u0103toarele caracteristici: \u00eenmul\u0163ire u\u015foar\u0103 prin buta\u015fi verzi; compatibilitate cu soiurile de cais din sortiment c\u0103rora \u00een livad\u0103 le imprim\u0103 o vigoare medie \u015fi precocitate de rodire; rezisten\u0163\u0103 la excesul temporar de umiditate din sol \u015fi la ger.<\/p>","protected":false},"author":1,"featured_media":14186,"parent":14141,"menu_order":2,"comment_status":"closed","ping_status":"closed","template":"","meta":{"ngg_post_thumbnail":0,"footnotes":""},"categories":[67],"tags":[],"class_list":["post-14185","page","type-page","status-publish","has-post-thumbnail","hentry","category-portaltoi-vegetativi"],"_links":{"self":[{"href":"https:\/\/icdp.ro\/en\/wp-json\/wp\/v2\/pages\/14185","targetHints":{"allow":["GET"]}}],"collection":[{"href":"https:\/\/icdp.ro\/en\/wp-json\/wp\/v2\/pages"}],"about":[{"href":"https:\/\/icdp.ro\/en\/wp-json\/wp\/v2\/types\/page"}],"author":[{"embeddable":true,"href":"https:\/\/icdp.ro\/en\/wp-json\/wp\/v2\/users\/1"}],"replies":[{"embeddable":true,"href":"https:\/\/icdp.ro\/en\/wp-json\/wp\/v2\/comments?post=14185"}],"version-history":[{"count":1,"href":"https:\/\/icdp.ro\/en\/wp-json\/wp\/v2\/pages\/14185\/revisions"}],"predecessor-version":[{"id":14187,"href":"https:\/\/icdp.ro\/en\/wp-json\/wp\/v2\/pages\/14185\/revisions\/14187"}],"up":[{"embeddable":true,"href":"https:\/\/icdp.ro\/en\/wp-json\/wp\/v2\/pages\/14141"}],"wp:featuredmedia":[{"embeddable":true,"href":"https:\/\/icdp.ro\/en\/wp-json\/wp\/v2\/media\/14186"}],"wp:attachment":[{"href":"https:\/\/icdp.ro\/en\/wp-json\/wp\/v2\/media?parent=14185"}],"wp:term":[{"taxonomy":"category","embeddable":true,"href":"https:\/\/icdp.ro\/en\/wp-json\/wp\/v2\/categories?post=14185"},{"taxonomy":"post_tag","embeddable":true,"href":"https:\/\/icdp.ro\/en\/wp-json\/wp\/v2\/tags?post=14185"}],"curies":[{"name":"wp","href":"https:\/\/api.w.org\/{rel}","templated":true}]}}