{"id":14174,"date":"2024-05-09T12:17:47","date_gmt":"2024-05-09T09:17:47","guid":{"rendered":"https:\/\/icdp.ro\/?page_id=14174"},"modified":"2024-05-09T12:19:26","modified_gmt":"2024-05-09T09:19:26","slug":"miroper-piersic","status":"publish","type":"page","link":"https:\/\/icdp.ro\/en\/cercetare\/inmultirea-plantelor-pomicole\/resurse-genetice-si-ameliorarea-portaltoilor-pomicoli\/miroper-piersic\/","title":{"rendered":"MIROPER (piersic)"},"content":{"rendered":"<p><strong>Year of registration:<\/strong>: 2000<br \/>\n<strong>Parents: <\/strong><em>cerasifera x P. persica<br \/>\n<\/em>Portaltoi vegetativ pentru piersic, cu urm\u0103toarele caracteristici:<\/p>\n<ul>\n<li style=\"list-style-type: none;\">\n<ul>\n<li>se \u00eenmul\u0163e\u015fte prin buta\u015fi verzi sau semilemnifica\u0163i;<\/li>\n<li>este compatibil cu soiurile de piersic din sortiment;<\/li>\n<li>se mai poate folosi ca portaltoi pentru migdal \u0219i prun japonez (<em>Prunus salicina<\/em>) \u0219i unele soiuri de cais;<\/li>\n<li>sistemul radicular al pomilor este bine ramificat \u015fi ancorat \u00een sol \u00eenc\u00e2t pomii nu au nevoie de sus\u0163inere<\/li>\n<li>induce soiurilor de piersic altoite o vigoare medie &#8211; mic\u0103 func\u021bie de tipul de sol<\/li>\n<li>tolerant la bolile foliare, imun la <em>Taphrina deformans<\/em><\/li>\n<li>mai rezistent la ger \u0219i la excesul temporar de umiditate din sol dec\u00e2t piersicul<\/li>\n<li>av\u00e2nd o perioad\u0103 lung\u0103 de \u00eenflorire (cca. 14 zile, f\u0103r\u0103 a fructifica), poate fi utilizat \u0219i ca plant\u0103 decorativ\u0103 prin flori \u015fi frunze.<\/li>\n<\/ul>\n<\/li>\n<\/ul>","protected":false},"excerpt":{"rendered":"<p>Anul omolog\u0103rii: 2000 Origine: cerasifera x P. persica Portaltoi vegetativ pentru piersic, cu urm\u0103toarele caracteristici: se \u00eenmul\u0163e\u015fte prin buta\u015fi verzi sau semilemnifica\u0163i; este compatibil cu soiurile de piersic din sortiment; se mai poate folosi ca portaltoi pentru migdal \u0219i prun japonez (Prunus salicina) \u0219i unele soiuri de cais; sistemul radicular al pomilor este bine ramificat  [&#8230;]<\/p>\n","protected":false},"author":1,"featured_media":14177,"parent":14141,"menu_order":10,"comment_status":"closed","ping_status":"closed","template":"","meta":{"ngg_post_thumbnail":0,"footnotes":""},"categories":[67],"tags":[],"class_list":["post-14174","page","type-page","status-publish","has-post-thumbnail","hentry","category-portaltoi-vegetativi"],"_links":{"self":[{"href":"https:\/\/icdp.ro\/en\/wp-json\/wp\/v2\/pages\/14174","targetHints":{"allow":["GET"]}}],"collection":[{"href":"https:\/\/icdp.ro\/en\/wp-json\/wp\/v2\/pages"}],"about":[{"href":"https:\/\/icdp.ro\/en\/wp-json\/wp\/v2\/types\/page"}],"author":[{"embeddable":true,"href":"https:\/\/icdp.ro\/en\/wp-json\/wp\/v2\/users\/1"}],"replies":[{"embeddable":true,"href":"https:\/\/icdp.ro\/en\/wp-json\/wp\/v2\/comments?post=14174"}],"version-history":[{"count":3,"href":"https:\/\/icdp.ro\/en\/wp-json\/wp\/v2\/pages\/14174\/revisions"}],"predecessor-version":[{"id":14178,"href":"https:\/\/icdp.ro\/en\/wp-json\/wp\/v2\/pages\/14174\/revisions\/14178"}],"up":[{"embeddable":true,"href":"https:\/\/icdp.ro\/en\/wp-json\/wp\/v2\/pages\/14141"}],"wp:featuredmedia":[{"embeddable":true,"href":"https:\/\/icdp.ro\/en\/wp-json\/wp\/v2\/media\/14177"}],"wp:attachment":[{"href":"https:\/\/icdp.ro\/en\/wp-json\/wp\/v2\/media?parent=14174"}],"wp:term":[{"taxonomy":"category","embeddable":true,"href":"https:\/\/icdp.ro\/en\/wp-json\/wp\/v2\/categories?post=14174"},{"taxonomy":"post_tag","embeddable":true,"href":"https:\/\/icdp.ro\/en\/wp-json\/wp\/v2\/tags?post=14174"}],"curies":[{"name":"wp","href":"https:\/\/api.w.org\/{rel}","templated":true}]}}