{"id":14168,"date":"2024-05-09T12:15:45","date_gmt":"2024-05-09T09:15:45","guid":{"rendered":"https:\/\/icdp.ro\/?page_id=14168"},"modified":"2024-05-09T12:21:40","modified_gmt":"2024-05-09T09:21:40","slug":"mirodad-1-prun","status":"publish","type":"page","link":"https:\/\/icdp.ro\/en\/cercetare\/inmultirea-plantelor-pomicole\/resurse-genetice-si-ameliorarea-portaltoilor-pomicoli\/mirodad-1-prun\/","title":{"rendered":"MIRODAD 1 (prun)"},"content":{"rendered":"<p><strong>Year of registration:<\/strong>: 2016<br \/>\n<strong>Parents:&nbsp;<\/strong>Mirobolan dwarf&nbsp; x Adaptabil;<br \/>\nPortaltoi vegetativ pentru prun cu urm\u0103toarele caracteristici:<\/p>\n<ul>\n<li style=\"list-style-type: none;\">\n<ul>\n<li>compatibil cu majoritatea soiurilor de prun european, cu unele excep\u021bii (de exemplu cu soiul Cacanska Lepotica);<\/li>\n<li>tolerant la bolile foliare;<\/li>\n<li>se \u00eenmul\u021be\u0219te prin buta\u0219i verzi (procent de \u00eenr\u0103d\u0103cinare cca. 70%);<\/li>\n<li>imprim\u0103 soiurilor altoite \u00een livad\u0103 vigoare mai mic\u0103 dec\u00e2t la altoirea lor pe puie\u021bi de corcodu\u0219;<\/li>\n<li>este bine ancorat \u00een sol \u0219i nu are nevoie de sistem de sus\u021binere;<\/li>\n<li>nu drajoneaz\u0103 \u00een livad\u0103.<\/li>\n<\/ul>\n<\/li>\n<\/ul>","protected":false},"excerpt":{"rendered":"<p>Anul omolog\u0103rii: 2016 Origine:&nbsp;Mirobolan dwarf&nbsp; x Adaptabil; Portaltoi vegetativ pentru prun cu urm\u0103toarele caracteristici: compatibil cu majoritatea soiurilor de prun european, cu unele excep\u021bii (de exemplu cu soiul Cacanska Lepotica); tolerant la bolile foliare; se \u00eenmul\u021be\u0219te prin buta\u0219i verzi (procent de \u00eenr\u0103d\u0103cinare cca. 70%); imprim\u0103 soiurilor altoite \u00een livad\u0103 vigoare mai mic\u0103 dec\u00e2t la altoirea  [&#8230;]<\/p>\n","protected":false},"author":1,"featured_media":14169,"parent":14141,"menu_order":9,"comment_status":"closed","ping_status":"closed","template":"","meta":{"ngg_post_thumbnail":0,"footnotes":""},"categories":[67],"tags":[],"class_list":["post-14168","page","type-page","status-publish","has-post-thumbnail","hentry","category-portaltoi-vegetativi"],"_links":{"self":[{"href":"https:\/\/icdp.ro\/en\/wp-json\/wp\/v2\/pages\/14168","targetHints":{"allow":["GET"]}}],"collection":[{"href":"https:\/\/icdp.ro\/en\/wp-json\/wp\/v2\/pages"}],"about":[{"href":"https:\/\/icdp.ro\/en\/wp-json\/wp\/v2\/types\/page"}],"author":[{"embeddable":true,"href":"https:\/\/icdp.ro\/en\/wp-json\/wp\/v2\/users\/1"}],"replies":[{"embeddable":true,"href":"https:\/\/icdp.ro\/en\/wp-json\/wp\/v2\/comments?post=14168"}],"version-history":[{"count":3,"href":"https:\/\/icdp.ro\/en\/wp-json\/wp\/v2\/pages\/14168\/revisions"}],"predecessor-version":[{"id":14182,"href":"https:\/\/icdp.ro\/en\/wp-json\/wp\/v2\/pages\/14168\/revisions\/14182"}],"up":[{"embeddable":true,"href":"https:\/\/icdp.ro\/en\/wp-json\/wp\/v2\/pages\/14141"}],"wp:featuredmedia":[{"embeddable":true,"href":"https:\/\/icdp.ro\/en\/wp-json\/wp\/v2\/media\/14169"}],"wp:attachment":[{"href":"https:\/\/icdp.ro\/en\/wp-json\/wp\/v2\/media?parent=14168"}],"wp:term":[{"taxonomy":"category","embeddable":true,"href":"https:\/\/icdp.ro\/en\/wp-json\/wp\/v2\/categories?post=14168"},{"taxonomy":"post_tag","embeddable":true,"href":"https:\/\/icdp.ro\/en\/wp-json\/wp\/v2\/tags?post=14168"}],"curies":[{"name":"wp","href":"https:\/\/api.w.org\/{rel}","templated":true}]}}