{"id":14165,"date":"2024-05-09T11:41:23","date_gmt":"2024-05-09T08:41:23","guid":{"rendered":"https:\/\/icdp.ro\/?page_id=14165"},"modified":"2024-05-09T11:41:23","modified_gmt":"2024-05-09T08:41:23","slug":"dacus","status":"publish","type":"page","link":"https:\/\/icdp.ro\/en\/cercetare\/inmultirea-plantelor-pomicole\/resurse-genetice-si-ameliorarea-portaltoilor-pomicoli\/dacus\/","title":{"rendered":"Dacus"},"content":{"rendered":"<p><strong>Year of registration:<\/strong>: 2016 (brevetat \u00een 2017)<br \/>\n<strong>Parents<\/strong>: selec\u021bie din&nbsp;<em>Juglans regia<br \/>\n<\/em>Portaltoi generativ pentru nuc, caracterizat prin:<\/p>\n<ul>\n<li style=\"list-style-type: none;\">\n<ul>\n<li>toleran\u021b\u0103 la bacterioz\u0103 (<em>Xanthomonas juglandis<\/em>) \u0219i antracnoz\u0103 <em>(Gnomonia juglandis<\/em>);<\/li>\n<li>nucile sunt de m\u0103rime mic\u0103, form\u0103 ovoid\u0103, \u00een \u0219coala de puie\u021bi av\u00e2nd o r\u0103s\u0103rire de 70-80%. Din ace\u0219tia 70% ajung la grosimea optim\u0103 pentru altoirea la mas\u0103, restul put\u00e2nd fi fortifica\u021bi \u00eenc\u0103 un an \u00een pepinier\u0103.<\/li>\n<li>\u00een livad\u0103 imprim\u0103 vigoare medie-mare soiurilor altoite.<\/li>\n<\/ul>\n<\/li>\n<\/ul>","protected":false},"excerpt":{"rendered":"<p>Anul omolog\u0103rii: 2016 (brevetat \u00een 2017) Origine: selec\u021bie din&nbsp;Juglans regia Portaltoi generativ pentru nuc, caracterizat prin: toleran\u021b\u0103 la bacterioz\u0103 (Xanthomonas juglandis) \u0219i antracnoz\u0103 (Gnomonia juglandis); nucile sunt de m\u0103rime mic\u0103, form\u0103 ovoid\u0103, \u00een \u0219coala de puie\u021bi av\u00e2nd o r\u0103s\u0103rire de 70-80%. Din ace\u0219tia 70% ajung la grosimea optim\u0103 pentru altoirea la mas\u0103, restul put\u00e2nd fi  [&#8230;]<\/p>\n","protected":false},"author":1,"featured_media":14166,"parent":14141,"menu_order":8,"comment_status":"closed","ping_status":"closed","template":"","meta":{"ngg_post_thumbnail":0,"footnotes":""},"categories":[66],"tags":[],"class_list":["post-14165","page","type-page","status-publish","has-post-thumbnail","hentry","category-portaltoi-generativi"],"_links":{"self":[{"href":"https:\/\/icdp.ro\/en\/wp-json\/wp\/v2\/pages\/14165","targetHints":{"allow":["GET"]}}],"collection":[{"href":"https:\/\/icdp.ro\/en\/wp-json\/wp\/v2\/pages"}],"about":[{"href":"https:\/\/icdp.ro\/en\/wp-json\/wp\/v2\/types\/page"}],"author":[{"embeddable":true,"href":"https:\/\/icdp.ro\/en\/wp-json\/wp\/v2\/users\/1"}],"replies":[{"embeddable":true,"href":"https:\/\/icdp.ro\/en\/wp-json\/wp\/v2\/comments?post=14165"}],"version-history":[{"count":1,"href":"https:\/\/icdp.ro\/en\/wp-json\/wp\/v2\/pages\/14165\/revisions"}],"predecessor-version":[{"id":14167,"href":"https:\/\/icdp.ro\/en\/wp-json\/wp\/v2\/pages\/14165\/revisions\/14167"}],"up":[{"embeddable":true,"href":"https:\/\/icdp.ro\/en\/wp-json\/wp\/v2\/pages\/14141"}],"wp:featuredmedia":[{"embeddable":true,"href":"https:\/\/icdp.ro\/en\/wp-json\/wp\/v2\/media\/14166"}],"wp:attachment":[{"href":"https:\/\/icdp.ro\/en\/wp-json\/wp\/v2\/media?parent=14165"}],"wp:term":[{"taxonomy":"category","embeddable":true,"href":"https:\/\/icdp.ro\/en\/wp-json\/wp\/v2\/categories?post=14165"},{"taxonomy":"post_tag","embeddable":true,"href":"https:\/\/icdp.ro\/en\/wp-json\/wp\/v2\/tags?post=14165"}],"curies":[{"name":"wp","href":"https:\/\/api.w.org\/{rel}","templated":true}]}}