{"id":14162,"date":"2024-05-09T11:40:25","date_gmt":"2024-05-09T08:40:25","guid":{"rendered":"https:\/\/icdp.ro\/?page_id=14162"},"modified":"2024-05-09T11:40:25","modified_gmt":"2024-05-09T08:40:25","slug":"secular-r-m","status":"publish","type":"page","link":"https:\/\/icdp.ro\/en\/cercetare\/inmultirea-plantelor-pomicole\/resurse-genetice-si-ameliorarea-portaltoilor-pomicoli\/secular-r-m\/","title":{"rendered":"Secular R-M"},"content":{"rendered":"<p><strong>Year of registration:<\/strong>: 1991<br \/>\n<strong>Parents<\/strong>: selec\u0163ie din <em>Juglans regia<br \/>\n<\/em>Portaltoi generativ pentru nuc, caracterizat prin:<\/p>\n<ul>\n<li style=\"list-style-type: none;\">\n<ul>\n<li>rezisten\u0163\u0103 bun\u0103 la bacterioz\u0103 (<em>Xanthomonas juglandis<\/em>);<\/li>\n<li>nucile de m\u0103rime mijlocie, r\u0103sar \u00een propor\u0163ie de cca. 44% \u00een \u0219coala de puie\u021bi;<\/li>\n<li>\u00een livad\u0103 imprim\u0103 vigoare mare soiurilor altoite, acestea intr\u00e2nd pe rod \u00eencep\u00e2nd cu anul 6 de la plantare, (\u00een func\u0163ie de soiul altoit).<\/li>\n<\/ul>\n<\/li>\n<\/ul>","protected":false},"excerpt":{"rendered":"<p>Anul omolog\u0103rii: 1991 Origine: selec\u0163ie din Juglans regia Portaltoi generativ pentru nuc, caracterizat prin: rezisten\u0163\u0103 bun\u0103 la bacterioz\u0103 (Xanthomonas juglandis); nucile de m\u0103rime mijlocie, r\u0103sar \u00een propor\u0163ie de cca. 44% \u00een \u0219coala de puie\u021bi; \u00een livad\u0103 imprim\u0103 vigoare mare soiurilor altoite, acestea intr\u00e2nd pe rod \u00eencep\u00e2nd cu anul 6 de la plantare, (\u00een func\u0163ie de  [&#8230;]<\/p>\n","protected":false},"author":1,"featured_media":14163,"parent":14141,"menu_order":0,"comment_status":"closed","ping_status":"closed","template":"","meta":{"ngg_post_thumbnail":0,"footnotes":""},"categories":[66],"tags":[],"class_list":["post-14162","page","type-page","status-publish","has-post-thumbnail","hentry","category-portaltoi-generativi"],"_links":{"self":[{"href":"https:\/\/icdp.ro\/en\/wp-json\/wp\/v2\/pages\/14162","targetHints":{"allow":["GET"]}}],"collection":[{"href":"https:\/\/icdp.ro\/en\/wp-json\/wp\/v2\/pages"}],"about":[{"href":"https:\/\/icdp.ro\/en\/wp-json\/wp\/v2\/types\/page"}],"author":[{"embeddable":true,"href":"https:\/\/icdp.ro\/en\/wp-json\/wp\/v2\/users\/1"}],"replies":[{"embeddable":true,"href":"https:\/\/icdp.ro\/en\/wp-json\/wp\/v2\/comments?post=14162"}],"version-history":[{"count":1,"href":"https:\/\/icdp.ro\/en\/wp-json\/wp\/v2\/pages\/14162\/revisions"}],"predecessor-version":[{"id":14164,"href":"https:\/\/icdp.ro\/en\/wp-json\/wp\/v2\/pages\/14162\/revisions\/14164"}],"up":[{"embeddable":true,"href":"https:\/\/icdp.ro\/en\/wp-json\/wp\/v2\/pages\/14141"}],"wp:featuredmedia":[{"embeddable":true,"href":"https:\/\/icdp.ro\/en\/wp-json\/wp\/v2\/media\/14163"}],"wp:attachment":[{"href":"https:\/\/icdp.ro\/en\/wp-json\/wp\/v2\/media?parent=14162"}],"wp:term":[{"taxonomy":"category","embeddable":true,"href":"https:\/\/icdp.ro\/en\/wp-json\/wp\/v2\/categories?post=14162"},{"taxonomy":"post_tag","embeddable":true,"href":"https:\/\/icdp.ro\/en\/wp-json\/wp\/v2\/tags?post=14162"}],"curies":[{"name":"wp","href":"https:\/\/api.w.org\/{rel}","templated":true}]}}