{"id":14159,"date":"2024-05-09T11:39:28","date_gmt":"2024-05-09T08:39:28","guid":{"rendered":"https:\/\/icdp.ro\/?page_id=14159"},"modified":"2024-05-09T11:39:28","modified_gmt":"2024-05-09T08:39:28","slug":"portavium","status":"publish","type":"page","link":"https:\/\/icdp.ro\/en\/cercetare\/inmultirea-plantelor-pomicole\/resurse-genetice-si-ameliorarea-portaltoilor-pomicoli\/portavium\/","title":{"rendered":"Portavium"},"content":{"rendered":"<p><strong>Year of registration:<\/strong>: 2010<br \/>\n<strong>Parents: <\/strong>selec\u0163ie din <em>avium<br \/>\n<\/em>Portaltoi generativ pentru cire\u015f, caracterizat prin:<\/p>\n<ul>\n<li style=\"list-style-type: none;\">\n<ul>\n<li>vigoare mijlocie cu rezisten\u0163\u0103 la antracnoza cire\u015fului (<em>Blumeriella jaapii<\/em>);<\/li>\n<li>fructele se matureaz\u0103 \u00een a doua decad\u0103 a lunii iulie, iar <strong>s<\/strong>\u00e2mburii sunt mici (4400 buc\/kg) \u015fi au nevoie de o perioad\u0103 de stratificare \u00een vederea postmatur\u0103rii de cca 100 zile;<\/li>\n<li>norma de sem\u0103nat pentru 1 ha \u015fcoal\u0103 de puie\u0163i este de 150 kg, procentul de r\u0103s\u0103rire \u00een \u015fcoala de puie\u0163i fiind de cca 70%;<\/li>\n<li>puie\u0163ii se mai pot ob\u021bine prin sem\u0103nare \u00een \u201eJiffy-pot-uri cu pH neutru (cca. 85% r\u0103s\u0103rire);<\/li>\n<li>\u00een pepinier\u0103 nu s-au manifestat simptome de incompatibilitate cu soiurile de cire\u015f din sortiment.<\/li>\n<\/ul>\n<\/li>\n<\/ul>","protected":false},"excerpt":{"rendered":"<p>Anul omolog\u0103rii: 2010 Origine: selec\u0163ie din avium Portaltoi generativ pentru cire\u015f, caracterizat prin: vigoare mijlocie cu rezisten\u0163\u0103 la antracnoza cire\u015fului (Blumeriella jaapii); fructele se matureaz\u0103 \u00een a doua decad\u0103 a lunii iulie, iar s\u00e2mburii sunt mici (4400 buc\/kg) \u015fi au nevoie de o perioad\u0103 de stratificare \u00een vederea postmatur\u0103rii de cca 100 zile; norma de  [&#8230;]<\/p>\n","protected":false},"author":1,"featured_media":14160,"parent":14141,"menu_order":7,"comment_status":"closed","ping_status":"closed","template":"","meta":{"ngg_post_thumbnail":0,"footnotes":""},"categories":[66],"tags":[],"class_list":["post-14159","page","type-page","status-publish","has-post-thumbnail","hentry","category-portaltoi-generativi"],"_links":{"self":[{"href":"https:\/\/icdp.ro\/en\/wp-json\/wp\/v2\/pages\/14159","targetHints":{"allow":["GET"]}}],"collection":[{"href":"https:\/\/icdp.ro\/en\/wp-json\/wp\/v2\/pages"}],"about":[{"href":"https:\/\/icdp.ro\/en\/wp-json\/wp\/v2\/types\/page"}],"author":[{"embeddable":true,"href":"https:\/\/icdp.ro\/en\/wp-json\/wp\/v2\/users\/1"}],"replies":[{"embeddable":true,"href":"https:\/\/icdp.ro\/en\/wp-json\/wp\/v2\/comments?post=14159"}],"version-history":[{"count":1,"href":"https:\/\/icdp.ro\/en\/wp-json\/wp\/v2\/pages\/14159\/revisions"}],"predecessor-version":[{"id":14161,"href":"https:\/\/icdp.ro\/en\/wp-json\/wp\/v2\/pages\/14159\/revisions\/14161"}],"up":[{"embeddable":true,"href":"https:\/\/icdp.ro\/en\/wp-json\/wp\/v2\/pages\/14141"}],"wp:featuredmedia":[{"embeddable":true,"href":"https:\/\/icdp.ro\/en\/wp-json\/wp\/v2\/media\/14160"}],"wp:attachment":[{"href":"https:\/\/icdp.ro\/en\/wp-json\/wp\/v2\/media?parent=14159"}],"wp:term":[{"taxonomy":"category","embeddable":true,"href":"https:\/\/icdp.ro\/en\/wp-json\/wp\/v2\/categories?post=14159"},{"taxonomy":"post_tag","embeddable":true,"href":"https:\/\/icdp.ro\/en\/wp-json\/wp\/v2\/tags?post=14159"}],"curies":[{"name":"wp","href":"https:\/\/api.w.org\/{rel}","templated":true}]}}