{"id":14152,"date":"2024-05-09T11:33:17","date_gmt":"2024-05-09T08:33:17","guid":{"rendered":"https:\/\/icdp.ro\/?page_id=14152"},"modified":"2024-05-09T11:33:17","modified_gmt":"2024-05-09T08:33:17","slug":"mirobolan-dwarf","status":"publish","type":"page","link":"https:\/\/icdp.ro\/en\/cercetare\/inmultirea-plantelor-pomicole\/resurse-genetice-si-ameliorarea-portaltoilor-pomicoli\/mirobolan-dwarf\/","title":{"rendered":"Mirobolan dwarf"},"content":{"rendered":"<p><strong>Year of registration:<\/strong>: 1999<br \/>\n<strong>Parents: <\/strong>selec\u0163ie din <em> cerasifera<br \/>\n<\/em>Portaltoi generativ pentru prun, caracterizat prin:<\/p>\n<ul>\n<li style=\"list-style-type: none;\">\n<ul>\n<li>vigoare medie-mic\u0103 ca semincer, productiv \u015fi cu toleran\u0163\u0103 la Plum-pox;<\/li>\n<li>fructele de culoare galben\u0103 se matureaz\u0103 la jum\u0103tatea lunii august;<\/li>\n<li>\u00een \u015fcoala de puie\u0163i r\u0103s\u0103rirea este foarte bun\u0103, ob\u0163in\u00e2ndu-se puie\u0163i uniformi;<\/li>\n<li>\u00een livad\u0103 imprim\u0103 soiurilor altoite vigoare redus\u0103 \u015fi precocitate de rodire (soiul Stanley altoit pe acest portaltoi poate fi plantat la 4 x 2,5 m, cu o densitate de 1000 pomi\/ha);<\/li>\n<li>nu s-au semnalat simptome de incompatibilitate cu soiurile din grupele Tuleu \u015fi Renclod;<\/li>\n<li>pe solurile nisipoase se impune irigarea.<\/li>\n<\/ul>\n<\/li>\n<\/ul>","protected":false},"excerpt":{"rendered":"<p>Anul omolog\u0103rii: 1999 Origine: selec\u0163ie din cerasifera Portaltoi generativ pentru prun, caracterizat prin: vigoare medie-mic\u0103 ca semincer, productiv \u015fi cu toleran\u0163\u0103 la Plum-pox; fructele de culoare galben\u0103 se matureaz\u0103 la jum\u0103tatea lunii august; \u00een \u015fcoala de puie\u0163i r\u0103s\u0103rirea este foarte bun\u0103, ob\u0163in\u00e2ndu-se puie\u0163i uniformi; \u00een livad\u0103 imprim\u0103 soiurilor altoite vigoare redus\u0103 \u015fi precocitate de rodire  [&#8230;]<\/p>\n","protected":false},"author":1,"featured_media":14153,"parent":14141,"menu_order":6,"comment_status":"closed","ping_status":"closed","template":"","meta":{"ngg_post_thumbnail":0,"footnotes":""},"categories":[66],"tags":[],"class_list":["post-14152","page","type-page","status-publish","has-post-thumbnail","hentry","category-portaltoi-generativi"],"_links":{"self":[{"href":"https:\/\/icdp.ro\/en\/wp-json\/wp\/v2\/pages\/14152","targetHints":{"allow":["GET"]}}],"collection":[{"href":"https:\/\/icdp.ro\/en\/wp-json\/wp\/v2\/pages"}],"about":[{"href":"https:\/\/icdp.ro\/en\/wp-json\/wp\/v2\/types\/page"}],"author":[{"embeddable":true,"href":"https:\/\/icdp.ro\/en\/wp-json\/wp\/v2\/users\/1"}],"replies":[{"embeddable":true,"href":"https:\/\/icdp.ro\/en\/wp-json\/wp\/v2\/comments?post=14152"}],"version-history":[{"count":1,"href":"https:\/\/icdp.ro\/en\/wp-json\/wp\/v2\/pages\/14152\/revisions"}],"predecessor-version":[{"id":14154,"href":"https:\/\/icdp.ro\/en\/wp-json\/wp\/v2\/pages\/14152\/revisions\/14154"}],"up":[{"embeddable":true,"href":"https:\/\/icdp.ro\/en\/wp-json\/wp\/v2\/pages\/14141"}],"wp:featuredmedia":[{"embeddable":true,"href":"https:\/\/icdp.ro\/en\/wp-json\/wp\/v2\/media\/14153"}],"wp:attachment":[{"href":"https:\/\/icdp.ro\/en\/wp-json\/wp\/v2\/media?parent=14152"}],"wp:term":[{"taxonomy":"category","embeddable":true,"href":"https:\/\/icdp.ro\/en\/wp-json\/wp\/v2\/categories?post=14152"},{"taxonomy":"post_tag","embeddable":true,"href":"https:\/\/icdp.ro\/en\/wp-json\/wp\/v2\/tags?post=14152"}],"curies":[{"name":"wp","href":"https:\/\/api.w.org\/{rel}","templated":true}]}}