{"id":14035,"date":"2024-05-03T19:32:39","date_gmt":"2024-05-03T16:32:39","guid":{"rendered":"https:\/\/icdp.ro\/?page_id=14035"},"modified":"2024-05-03T19:33:11","modified_gmt":"2024-05-03T16:33:11","slug":"activitaea-de-extensie","status":"publish","type":"page","link":"https:\/\/icdp.ro\/en\/cercetare\/arbusti-fructiferi-si-capsun\/activitaea-de-extensie\/","title":{"rendered":"Development activity"},"content":{"rendered":"<p>The major activity in this is the production of plant material from higher biological categories: Base and Certified according to EU legislation, for all the propagated cultivars resulting from the breeding activity.<\/p>\n<p>The major activity in this is the production of plant material from higher biological categories: Base and Certified according to EU legislation, for all the propagated cultivars resulting from the breeding activity.<\/p>","protected":false},"excerpt":{"rendered":"<p>Cea mai important\u0103 direc\u0163ie o reprezint\u0103 producerea materialului s\u0103ditor, ca rezultat al cercet\u0103rilor ob\u0163inute \u00een domeniul \u00eenmul\u0163irii soiurilor din sortiment. \u00cen acest sens Laboratorul de Arbu\u015fti Fructiferi \u015fi C\u0103p\u015fun particip\u0103 la programul de producere a materialului s\u0103ditor certificat al institutului conform normelor UE. Laboratorul de\u0163ine planta\u0163iile mam\u0103 pentru buta\u015fi din categoria superioar\u0103 \u201eBaz\u0103\u201d pentru \u00eenmul\u0163irea  [&#8230;]<\/p>\n","protected":false},"author":1,"featured_media":0,"parent":10968,"menu_order":4,"comment_status":"closed","ping_status":"closed","template":"","meta":{"ngg_post_thumbnail":0,"footnotes":""},"categories":[],"tags":[],"class_list":["post-14035","page","type-page","status-publish","hentry"],"_links":{"self":[{"href":"https:\/\/icdp.ro\/en\/wp-json\/wp\/v2\/pages\/14035","targetHints":{"allow":["GET"]}}],"collection":[{"href":"https:\/\/icdp.ro\/en\/wp-json\/wp\/v2\/pages"}],"about":[{"href":"https:\/\/icdp.ro\/en\/wp-json\/wp\/v2\/types\/page"}],"author":[{"embeddable":true,"href":"https:\/\/icdp.ro\/en\/wp-json\/wp\/v2\/users\/1"}],"replies":[{"embeddable":true,"href":"https:\/\/icdp.ro\/en\/wp-json\/wp\/v2\/comments?post=14035"}],"version-history":[{"count":3,"href":"https:\/\/icdp.ro\/en\/wp-json\/wp\/v2\/pages\/14035\/revisions"}],"predecessor-version":[{"id":14038,"href":"https:\/\/icdp.ro\/en\/wp-json\/wp\/v2\/pages\/14035\/revisions\/14038"}],"up":[{"embeddable":true,"href":"https:\/\/icdp.ro\/en\/wp-json\/wp\/v2\/pages\/10968"}],"wp:attachment":[{"href":"https:\/\/icdp.ro\/en\/wp-json\/wp\/v2\/media?parent=14035"}],"wp:term":[{"taxonomy":"category","embeddable":true,"href":"https:\/\/icdp.ro\/en\/wp-json\/wp\/v2\/categories?post=14035"},{"taxonomy":"post_tag","embeddable":true,"href":"https:\/\/icdp.ro\/en\/wp-json\/wp\/v2\/tags?post=14035"}],"curies":[{"name":"wp","href":"https:\/\/api.w.org\/{rel}","templated":true}]}}