{"id":14033,"date":"2024-05-03T19:32:08","date_gmt":"2024-05-03T16:32:08","guid":{"rendered":"https:\/\/icdp.ro\/?page_id=14033"},"modified":"2024-05-03T19:32:08","modified_gmt":"2024-05-03T16:32:08","slug":"metode-si-secvente-de-inmultire-a-speciilor-si-soiurilor","status":"publish","type":"page","link":"https:\/\/icdp.ro\/en\/cercetare\/arbusti-fructiferi-si-capsun\/metode-si-secvente-de-inmultire-a-speciilor-si-soiurilor\/","title":{"rendered":"Propagation methods and sequences for the berries species and varieties"},"content":{"rendered":"<p><strong>Objectives <\/strong><\/p>\n<p class=\"translation-block\">- The study of the behavior of berry varieties on the process of vegetative propagation in open field and in covered spaces (fiberglass tunnels);\n- Establishing the most efficient methods of propagation of species and varieties of berries (hardwood cuttings, greenwood cuttings, layering or grafting). \n- Establishing the most efficient technological sequences to obtain high quality planting material competitive on the EU market.<\/p>\n<p>&nbsp;<\/p>\n<p><strong>Achievements:<\/strong><\/p>\n<p class=\"translation-block\">- Technology of vegetative propagation by modified patch budding with dormant buds of the \n  Cornus mas selected genotypes.\n- Technology of vegetative propagation by green wood cuttings of the Lonicera cerulea, Aronia \n  melanocarpa and Rosa spp. selected genotypes. \n- Technological sequences for propagation of the new varieties of berries.\n- Propagation of the new raspberry cultivars by green wood cuttings (planting the cuttings in polystyrene alveolus filled in equal proportions with peat and perlite).\n- New technological sequences for propagation of healthy clones on the main small fruit species.<\/p>","protected":false},"excerpt":{"rendered":"<p>Obiective -Comportarea soiurilor de arbu\u015fti fructiferi \u00een procesul de \u00eenmul\u0163ire vegetativ\u0103 \u00een condi\u0163ii de c\u00e2mp \u015fi spa\u0163ii protejate. -Metode eficiente de \u00eenmul\u0163ire a speciilor \u015fi soiurilor de arbu\u015fti fructiferi ( but\u0103\u015fire prin buta\u015fi lemnifica\u0163i, buta\u015fi verzi, marcotaj, altoire ). -Elaborarea de verigi \u015fi secven\u0163e tehnologice \u015fi eficiente pentru ob\u0163inerea de material s\u0103ditor de calitate competitiv  [&#8230;]<\/p>\n","protected":false},"author":1,"featured_media":0,"parent":10968,"menu_order":2,"comment_status":"closed","ping_status":"closed","template":"","meta":{"ngg_post_thumbnail":0,"footnotes":""},"categories":[],"tags":[],"class_list":["post-14033","page","type-page","status-publish","hentry"],"_links":{"self":[{"href":"https:\/\/icdp.ro\/en\/wp-json\/wp\/v2\/pages\/14033","targetHints":{"allow":["GET"]}}],"collection":[{"href":"https:\/\/icdp.ro\/en\/wp-json\/wp\/v2\/pages"}],"about":[{"href":"https:\/\/icdp.ro\/en\/wp-json\/wp\/v2\/types\/page"}],"author":[{"embeddable":true,"href":"https:\/\/icdp.ro\/en\/wp-json\/wp\/v2\/users\/1"}],"replies":[{"embeddable":true,"href":"https:\/\/icdp.ro\/en\/wp-json\/wp\/v2\/comments?post=14033"}],"version-history":[{"count":1,"href":"https:\/\/icdp.ro\/en\/wp-json\/wp\/v2\/pages\/14033\/revisions"}],"predecessor-version":[{"id":14034,"href":"https:\/\/icdp.ro\/en\/wp-json\/wp\/v2\/pages\/14033\/revisions\/14034"}],"up":[{"embeddable":true,"href":"https:\/\/icdp.ro\/en\/wp-json\/wp\/v2\/pages\/10968"}],"wp:attachment":[{"href":"https:\/\/icdp.ro\/en\/wp-json\/wp\/v2\/media?parent=14033"}],"wp:term":[{"taxonomy":"category","embeddable":true,"href":"https:\/\/icdp.ro\/en\/wp-json\/wp\/v2\/categories?post=14033"},{"taxonomy":"post_tag","embeddable":true,"href":"https:\/\/icdp.ro\/en\/wp-json\/wp\/v2\/tags?post=14033"}],"curies":[{"name":"wp","href":"https:\/\/api.w.org\/{rel}","templated":true}]}}