{"id":14031,"date":"2024-05-03T19:31:12","date_gmt":"2024-05-03T16:31:12","guid":{"rendered":"https:\/\/icdp.ro\/?page_id=14031"},"modified":"2024-05-03T19:31:12","modified_gmt":"2024-05-03T16:31:12","slug":"sisteme-si-secvente-tehnologice-de-cultura-a-speciilor-si-soiurilor","status":"publish","type":"page","link":"https:\/\/icdp.ro\/en\/cercetare\/arbusti-fructiferi-si-capsun\/sisteme-si-secvente-tehnologice-de-cultura-a-speciilor-si-soiurilor\/","title":{"rendered":"Technological systems and sequences of the berries species and varieties"},"content":{"rendered":"<p><strong>Objectives:<\/strong><\/p>\n<p class=\"translation-block\">- Improving biotechnological systems for berries plantings establishment and exploitation, adapted to the climate changes, for strawberry and small fruit species;<br \/>\n- Measures to reduce the negative impact of the climatic changes on plants (intense heat and severe frosts, dry soil and atmosphere, pests and diseases attack);<br \/>\n-Soil amendment and preparation measures for species with high soil requirements (cultivated blueberry);<br \/>\n-Technological sequences of fertilization, irrigation and combating pests and diseases using a reduced number of treatments, with plant protection products agreed for the berries culture in an organic system;<br \/>\n-Cultivation and training systems and plant interventions to increase photosynthetic efficiency, fruit quality, train the ripening season and facilitate the fruit harvest;<br \/>\n- Eco-technologic sequences for the cultivation blueberries, raspberries and blackcurrants.<\/p>\n<p><strong>Achievements: <\/strong><\/p>\n<p class=\"translation-block\">- Technology of establishment and exploitation of the vitaminic hip rose \u201cCan\u201d (<em>Rosa canina var. <\/em><em>Inermis partial<\/em>);<br \/>\n- Technological sequences for the establishment and exploitation of raspberry (Rubus idaeus) plantations;<br \/>\n- Technological sequences for establishment and exploitation of blackberry (<em>Rubus fruticosus L.<\/em> sp.) plantations;<br \/>\n- Technological sequences for establishment and exploitation of blueberry <em>(Vaccinium corymbosum L.) <\/em>plantations.<br \/>\n- Technology for establishment and exploitation of elderberry (<em>Sambucus nigra<\/em>) plantations;<br \/>\n- Technology for establishment and intensive exploitation of currant (<em>Ribes<\/em> sp.&nbsp; ) plantations;<br \/>\n- Technology for seabuckthorn culture <em>(Hippophae rhamnoides)<\/em>.<br \/>\n- Technological sequences for establishment and exploitation of blue honeysuckle (<em>Lonicera caerulea<\/em> var<em>. edulis<\/em>), black ash (<em>Aronia melanocarpa<\/em>), cornelian cherry (<em>Cornus mas<\/em>) plantations.<\/p>","protected":false},"excerpt":{"rendered":"<p>Obiective urm\u0103rite &nbsp; &#8211; \u00cembun\u0103t\u0103\u0163irea sistemelor biotehnologice de&nbsp; \u00eenfiin\u0163are \u015fi exploatare a culturilor adaptate condi\u0163iilor climatice \u00een schimbare la speciile de arbu\u015fti fructiferi \u015fi c\u0103p\u015fun. -Elaborarea de m\u0103suri de reducere a impactului negativ al schimb\u0103rilor climatice asupra plantelor (ar\u015fi\u0163e \u015fi geruri puternice, secet\u0103 pedologic\u0103 \u015fi atmosferic\u0103, boli \u015fi d\u0103un\u0103tori) &#8211; Stabilirea m\u0103surilor de preg\u0103tire \u015fi  [&#8230;]<\/p>\n","protected":false},"author":1,"featured_media":0,"parent":10968,"menu_order":1,"comment_status":"closed","ping_status":"closed","template":"","meta":{"ngg_post_thumbnail":0,"footnotes":""},"categories":[],"tags":[],"class_list":["post-14031","page","type-page","status-publish","hentry"],"_links":{"self":[{"href":"https:\/\/icdp.ro\/en\/wp-json\/wp\/v2\/pages\/14031","targetHints":{"allow":["GET"]}}],"collection":[{"href":"https:\/\/icdp.ro\/en\/wp-json\/wp\/v2\/pages"}],"about":[{"href":"https:\/\/icdp.ro\/en\/wp-json\/wp\/v2\/types\/page"}],"author":[{"embeddable":true,"href":"https:\/\/icdp.ro\/en\/wp-json\/wp\/v2\/users\/1"}],"replies":[{"embeddable":true,"href":"https:\/\/icdp.ro\/en\/wp-json\/wp\/v2\/comments?post=14031"}],"version-history":[{"count":1,"href":"https:\/\/icdp.ro\/en\/wp-json\/wp\/v2\/pages\/14031\/revisions"}],"predecessor-version":[{"id":14032,"href":"https:\/\/icdp.ro\/en\/wp-json\/wp\/v2\/pages\/14031\/revisions\/14032"}],"up":[{"embeddable":true,"href":"https:\/\/icdp.ro\/en\/wp-json\/wp\/v2\/pages\/10968"}],"wp:attachment":[{"href":"https:\/\/icdp.ro\/en\/wp-json\/wp\/v2\/media?parent=14031"}],"wp:term":[{"taxonomy":"category","embeddable":true,"href":"https:\/\/icdp.ro\/en\/wp-json\/wp\/v2\/categories?post=14031"},{"taxonomy":"post_tag","embeddable":true,"href":"https:\/\/icdp.ro\/en\/wp-json\/wp\/v2\/tags?post=14031"}],"curies":[{"name":"wp","href":"https:\/\/api.w.org\/{rel}","templated":true}]}}