{"id":14009,"date":"2024-05-03T19:11:10","date_gmt":"2024-05-03T16:11:10","guid":{"rendered":"https:\/\/icdp.ro\/?page_id=14009"},"modified":"2024-05-03T19:11:10","modified_gmt":"2024-05-03T16:11:10","slug":"elrom","status":"publish","type":"page","link":"https:\/\/icdp.ro\/en\/cercetare\/arbusti-fructiferi-si-capsun\/ameliorarea-genetica-a-soiurilor\/elrom\/","title":{"rendered":"ELROM"},"content":{"rendered":"<p>&nbsp;<\/p>\n<p><a href=\"https:\/\/icdp.ro\/wp-content\/uploads\/2024\/05\/fruct-elrom-1.jpg\"><img decoding=\"async\" class=\"wp-image-14011 size-fusion-400 alignright\" src=\"https:\/\/icdp.ro\/wp-content\/uploads\/2024\/05\/fruct-elrom-1-400x281.jpg\" alt=\"\" width=\"400\" height=\"281\" srcset=\"https:\/\/icdp.ro\/wp-content\/uploads\/2024\/05\/fruct-elrom-1-18x12.jpg 18w, https:\/\/icdp.ro\/wp-content\/uploads\/2024\/05\/fruct-elrom-1-200x140.jpg 200w, https:\/\/icdp.ro\/wp-content\/uploads\/2024\/05\/fruct-elrom-1-300x210.jpg 300w, https:\/\/icdp.ro\/wp-content\/uploads\/2024\/05\/fruct-elrom-1-400x281.jpg 400w, https:\/\/icdp.ro\/wp-content\/uploads\/2024\/05\/fruct-elrom-1-600x421.jpg 600w, https:\/\/icdp.ro\/wp-content\/uploads\/2024\/05\/fruct-elrom-1.jpg 640w\" sizes=\"(max-width: 400px) 100vw, 400px\" \/><\/a>Authors: Titiric\u0103 Irina, Sturzeanu Monica, Nicola Claudia, Ciucu Mihaela.<br \/>\nOrigin: selection of hybrids from wild flora<br \/>\nYear of registration: 2019<\/p>\n<p>The fruit is small size 4.3 mm, round, black-shiny skin, relatively high content of total sugar (3.2%), vitamin C (179.52mg\/100 g), total polyphenols (5038.79mg gallic acid\/mg), total anthocyanins (3000 mg\/kg fruit), dry matter (17.92%).<\/p>\n<p>Technology recommendations: Planting distances 3 m between rows and 2 m between plants per row: Planting distances 3 m between rows and 2 m between plants per row.<br \/>\nThe propagation capacity by cuttings in green or dry is very good over 80% without the use of rooting biostimulants.<br \/>\nThe variety is particularly suitable for both organic and standard cultivation technology.<br \/>\nFructele proaspete sunt destinate industrializ\u0103rii, sub forma de pulbere, gem, dulceata. Iar fructele verzi sunt folosite in diferite preparate fitofarmaceutice. Florile sunt folosite pentru renumita socat\u0103.<\/p>\n<p>&nbsp;<\/p>\n<p>&nbsp;<\/p>\n<p>&nbsp;<\/p>\n<p>&nbsp;<\/p>","protected":false},"excerpt":{"rendered":"<p>&nbsp; Autori: Titiric\u0103 Irina, Sturzeanu Monica, Nicola Claudia, Ciucu Mihaela. Origine: selec\u021bie de hibrizi din flora spontan\u0103 Anul \u00eenregistr\u0103rii: 2019 Fructul este de m\u0103rime mic\u0103 4,3 mm, rotund, pieli\u0163a negru-str\u0103lucitor, con\u0163inut relativ mare \u00een zah\u0103r total (3,2%), vitamina C (179,52mg\/100 g), polifenoli totali (5038,79mg acid galic\/mg), antociani totali (3000 mg\/kg fruct), substan\u021b\u0103 uscat\u0103 (17,92 %).  [&#8230;]<\/p>\n","protected":false},"author":1,"featured_media":14010,"parent":13781,"menu_order":42,"comment_status":"closed","ping_status":"closed","template":"","meta":{"ngg_post_thumbnail":0,"footnotes":""},"categories":[63],"tags":[],"class_list":["post-14009","page","type-page","status-publish","has-post-thumbnail","hentry","category-soc"],"_links":{"self":[{"href":"https:\/\/icdp.ro\/en\/wp-json\/wp\/v2\/pages\/14009","targetHints":{"allow":["GET"]}}],"collection":[{"href":"https:\/\/icdp.ro\/en\/wp-json\/wp\/v2\/pages"}],"about":[{"href":"https:\/\/icdp.ro\/en\/wp-json\/wp\/v2\/types\/page"}],"author":[{"embeddable":true,"href":"https:\/\/icdp.ro\/en\/wp-json\/wp\/v2\/users\/1"}],"replies":[{"embeddable":true,"href":"https:\/\/icdp.ro\/en\/wp-json\/wp\/v2\/comments?post=14009"}],"version-history":[{"count":1,"href":"https:\/\/icdp.ro\/en\/wp-json\/wp\/v2\/pages\/14009\/revisions"}],"predecessor-version":[{"id":14012,"href":"https:\/\/icdp.ro\/en\/wp-json\/wp\/v2\/pages\/14009\/revisions\/14012"}],"up":[{"embeddable":true,"href":"https:\/\/icdp.ro\/en\/wp-json\/wp\/v2\/pages\/13781"}],"wp:featuredmedia":[{"embeddable":true,"href":"https:\/\/icdp.ro\/en\/wp-json\/wp\/v2\/media\/14010"}],"wp:attachment":[{"href":"https:\/\/icdp.ro\/en\/wp-json\/wp\/v2\/media?parent=14009"}],"wp:term":[{"taxonomy":"category","embeddable":true,"href":"https:\/\/icdp.ro\/en\/wp-json\/wp\/v2\/categories?post=14009"},{"taxonomy":"post_tag","embeddable":true,"href":"https:\/\/icdp.ro\/en\/wp-json\/wp\/v2\/tags?post=14009"}],"curies":[{"name":"wp","href":"https:\/\/api.w.org\/{rel}","templated":true}]}}