{"id":14003,"date":"2024-05-03T19:09:08","date_gmt":"2024-05-03T16:09:08","guid":{"rendered":"https:\/\/icdp.ro\/?page_id=14003"},"modified":"2024-05-03T19:09:08","modified_gmt":"2024-05-03T16:09:08","slug":"bradet","status":"publish","type":"page","link":"https:\/\/icdp.ro\/en\/cercetare\/arbusti-fructiferi-si-capsun\/ameliorarea-genetica-a-soiurilor\/bradet\/","title":{"rendered":"BR\u0102DET"},"content":{"rendered":"<p>&nbsp;<\/p>\n<p><a href=\"https:\/\/icdp.ro\/wp-content\/uploads\/2024\/05\/Bradet-1-scaled.jpg\"><img decoding=\"async\" class=\"wp-image-14005 size-fusion-400 alignright\" src=\"https:\/\/icdp.ro\/wp-content\/uploads\/2024\/05\/Bradet-1-400x260.jpg\" alt=\"\" width=\"400\" height=\"260\" srcset=\"https:\/\/icdp.ro\/wp-content\/uploads\/2024\/05\/Bradet-1-18x12.jpg 18w, https:\/\/icdp.ro\/wp-content\/uploads\/2024\/05\/Bradet-1-200x130.jpg 200w, https:\/\/icdp.ro\/wp-content\/uploads\/2024\/05\/Bradet-1-300x195.jpg 300w, https:\/\/icdp.ro\/wp-content\/uploads\/2024\/05\/Bradet-1-400x260.jpg 400w, https:\/\/icdp.ro\/wp-content\/uploads\/2024\/05\/Bradet-1-600x391.jpg 600w, https:\/\/icdp.ro\/wp-content\/uploads\/2024\/05\/Bradet-1-768x500.jpg 768w, https:\/\/icdp.ro\/wp-content\/uploads\/2024\/05\/Bradet-1-800x521.jpg 800w, https:\/\/icdp.ro\/wp-content\/uploads\/2024\/05\/Bradet-1-1024x667.jpg 1024w, https:\/\/icdp.ro\/wp-content\/uploads\/2024\/05\/Bradet-1-1200x781.jpg 1200w, https:\/\/icdp.ro\/wp-content\/uploads\/2024\/05\/Bradet-1-1536x1000.jpg 1536w\" sizes=\"(max-width: 400px) 100vw, 400px\" \/><\/a>Authors: M. Botez, Al. Teodorescu<br \/>\nOrigin: selection of wild flora of Arge\u0219 county.<br \/>\nYear of registration: 1984<\/p>\n<p>The main characteristics and properties for which it is recommended:<br \/>\n&nbsp;&nbsp;&nbsp;&nbsp;&nbsp;&nbsp;&nbsp;&nbsp;&nbsp;&nbsp;&nbsp; - medium-sized fruit, average weight 0.20 g, round shape, juicy flesh and bland taste;<br \/>\n&nbsp;&nbsp;&nbsp;&nbsp;&nbsp;&nbsp;&nbsp;&nbsp;&nbsp;&nbsp;&nbsp; - ripening time: first half of August;<\/p>\n<p>The fresh fruit is intended for industrialization, in the form of powder, jam, jam. And the green fruits are used in various phytopharmaceutical preparations. The flowers are used for the famous socata. &nbsp;&nbsp;&nbsp;<br \/>\nThe Br\u0103det variety is recommended because of its earliness and productivity.<\/p>\n<p>&nbsp;<\/p>\n<p>&nbsp;<\/p>\n<p>&nbsp;<\/p>\n<p>&nbsp;<\/p>","protected":false},"excerpt":{"rendered":"<p>&nbsp; Autori: M. Botez, Al. Teodorescu Origine:&nbsp; selec\u021bie flora spontan\u0103 a jude\u021bului Arge\u0219. Anul \u00eenregistr\u0103rii: 1984 Caracteristicile \u015fi \u00eensu\u015firile principale pentru care se recomand\u0103: &nbsp;&nbsp;&nbsp;&nbsp;&nbsp;&nbsp;&nbsp;&nbsp;&nbsp;&nbsp;&nbsp; &#8211; fructul de m\u0103rime mijlocie, greutate medie 0,20 g, forma rotund\u0103, pulpa suculent\u0103 \u0219i fad\u0103 la gust; &nbsp;&nbsp;&nbsp;&nbsp;&nbsp;&nbsp;&nbsp;&nbsp;&nbsp;&nbsp;&nbsp; &#8211; epoca de coacere: prima jum\u0103tate a lunii august; Fructele proaspete sunt  [&#8230;]<\/p>\n","protected":false},"author":1,"featured_media":14004,"parent":13781,"menu_order":41,"comment_status":"closed","ping_status":"closed","template":"","meta":{"ngg_post_thumbnail":0,"footnotes":""},"categories":[63],"tags":[],"class_list":["post-14003","page","type-page","status-publish","has-post-thumbnail","hentry","category-soc"],"_links":{"self":[{"href":"https:\/\/icdp.ro\/en\/wp-json\/wp\/v2\/pages\/14003","targetHints":{"allow":["GET"]}}],"collection":[{"href":"https:\/\/icdp.ro\/en\/wp-json\/wp\/v2\/pages"}],"about":[{"href":"https:\/\/icdp.ro\/en\/wp-json\/wp\/v2\/types\/page"}],"author":[{"embeddable":true,"href":"https:\/\/icdp.ro\/en\/wp-json\/wp\/v2\/users\/1"}],"replies":[{"embeddable":true,"href":"https:\/\/icdp.ro\/en\/wp-json\/wp\/v2\/comments?post=14003"}],"version-history":[{"count":1,"href":"https:\/\/icdp.ro\/en\/wp-json\/wp\/v2\/pages\/14003\/revisions"}],"predecessor-version":[{"id":14006,"href":"https:\/\/icdp.ro\/en\/wp-json\/wp\/v2\/pages\/14003\/revisions\/14006"}],"up":[{"embeddable":true,"href":"https:\/\/icdp.ro\/en\/wp-json\/wp\/v2\/pages\/13781"}],"wp:featuredmedia":[{"embeddable":true,"href":"https:\/\/icdp.ro\/en\/wp-json\/wp\/v2\/media\/14004"}],"wp:attachment":[{"href":"https:\/\/icdp.ro\/en\/wp-json\/wp\/v2\/media?parent=14003"}],"wp:term":[{"taxonomy":"category","embeddable":true,"href":"https:\/\/icdp.ro\/en\/wp-json\/wp\/v2\/categories?post=14003"},{"taxonomy":"post_tag","embeddable":true,"href":"https:\/\/icdp.ro\/en\/wp-json\/wp\/v2\/tags?post=14003"}],"curies":[{"name":"wp","href":"https:\/\/api.w.org\/{rel}","templated":true}]}}