{"id":13997,"date":"2024-05-03T19:05:01","date_gmt":"2024-05-03T16:05:01","guid":{"rendered":"https:\/\/icdp.ro\/?page_id=13997"},"modified":"2024-05-06T18:07:21","modified_gmt":"2024-05-06T15:07:21","slug":"melrom","status":"publish","type":"page","link":"https:\/\/icdp.ro\/en\/cercetare\/arbusti-fructiferi-si-capsun\/ameliorarea-genetica-a-soiurilor\/melrom\/","title":{"rendered":"MELROM"},"content":{"rendered":"<p>&nbsp;<\/p>\n<p><a href=\"https:\/\/icdp.ro\/wp-content\/uploads\/2024\/05\/IMG_melrom-aronia-1-rotated.jpg\"><img decoding=\"async\" class=\"wp-image-13999 size-fusion-400 alignright\" src=\"https:\/\/icdp.ro\/wp-content\/uploads\/2024\/05\/IMG_melrom-aronia-1-400x533.jpg\" alt=\"\" width=\"400\" height=\"533\" srcset=\"https:\/\/icdp.ro\/wp-content\/uploads\/2024\/05\/IMG_melrom-aronia-1-9x12.jpg 9w, https:\/\/icdp.ro\/wp-content\/uploads\/2024\/05\/IMG_melrom-aronia-1-200x267.jpg 200w, https:\/\/icdp.ro\/wp-content\/uploads\/2024\/05\/IMG_melrom-aronia-1-225x300.jpg 225w, https:\/\/icdp.ro\/wp-content\/uploads\/2024\/05\/IMG_melrom-aronia-1-400x533.jpg 400w, https:\/\/icdp.ro\/wp-content\/uploads\/2024\/05\/IMG_melrom-aronia-1-rotated.jpg 480w\" sizes=\"(max-width: 400px) 100vw, 400px\" \/><\/a><\/p>\n<p>Authors: Ancu Irina, Mladin Gheorghe, Sturzeanu Monica, Coman Mihail, Isac Valentina<br \/>\nOrigin: native cultivar, obtained through open pollination of the Nero cultivar.<br \/>\nYear of registration: 2018<\/p>\n<p>The main characteristics and properties for which it is recommended:<\/p>\n<p>&nbsp; &nbsp; &nbsp;- characterized by the high vigor of the bush with globular growth, stems with large branching.<br \/>\n&nbsp; &nbsp; &nbsp;- ripening period in the first half of August.<br \/>\n&nbsp; &nbsp; &nbsp;- high productivity, with yields during full fruiting period ranging between 7 and 10 kg\/bush.<br \/>\n&nbsp; &nbsp; &nbsp;- berry fruits are medium to large in size, black-purple in color, round in shape, with a high content of soluble dry matter at 24.14%. The Melrom variety is characterized by a high content of anthocyanins.<br \/>\n&nbsp; &nbsp; - large fruit with dark burgundy flesh at maturity, with an average weight of 0.77 grams.<br \/>\n&nbsp; &nbsp; &nbsp;- harvesting period extending for 4-6 weeks as ripe fruits do not fall off the plant, remaining on the bush until late autumn.<\/p>\n<p>Recommendations: it is recommended to be grown on fertile or moderately fertile soils. The fruits can be dried, then rehydrated during winter and used similarly to fresh ones.<\/p>\n<p>&nbsp;<\/p>\n<p>&nbsp;<\/p>\n<p>&nbsp;<\/p>","protected":false},"excerpt":{"rendered":"<p>&nbsp; Autori: Ancu Irina, Mladin Gheorghe, Sturzeanu Monica, Coman Mihail, Isac Valentina Origine: soi autohton, ob\u021binut prin hibridarea liber\u0103 a soiului Nero Anul \u00eenregistr\u0103rii: 2018 Caracteristicile \u015fi \u00eensu\u015firile principale pentru care se recomand\u0103: &nbsp; &nbsp; &nbsp;&#8211; se caracterizeaz\u0103 prin vigoarea mare a tufei cu cre\u015ftere globuloas\u0103, tulpini cu ramifica\u0163ie mare. &nbsp; &nbsp; &nbsp;&#8211; perioada de  [&#8230;]<\/p>\n","protected":false},"author":1,"featured_media":13998,"parent":13781,"menu_order":40,"comment_status":"closed","ping_status":"closed","template":"","meta":{"ngg_post_thumbnail":0,"footnotes":""},"categories":[62],"tags":[],"class_list":["post-13997","page","type-page","status-publish","has-post-thumbnail","hentry","category-aronia"],"_links":{"self":[{"href":"https:\/\/icdp.ro\/en\/wp-json\/wp\/v2\/pages\/13997","targetHints":{"allow":["GET"]}}],"collection":[{"href":"https:\/\/icdp.ro\/en\/wp-json\/wp\/v2\/pages"}],"about":[{"href":"https:\/\/icdp.ro\/en\/wp-json\/wp\/v2\/types\/page"}],"author":[{"embeddable":true,"href":"https:\/\/icdp.ro\/en\/wp-json\/wp\/v2\/users\/1"}],"replies":[{"embeddable":true,"href":"https:\/\/icdp.ro\/en\/wp-json\/wp\/v2\/comments?post=13997"}],"version-history":[{"count":4,"href":"https:\/\/icdp.ro\/en\/wp-json\/wp\/v2\/pages\/13997\/revisions"}],"predecessor-version":[{"id":14054,"href":"https:\/\/icdp.ro\/en\/wp-json\/wp\/v2\/pages\/13997\/revisions\/14054"}],"up":[{"embeddable":true,"href":"https:\/\/icdp.ro\/en\/wp-json\/wp\/v2\/pages\/13781"}],"wp:featuredmedia":[{"embeddable":true,"href":"https:\/\/icdp.ro\/en\/wp-json\/wp\/v2\/media\/13998"}],"wp:attachment":[{"href":"https:\/\/icdp.ro\/en\/wp-json\/wp\/v2\/media?parent=13997"}],"wp:term":[{"taxonomy":"category","embeddable":true,"href":"https:\/\/icdp.ro\/en\/wp-json\/wp\/v2\/categories?post=13997"},{"taxonomy":"post_tag","embeddable":true,"href":"https:\/\/icdp.ro\/en\/wp-json\/wp\/v2\/tags?post=13997"}],"curies":[{"name":"wp","href":"https:\/\/api.w.org\/{rel}","templated":true}]}}