{"id":13993,"date":"2024-05-03T19:01:00","date_gmt":"2024-05-03T16:01:00","guid":{"rendered":"https:\/\/icdp.ro\/?page_id=13993"},"modified":"2024-05-03T19:01:00","modified_gmt":"2024-05-03T16:01:00","slug":"loni","status":"publish","type":"page","link":"https:\/\/icdp.ro\/en\/cercetare\/arbusti-fructiferi-si-capsun\/ameliorarea-genetica-a-soiurilor\/loni\/","title":{"rendered":"LONI"},"content":{"rendered":"<p>&nbsp;<\/p>\n<p><a href=\"https:\/\/icdp.ro\/wp-content\/uploads\/2024\/05\/Loni-1-1.jpg\"><img decoding=\"async\" class=\"wp-image-13995 size-fusion-400 alignright\" src=\"https:\/\/icdp.ro\/wp-content\/uploads\/2024\/05\/Loni-1-1-400x400.jpg\" alt=\"\" width=\"400\" height=\"400\" srcset=\"https:\/\/icdp.ro\/wp-content\/uploads\/2024\/05\/Loni-1-1-12x12.jpg 12w, https:\/\/icdp.ro\/wp-content\/uploads\/2024\/05\/Loni-1-1-66x66.jpg 66w, https:\/\/icdp.ro\/wp-content\/uploads\/2024\/05\/Loni-1-1-150x150.jpg 150w, https:\/\/icdp.ro\/wp-content\/uploads\/2024\/05\/Loni-1-1-200x200.jpg 200w, https:\/\/icdp.ro\/wp-content\/uploads\/2024\/05\/Loni-1-1-300x300.jpg 300w, https:\/\/icdp.ro\/wp-content\/uploads\/2024\/05\/Loni-1-1-400x400.jpg 400w, https:\/\/icdp.ro\/wp-content\/uploads\/2024\/05\/Loni-1-1.jpg 591w\" sizes=\"(max-width: 400px) 100vw, 400px\" \/><\/a>Authors:<strong>: <\/strong>Ancu Irina, Mladin Gheorghe, Sturzeanu Monica, Coman Mihail, Isac Valentina<br \/>\nProvenance:<strong>: <\/strong>Open pollination of biotype No. 88<em> Lonicera caerulea<\/em> var. <em>edulis<\/em><strong> \u2013<\/strong><em>kamtschatica<br \/>\n<\/em>Year of registration<strong>: <\/strong>2004.<\/p>\n<p>The main characteristics and properties for which it is recommended:<\/p>\n<ul>\n<li>early ripening, starting from mid-May to the beginning of June;<\/li>\n<li>large fruits, 0.7-1.0 g, sweet-sour taste, pruned, high content in vitamin C (83.6 mg \/ 100 g fresh fruit) and anthocyanins;<\/li>\n<li>resistance to frost.<\/li>\n<\/ul>\n<p>Other skills:<\/p>\n<ul>\n<li>medium productivity, on average 1.5-2.0 kg\/bush;<\/li>\n<li>bushes of medium vigor.<\/li>\n<\/ul>\n<p>Mixed use: fresh consumption, processing in the form of juice, jelly, jam.<\/p>\n<p>&nbsp;<\/p>\n<p>&nbsp;<\/p>\n<p>&nbsp;<\/p>\n<p>&nbsp;<\/p>","protected":false},"excerpt":{"rendered":"<p>&nbsp; Autori: Gh. Mladin, Paulina Mladin Provenien\u0163a: Hibridare liber\u0103 a biotipului Nr. 88 &#8211; Lonicera caerulea var. edulis \u2013kamtschatica Anul \u00eenregistr\u0103rii: 2004. Caracteristicile \u015fi \u00eensu\u015firile principale pentru care se recomand\u0103: maturarea extratimpurie, \u00eencep\u00e2nd de la jum\u0103tatea lunii mai p\u00e2n\u0103 la \u00eenceputul lunii iunie; fructele mari, 0,7-1,0 g, gust dulce-acri\u015for, pruinate, con\u0163inut ridicat \u00een vitamina C  [&#8230;]<\/p>\n","protected":false},"author":1,"featured_media":13994,"parent":13781,"menu_order":39,"comment_status":"closed","ping_status":"closed","template":"","meta":{"ngg_post_thumbnail":0,"footnotes":""},"categories":[61],"tags":[],"class_list":["post-13993","page","type-page","status-publish","has-post-thumbnail","hentry","category-lonicera"],"_links":{"self":[{"href":"https:\/\/icdp.ro\/en\/wp-json\/wp\/v2\/pages\/13993","targetHints":{"allow":["GET"]}}],"collection":[{"href":"https:\/\/icdp.ro\/en\/wp-json\/wp\/v2\/pages"}],"about":[{"href":"https:\/\/icdp.ro\/en\/wp-json\/wp\/v2\/types\/page"}],"author":[{"embeddable":true,"href":"https:\/\/icdp.ro\/en\/wp-json\/wp\/v2\/users\/1"}],"replies":[{"embeddable":true,"href":"https:\/\/icdp.ro\/en\/wp-json\/wp\/v2\/comments?post=13993"}],"version-history":[{"count":1,"href":"https:\/\/icdp.ro\/en\/wp-json\/wp\/v2\/pages\/13993\/revisions"}],"predecessor-version":[{"id":13996,"href":"https:\/\/icdp.ro\/en\/wp-json\/wp\/v2\/pages\/13993\/revisions\/13996"}],"up":[{"embeddable":true,"href":"https:\/\/icdp.ro\/en\/wp-json\/wp\/v2\/pages\/13781"}],"wp:featuredmedia":[{"embeddable":true,"href":"https:\/\/icdp.ro\/en\/wp-json\/wp\/v2\/media\/13994"}],"wp:attachment":[{"href":"https:\/\/icdp.ro\/en\/wp-json\/wp\/v2\/media?parent=13993"}],"wp:term":[{"taxonomy":"category","embeddable":true,"href":"https:\/\/icdp.ro\/en\/wp-json\/wp\/v2\/categories?post=13993"},{"taxonomy":"post_tag","embeddable":true,"href":"https:\/\/icdp.ro\/en\/wp-json\/wp\/v2\/tags?post=13993"}],"curies":[{"name":"wp","href":"https:\/\/api.w.org\/{rel}","templated":true}]}}