{"id":13989,"date":"2024-05-03T18:59:25","date_gmt":"2024-05-03T15:59:25","guid":{"rendered":"https:\/\/icdp.ro\/?page_id=13989"},"modified":"2024-05-03T18:59:25","modified_gmt":"2024-05-03T15:59:25","slug":"kami","status":"publish","type":"page","link":"https:\/\/icdp.ro\/en\/cercetare\/arbusti-fructiferi-si-capsun\/ameliorarea-genetica-a-soiurilor\/kami\/","title":{"rendered":"KAMI"},"content":{"rendered":"<p>&nbsp;<\/p>\n<p><a href=\"https:\/\/icdp.ro\/wp-content\/uploads\/2024\/05\/Kami-1.jpg\"><img decoding=\"async\" class=\"wp-image-13991 size-fusion-400 alignright\" src=\"https:\/\/icdp.ro\/wp-content\/uploads\/2024\/05\/Kami-1-400x400.jpg\" alt=\"\" width=\"400\" height=\"400\" srcset=\"https:\/\/icdp.ro\/wp-content\/uploads\/2024\/05\/Kami-1-12x12.jpg 12w, https:\/\/icdp.ro\/wp-content\/uploads\/2024\/05\/Kami-1-66x66.jpg 66w, https:\/\/icdp.ro\/wp-content\/uploads\/2024\/05\/Kami-1-150x150.jpg 150w, https:\/\/icdp.ro\/wp-content\/uploads\/2024\/05\/Kami-1-200x200.jpg 200w, https:\/\/icdp.ro\/wp-content\/uploads\/2024\/05\/Kami-1-300x300.jpg 300w, https:\/\/icdp.ro\/wp-content\/uploads\/2024\/05\/Kami-1-400x400.jpg 400w, https:\/\/icdp.ro\/wp-content\/uploads\/2024\/05\/Kami-1.jpg 591w\" sizes=\"(max-width: 400px) 100vw, 400px\" \/><\/a>Authors:<strong>: <\/strong>Ancu Irina, Mladin Gheorghe, Sturzeanu Monica, Coman Mihail, Isac Valentina<br \/>\nProvenance:<strong>: <\/strong>Open pollination of biotype No. 57<em> Lonicera caerulea<\/em> var. <em>edulis<\/em><strong> \u2013<\/strong><em>kamtschatica<br \/>\n<\/em>Year of registration<strong>: <\/strong>2012.<\/p>\n<p>The main characteristics and properties for which it is recommended:<\/p>\n<ul>\n<li>productivity, on average 1.5-2.5 kg\/bush,<\/li>\n<li>extra-early and staggered fruit ripening, from mid-May to early June.<\/li>\n<li>the long, blue fruits, with a sweet-almond taste, large, 0.9-1.3 g, have a rich biochemical content: ascorbic acid 60.2 mg\/100 g fresh fruit, total sugars 7.09 %, pectins 0.35%, tannins 0.25%, soluble dry matter 14.3% and mineral substances 0.68%.&nbsp;&nbsp;&nbsp;&nbsp;&nbsp;&nbsp;&nbsp;<\/li>\n<li>bushes of great vigor<\/li>\n<\/ul>\n<p>Mixed use: fresh consumption, processing in the form of juice, jelly, jam.<\/p>\n<p>&nbsp;<\/p>\n<p>&nbsp;<\/p>\n<p>&nbsp;<\/p>\n<p>&nbsp;<\/p>","protected":false},"excerpt":{"rendered":"<p>&nbsp; Autori: Gh. Mladin, Paulina Mladin Provenien\u0163a: Hibridare liber\u0103 a biotipului Nr. 57 &#8211; Lonicera caerulea var. edulis \u2013kamtschatica Anul \u00eenregistr\u0103rii: 2012. Caracteristicile \u015fi \u00eensu\u015firile principale pentru care se recomand\u0103: productivitate, \u00een medie 1,5-2,5 kg\/tuf\u0103, maturare extratimpurie \u015fi e\u015falonat\u0103 a fructelor, de la jum\u0103tatea lunii mai p\u00e2n\u0103 la \u00eenceputul lunii iunie. fructele lungi, de culoare  [&#8230;]<\/p>\n","protected":false},"author":1,"featured_media":13990,"parent":13781,"menu_order":38,"comment_status":"closed","ping_status":"closed","template":"","meta":{"ngg_post_thumbnail":0,"footnotes":""},"categories":[61],"tags":[],"class_list":["post-13989","page","type-page","status-publish","has-post-thumbnail","hentry","category-lonicera"],"_links":{"self":[{"href":"https:\/\/icdp.ro\/en\/wp-json\/wp\/v2\/pages\/13989","targetHints":{"allow":["GET"]}}],"collection":[{"href":"https:\/\/icdp.ro\/en\/wp-json\/wp\/v2\/pages"}],"about":[{"href":"https:\/\/icdp.ro\/en\/wp-json\/wp\/v2\/types\/page"}],"author":[{"embeddable":true,"href":"https:\/\/icdp.ro\/en\/wp-json\/wp\/v2\/users\/1"}],"replies":[{"embeddable":true,"href":"https:\/\/icdp.ro\/en\/wp-json\/wp\/v2\/comments?post=13989"}],"version-history":[{"count":1,"href":"https:\/\/icdp.ro\/en\/wp-json\/wp\/v2\/pages\/13989\/revisions"}],"predecessor-version":[{"id":13992,"href":"https:\/\/icdp.ro\/en\/wp-json\/wp\/v2\/pages\/13989\/revisions\/13992"}],"up":[{"embeddable":true,"href":"https:\/\/icdp.ro\/en\/wp-json\/wp\/v2\/pages\/13781"}],"wp:featuredmedia":[{"embeddable":true,"href":"https:\/\/icdp.ro\/en\/wp-json\/wp\/v2\/media\/13990"}],"wp:attachment":[{"href":"https:\/\/icdp.ro\/en\/wp-json\/wp\/v2\/media?parent=13989"}],"wp:term":[{"taxonomy":"category","embeddable":true,"href":"https:\/\/icdp.ro\/en\/wp-json\/wp\/v2\/categories?post=13989"},{"taxonomy":"post_tag","embeddable":true,"href":"https:\/\/icdp.ro\/en\/wp-json\/wp\/v2\/tags?post=13989"}],"curies":[{"name":"wp","href":"https:\/\/api.w.org\/{rel}","templated":true}]}}