{"id":13977,"date":"2024-05-03T18:55:28","date_gmt":"2024-05-03T15:55:28","guid":{"rendered":"https:\/\/icdp.ro\/?page_id=13977"},"modified":"2024-05-03T18:55:28","modified_gmt":"2024-05-03T15:55:28","slug":"serpeni","status":"publish","type":"page","link":"https:\/\/icdp.ro\/en\/cercetare\/arbusti-fructiferi-si-capsun\/ameliorarea-genetica-a-soiurilor\/serpeni\/","title":{"rendered":"\u0218ERPENI"},"content":{"rendered":"<p>&nbsp;<\/p>\n<p><a href=\"https:\/\/icdp.ro\/wp-content\/uploads\/2024\/05\/Serpeni-1.jpg\"><img decoding=\"async\" class=\"wp-image-13979 size-fusion-400 alignright\" src=\"https:\/\/icdp.ro\/wp-content\/uploads\/2024\/05\/Serpeni-1-400x300.jpg\" alt=\"\" width=\"400\" height=\"300\" srcset=\"https:\/\/icdp.ro\/wp-content\/uploads\/2024\/05\/Serpeni-1-16x12.jpg 16w, https:\/\/icdp.ro\/wp-content\/uploads\/2024\/05\/Serpeni-1-200x150.jpg 200w, https:\/\/icdp.ro\/wp-content\/uploads\/2024\/05\/Serpeni-1-300x225.jpg 300w, https:\/\/icdp.ro\/wp-content\/uploads\/2024\/05\/Serpeni-1-400x300.jpg 400w, https:\/\/icdp.ro\/wp-content\/uploads\/2024\/05\/Serpeni-1-600x450.jpg 600w, https:\/\/icdp.ro\/wp-content\/uploads\/2024\/05\/Serpeni-1-768x576.jpg 768w, https:\/\/icdp.ro\/wp-content\/uploads\/2024\/05\/Serpeni-1-800x600.jpg 800w, https:\/\/icdp.ro\/wp-content\/uploads\/2024\/05\/Serpeni-1-1024x768.jpg 1024w, https:\/\/icdp.ro\/wp-content\/uploads\/2024\/05\/Serpeni-1-1200x900.jpg 1200w, https:\/\/icdp.ro\/wp-content\/uploads\/2024\/05\/Serpeni-1-1536x1152.jpg 1536w, https:\/\/icdp.ro\/wp-content\/uploads\/2024\/05\/Serpeni-1.jpg 1600w\" sizes=\"(max-width: 400px) 100vw, 400px\" \/><\/a>Authors: M. Botez, I. C\u00e2rstea, Gh. Stan<br \/>\nProvenance:<strong>: <\/strong>Clonal selection from populations of spontaneous flora of <em>Hippophae rhamnoides<\/em> L. var. <em>carpatica..<br \/>\n<\/em>Registration year: 1984<\/p>\n<p>The main characteristics and properties for which it is recommended:<\/p>\n<ul>\n<li>high productivity (in 4-6 years after planting production reaches 15-17 t\/ha, in classical culture and without interventions in the tree crown) and earliness of fruiting;<\/li>\n<li>high biochemical content of the fruit: in vitamin E - 10,380 mg % fresh fruit (\u03b1-tocopherol), vitamin A - 4854,65\u03bcg\/100 g fresh fruit (\u03b2-carotene );<\/li>\n<li>the fruit's ability to shrivel up during a certain period (60-70% of the fruit), usually the second half of October.<\/li>\n<\/ul>\n<p>Other skills:<\/p>\n<ul>\n<li>ripening time - September and harvesting is done before the October-November mists;<\/li>\n<li>Plant vigour: medium to high with intense spiny branches.<\/li>\n<\/ul>\n<p>&nbsp;<\/p>\n<p>&nbsp;<\/p>\n<p>&nbsp;<\/p>\n<p>&nbsp;<\/p>","protected":false},"excerpt":{"rendered":"<p>&nbsp; Autori: M. Botez, I. C\u00e2rstea, Gh. Stan Provenien\u0163a: Selec\u0163ie clonal\u0103 din popula\u0163ii din flora spontan\u0103 de Hippophae rhamnoides L. var. carpatica. Anul \u00eenregistr\u0103rii: 1984. Caracteristicile \u015fi \u00eensu\u015firile principale pentru care se recomand\u0103: productivitate ridicat\u0103 ( \u00een anii 4-6 dup\u0103 plantare produc\u0163ia atinge 15-17 t\/ha, \u00een cultur\u0103 clasic\u0103 \u015fi f\u0103r\u0103 interven\u0163ii \u00een coroana pomului) \u015fi  [&#8230;]<\/p>\n","protected":false},"author":1,"featured_media":13978,"parent":13781,"menu_order":36,"comment_status":"closed","ping_status":"closed","template":"","meta":{"ngg_post_thumbnail":0,"footnotes":""},"categories":[60],"tags":[],"class_list":["post-13977","page","type-page","status-publish","has-post-thumbnail","hentry","category-catina"],"_links":{"self":[{"href":"https:\/\/icdp.ro\/en\/wp-json\/wp\/v2\/pages\/13977","targetHints":{"allow":["GET"]}}],"collection":[{"href":"https:\/\/icdp.ro\/en\/wp-json\/wp\/v2\/pages"}],"about":[{"href":"https:\/\/icdp.ro\/en\/wp-json\/wp\/v2\/types\/page"}],"author":[{"embeddable":true,"href":"https:\/\/icdp.ro\/en\/wp-json\/wp\/v2\/users\/1"}],"replies":[{"embeddable":true,"href":"https:\/\/icdp.ro\/en\/wp-json\/wp\/v2\/comments?post=13977"}],"version-history":[{"count":1,"href":"https:\/\/icdp.ro\/en\/wp-json\/wp\/v2\/pages\/13977\/revisions"}],"predecessor-version":[{"id":13980,"href":"https:\/\/icdp.ro\/en\/wp-json\/wp\/v2\/pages\/13977\/revisions\/13980"}],"up":[{"embeddable":true,"href":"https:\/\/icdp.ro\/en\/wp-json\/wp\/v2\/pages\/13781"}],"wp:featuredmedia":[{"embeddable":true,"href":"https:\/\/icdp.ro\/en\/wp-json\/wp\/v2\/media\/13978"}],"wp:attachment":[{"href":"https:\/\/icdp.ro\/en\/wp-json\/wp\/v2\/media?parent=13977"}],"wp:term":[{"taxonomy":"category","embeddable":true,"href":"https:\/\/icdp.ro\/en\/wp-json\/wp\/v2\/categories?post=13977"},{"taxonomy":"post_tag","embeddable":true,"href":"https:\/\/icdp.ro\/en\/wp-json\/wp\/v2\/tags?post=13977"}],"curies":[{"name":"wp","href":"https:\/\/api.w.org\/{rel}","templated":true}]}}