{"id":13972,"date":"2024-05-03T18:53:56","date_gmt":"2024-05-03T15:53:56","guid":{"rendered":"https:\/\/icdp.ro\/?page_id=13972"},"modified":"2024-05-03T18:53:56","modified_gmt":"2024-05-03T15:53:56","slug":"pontus","status":"publish","type":"page","link":"https:\/\/icdp.ro\/en\/cercetare\/arbusti-fructiferi-si-capsun\/ameliorarea-genetica-a-soiurilor\/pontus\/","title":{"rendered":"PONTUS"},"content":{"rendered":"<p>&nbsp;<\/p>\n<p><a href=\"https:\/\/icdp.ro\/wp-content\/uploads\/2024\/05\/IMG_4195-rotated.jpg\"><img decoding=\"async\" class=\"wp-image-13974 size-fusion-400 alignright\" src=\"https:\/\/icdp.ro\/wp-content\/uploads\/2024\/05\/IMG_4195-400x533.jpg\" alt=\"\" width=\"400\" height=\"533\" srcset=\"https:\/\/icdp.ro\/wp-content\/uploads\/2024\/05\/IMG_4195-9x12.jpg 9w, https:\/\/icdp.ro\/wp-content\/uploads\/2024\/05\/IMG_4195-200x267.jpg 200w, https:\/\/icdp.ro\/wp-content\/uploads\/2024\/05\/IMG_4195-225x300.jpg 225w, https:\/\/icdp.ro\/wp-content\/uploads\/2024\/05\/IMG_4195-400x533.jpg 400w, https:\/\/icdp.ro\/wp-content\/uploads\/2024\/05\/IMG_4195-600x800.jpg 600w, https:\/\/icdp.ro\/wp-content\/uploads\/2024\/05\/IMG_4195-768x1024.jpg 768w, https:\/\/icdp.ro\/wp-content\/uploads\/2024\/05\/IMG_4195-800x1067.jpg 800w, https:\/\/icdp.ro\/wp-content\/uploads\/2024\/05\/IMG_4195-1152x1536.jpg 1152w, https:\/\/icdp.ro\/wp-content\/uploads\/2024\/05\/IMG_4195-1200x1600.jpg 1200w, https:\/\/icdp.ro\/wp-content\/uploads\/2024\/05\/IMG_4195-rotated.jpg 1224w\" sizes=\"(max-width: 400px) 100vw, 400px\" \/><\/a>Authors:<strong>: <\/strong>Coman Mihail<br \/>\nOrigin: Clonal selection from populations of spontaneous flora of <em>Hippophae rhamnoides<\/em> L. var. <em>carpatica..<br \/>\n<\/em>Year of registration<strong>: <\/strong>2022<\/p>\n<p>The main characteristics and properties for which it is recommended:<\/p>\n<ul>\n<li>- The flowers are unisexual male, appearing early in spring, before the foliage, medium-sized, arranged on one-year-old branches and multi-year stems, brown in color, grouped in 4-6 in short racemes, lacking a corolla. The bract is scaly, the calyx tube reduced with two calyx segments of 2.5-3 mm in length, containing four stamens.<\/li>\n<\/ul>\n<p>Other skills:<\/p>\n<ul>\n<li>- A male pollinating plant is necessary for every 7 or 8 female plants and is intercalated in a row before or after them depending on the wind direction in the area, so that the pollen is carried towards the female plants.<\/li>\n<\/ul>\n<p>&nbsp;<\/p>\n<p>&nbsp;<\/p>\n<p>&nbsp;<\/p>\n<p>&nbsp;<\/p>","protected":false},"excerpt":{"rendered":"<p>&nbsp; Autori: Coman Mihail Provenien\u0163a: Selec\u0163ie clonal\u0103 din popula\u0163ii din flora spontan\u0103 de Hippophae rhamnoides L. var. carpatica. Anul \u00eenregistr\u0103rii: 2022 Caracteristicile \u015fi \u00eensu\u015firile principale pentru care se recomand\u0103: florile sunt unisexuat mascule, apar prim\u0103vara devreme, \u00eenaintea frunzi\u0219ului, mijlocii, dispuse pe ramuri de un an \u0219i pe tulpini multianuale, de culoare cafenie, grupate c\u00e2te 4-6  [&#8230;]<\/p>\n","protected":false},"author":1,"featured_media":13973,"parent":13781,"menu_order":35,"comment_status":"closed","ping_status":"closed","template":"","meta":{"ngg_post_thumbnail":0,"footnotes":""},"categories":[60],"tags":[],"class_list":["post-13972","page","type-page","status-publish","has-post-thumbnail","hentry","category-catina"],"_links":{"self":[{"href":"https:\/\/icdp.ro\/en\/wp-json\/wp\/v2\/pages\/13972","targetHints":{"allow":["GET"]}}],"collection":[{"href":"https:\/\/icdp.ro\/en\/wp-json\/wp\/v2\/pages"}],"about":[{"href":"https:\/\/icdp.ro\/en\/wp-json\/wp\/v2\/types\/page"}],"author":[{"embeddable":true,"href":"https:\/\/icdp.ro\/en\/wp-json\/wp\/v2\/users\/1"}],"replies":[{"embeddable":true,"href":"https:\/\/icdp.ro\/en\/wp-json\/wp\/v2\/comments?post=13972"}],"version-history":[{"count":2,"href":"https:\/\/icdp.ro\/en\/wp-json\/wp\/v2\/pages\/13972\/revisions"}],"predecessor-version":[{"id":13976,"href":"https:\/\/icdp.ro\/en\/wp-json\/wp\/v2\/pages\/13972\/revisions\/13976"}],"up":[{"embeddable":true,"href":"https:\/\/icdp.ro\/en\/wp-json\/wp\/v2\/pages\/13781"}],"wp:featuredmedia":[{"embeddable":true,"href":"https:\/\/icdp.ro\/en\/wp-json\/wp\/v2\/media\/13973"}],"wp:attachment":[{"href":"https:\/\/icdp.ro\/en\/wp-json\/wp\/v2\/media?parent=13972"}],"wp:term":[{"taxonomy":"category","embeddable":true,"href":"https:\/\/icdp.ro\/en\/wp-json\/wp\/v2\/categories?post=13972"},{"taxonomy":"post_tag","embeddable":true,"href":"https:\/\/icdp.ro\/en\/wp-json\/wp\/v2\/tags?post=13972"}],"curies":[{"name":"wp","href":"https:\/\/api.w.org\/{rel}","templated":true}]}}