{"id":13956,"date":"2024-05-03T18:41:27","date_gmt":"2024-05-03T15:41:27","guid":{"rendered":"https:\/\/icdp.ro\/?page_id=13956"},"modified":"2024-05-03T18:41:27","modified_gmt":"2024-05-03T15:41:27","slug":"carina","status":"publish","type":"page","link":"https:\/\/icdp.ro\/en\/cercetare\/arbusti-fructiferi-si-capsun\/ameliorarea-genetica-a-soiurilor\/carina\/","title":{"rendered":"CARINA"},"content":{"rendered":"<p>&nbsp;<\/p>\n<p><a href=\"https:\/\/icdp.ro\/wp-content\/uploads\/2024\/05\/carina-1.jpg\"><img decoding=\"async\" class=\"wp-image-13958 size-fusion-400 alignright\" src=\"https:\/\/icdp.ro\/wp-content\/uploads\/2024\/05\/carina-1-400x396.jpg\" alt=\"\" width=\"400\" height=\"396\" srcset=\"https:\/\/icdp.ro\/wp-content\/uploads\/2024\/05\/carina-1-12x12.jpg 12w, https:\/\/icdp.ro\/wp-content\/uploads\/2024\/05\/carina-1-66x66.jpg 66w, https:\/\/icdp.ro\/wp-content\/uploads\/2024\/05\/carina-1-150x150.jpg 150w, https:\/\/icdp.ro\/wp-content\/uploads\/2024\/05\/carina-1-200x198.jpg 200w, https:\/\/icdp.ro\/wp-content\/uploads\/2024\/05\/carina-1-300x297.jpg 300w, https:\/\/icdp.ro\/wp-content\/uploads\/2024\/05\/carina-1-400x396.jpg 400w, https:\/\/icdp.ro\/wp-content\/uploads\/2024\/05\/carina-1.jpg 412w\" sizes=\"(max-width: 400px) 100vw, 400px\" \/><\/a>Authors: Pasca Gheorghe, Coman Mihail, Titiric\u0103 Irina, Sturzeanu Monica, Isac Valentina<br \/>\nProvenance:<strong>: <\/strong>Clonal selection from populations of spontaneous flora of <em>Hippophae rhamnoides<\/em> L. var. <em>carpatica, <\/em>in the Bistri\u0163a-Nasaud area.<br \/>\nRegistration year: 2016.<\/p>\n<p>The main characteristics and properties for which it is recommended:<\/p>\n<ul>\n<li>productivity is high, with yields in the full fruiting period ranging from 11.5-12 kg\/pom;<\/li>\n<li>Fruit content in biochemical compounds: vitamin C - 46,60 mg % fruit, organic acids 2,61 % (malic acid), provitamin E - 22,400 mg \u03b1-tocopherol \/100 g fresh fruit, provitamin A - 4786,08 \u03bcg \u03b2-carotene \/100 g fresh fruit, soluble dry matter - 10,47 %Brix;<\/li>\n<li>the fruit's ability to shrivel up during a certain period (60-70% of the fruit), usually the second half of October.<\/li>\n<\/ul>\n<p>Other skills:<\/p>\n<ul>\n<li>ripening time - end of September, harvesting is done by the time the October-November mists come and the berries are well attached to the branch;<\/li>\n<li>It is recommended for cultivation in different areas of the country, from the plains to the submontane zone, for use in the food and phytopharmaceutical industries.<\/li>\n<\/ul>\n<p>&nbsp;<\/p>\n<p>&nbsp;<\/p>\n<p>&nbsp;<\/p>\n<p>&nbsp;<\/p>","protected":false},"excerpt":{"rendered":"<p>&nbsp; Autori: Mihail Coman, Simion Pa\u0219ca, Irina Dumitric\u0103, Monica Sturzeanu, Valentina Isac. Provenien\u0163a: Selec\u0163ie clonal\u0103 din popula\u0163ii din flora spontan\u0103 de Hippophae rhamnoides L. var. carpatica, din zona Bistri\u021ba. Anul \u00eenregistr\u0103rii: 2016 Caracteristicile \u015fi \u00eensu\u015firile principale pentru care se recomand\u0103: productivitatea este ridicat\u0103, produc\u0163iile \u00een plin\u0103 perioad\u0103 de fructificare fiind cuprinse \u00eentre 11,5-12 kg\/pom; Con\u0163inutul  [&#8230;]<\/p>\n","protected":false},"author":1,"featured_media":13957,"parent":13781,"menu_order":32,"comment_status":"closed","ping_status":"closed","template":"","meta":{"ngg_post_thumbnail":0,"footnotes":""},"categories":[60],"tags":[],"class_list":["post-13956","page","type-page","status-publish","has-post-thumbnail","hentry","category-catina"],"_links":{"self":[{"href":"https:\/\/icdp.ro\/en\/wp-json\/wp\/v2\/pages\/13956","targetHints":{"allow":["GET"]}}],"collection":[{"href":"https:\/\/icdp.ro\/en\/wp-json\/wp\/v2\/pages"}],"about":[{"href":"https:\/\/icdp.ro\/en\/wp-json\/wp\/v2\/types\/page"}],"author":[{"embeddable":true,"href":"https:\/\/icdp.ro\/en\/wp-json\/wp\/v2\/users\/1"}],"replies":[{"embeddable":true,"href":"https:\/\/icdp.ro\/en\/wp-json\/wp\/v2\/comments?post=13956"}],"version-history":[{"count":1,"href":"https:\/\/icdp.ro\/en\/wp-json\/wp\/v2\/pages\/13956\/revisions"}],"predecessor-version":[{"id":13959,"href":"https:\/\/icdp.ro\/en\/wp-json\/wp\/v2\/pages\/13956\/revisions\/13959"}],"up":[{"embeddable":true,"href":"https:\/\/icdp.ro\/en\/wp-json\/wp\/v2\/pages\/13781"}],"wp:featuredmedia":[{"embeddable":true,"href":"https:\/\/icdp.ro\/en\/wp-json\/wp\/v2\/media\/13957"}],"wp:attachment":[{"href":"https:\/\/icdp.ro\/en\/wp-json\/wp\/v2\/media?parent=13956"}],"wp:term":[{"taxonomy":"category","embeddable":true,"href":"https:\/\/icdp.ro\/en\/wp-json\/wp\/v2\/categories?post=13956"},{"taxonomy":"post_tag","embeddable":true,"href":"https:\/\/icdp.ro\/en\/wp-json\/wp\/v2\/tags?post=13956"}],"curies":[{"name":"wp","href":"https:\/\/api.w.org\/{rel}","templated":true}]}}