{"id":13952,"date":"2024-05-03T18:39:27","date_gmt":"2024-05-03T15:39:27","guid":{"rendered":"https:\/\/icdp.ro\/?page_id=13952"},"modified":"2024-05-03T18:39:27","modified_gmt":"2024-05-03T15:39:27","slug":"dar-24","status":"publish","type":"page","link":"https:\/\/icdp.ro\/en\/cercetare\/arbusti-fructiferi-si-capsun\/ameliorarea-genetica-a-soiurilor\/dar-24\/","title":{"rendered":"DAR-24"},"content":{"rendered":"<p>&nbsp;<\/p>\n<p><a href=\"https:\/\/icdp.ro\/wp-content\/uploads\/2024\/05\/Dar-24-ext-1-scaled.jpg\"><img decoding=\"async\" class=\"wp-image-13954 size-fusion-400 alignright\" src=\"https:\/\/icdp.ro\/wp-content\/uploads\/2024\/05\/Dar-24-ext-1-400x266.jpg\" alt=\"\" width=\"400\" height=\"266\" srcset=\"https:\/\/icdp.ro\/wp-content\/uploads\/2024\/05\/Dar-24-ext-1-18x12.jpg 18w, https:\/\/icdp.ro\/wp-content\/uploads\/2024\/05\/Dar-24-ext-1-200x133.jpg 200w, https:\/\/icdp.ro\/wp-content\/uploads\/2024\/05\/Dar-24-ext-1-300x200.jpg 300w, https:\/\/icdp.ro\/wp-content\/uploads\/2024\/05\/Dar-24-ext-1-400x266.jpg 400w, https:\/\/icdp.ro\/wp-content\/uploads\/2024\/05\/Dar-24-ext-1-600x399.jpg 600w, https:\/\/icdp.ro\/wp-content\/uploads\/2024\/05\/Dar-24-ext-1-768x511.jpg 768w, https:\/\/icdp.ro\/wp-content\/uploads\/2024\/05\/Dar-24-ext-1-800x532.jpg 800w, https:\/\/icdp.ro\/wp-content\/uploads\/2024\/05\/Dar-24-ext-1-1024x681.jpg 1024w, https:\/\/icdp.ro\/wp-content\/uploads\/2024\/05\/Dar-24-ext-1-1200x799.jpg 1200w, https:\/\/icdp.ro\/wp-content\/uploads\/2024\/05\/Dar-24-ext-1-1536x1022.jpg 1536w\" sizes=\"(max-width: 400px) 100vw, 400px\" \/><\/a>Author: Paulina Mladin<br \/>\nOrigin: open pollination of the Darrow cultivar.<br \/>\nYear of registration: 2006<\/p>\n<p>The main characteristics and properties for which it is recommended:<\/p>\n<ul>\n<li>- fruit quality: large and very large (9.0 \u2013 13.0 g), black, glossy, sweet, aromatic fruits;<\/li>\n<li>- high productivity, on average 4.0 kg \/ bush;<\/li>\n<li>- good frost resistance.<\/li>\n<\/ul>\n<p>Other skills:<\/p>\n<ul>\n<li>- middle ripening season \u2013 July - August;<\/li>\n<li>- bushes of medium-high vigor, stems with erect bearing, with thorns;<\/li>\n<\/ul>\n<p>Use: fresh consumption, processing in the form of juices, jelly, in confectionery - pastries and freezing.<\/p>\n<p>&nbsp;<\/p>\n<p>&nbsp;<\/p>\n<p>&nbsp;<\/p>\n<p>&nbsp;<\/p>","protected":false},"excerpt":{"rendered":"<p>&nbsp; Autor: Paulina Mladin Originea : hibridare liber\u0103 a soiului Darrow. Anul \u00eenregistr\u0103rii: 2006 Caracteristicile \u015fi \u00eensu\u015firile principale pentru care se recomand\u0103: calitatea fructelor: fructe mari \u015fi foarte mari (9,0 \u2013 13,0 g), de culoare neagr\u0103, lucioase, dulci, aromate; productivitate ridicat\u0103, \u00een medie 4,0 kg \/ tuf\u0103; rezisten\u0163a bun\u0103 la ger. Alte \u00eensu\u015firi: sezon de  [&#8230;]<\/p>\n","protected":false},"author":1,"featured_media":13953,"parent":13781,"menu_order":31,"comment_status":"closed","ping_status":"closed","template":"","meta":{"ngg_post_thumbnail":0,"footnotes":""},"categories":[59],"tags":[],"class_list":["post-13952","page","type-page","status-publish","has-post-thumbnail","hentry","category-mur"],"_links":{"self":[{"href":"https:\/\/icdp.ro\/en\/wp-json\/wp\/v2\/pages\/13952","targetHints":{"allow":["GET"]}}],"collection":[{"href":"https:\/\/icdp.ro\/en\/wp-json\/wp\/v2\/pages"}],"about":[{"href":"https:\/\/icdp.ro\/en\/wp-json\/wp\/v2\/types\/page"}],"author":[{"embeddable":true,"href":"https:\/\/icdp.ro\/en\/wp-json\/wp\/v2\/users\/1"}],"replies":[{"embeddable":true,"href":"https:\/\/icdp.ro\/en\/wp-json\/wp\/v2\/comments?post=13952"}],"version-history":[{"count":1,"href":"https:\/\/icdp.ro\/en\/wp-json\/wp\/v2\/pages\/13952\/revisions"}],"predecessor-version":[{"id":13955,"href":"https:\/\/icdp.ro\/en\/wp-json\/wp\/v2\/pages\/13952\/revisions\/13955"}],"up":[{"embeddable":true,"href":"https:\/\/icdp.ro\/en\/wp-json\/wp\/v2\/pages\/13781"}],"wp:featuredmedia":[{"embeddable":true,"href":"https:\/\/icdp.ro\/en\/wp-json\/wp\/v2\/media\/13953"}],"wp:attachment":[{"href":"https:\/\/icdp.ro\/en\/wp-json\/wp\/v2\/media?parent=13952"}],"wp:term":[{"taxonomy":"category","embeddable":true,"href":"https:\/\/icdp.ro\/en\/wp-json\/wp\/v2\/categories?post=13952"},{"taxonomy":"post_tag","embeddable":true,"href":"https:\/\/icdp.ro\/en\/wp-json\/wp\/v2\/tags?post=13952"}],"curies":[{"name":"wp","href":"https:\/\/api.w.org\/{rel}","templated":true}]}}