{"id":13941,"date":"2024-05-03T18:33:47","date_gmt":"2024-05-03T15:33:47","guid":{"rendered":"https:\/\/icdp.ro\/?page_id=13941"},"modified":"2024-05-03T18:33:47","modified_gmt":"2024-05-03T15:33:47","slug":"vely","status":"publish","type":"page","link":"https:\/\/icdp.ro\/en\/cercetare\/arbusti-fructiferi-si-capsun\/ameliorarea-genetica-a-soiurilor\/vely\/","title":{"rendered":"VELY"},"content":{"rendered":"<p>&nbsp;<\/p>\n<p><a href=\"https:\/\/icdp.ro\/wp-content\/uploads\/2024\/05\/soiul-Vely-a-1.jpg\"><img decoding=\"async\" class=\"wp-image-13943 size-fusion-400 alignright\" src=\"https:\/\/icdp.ro\/wp-content\/uploads\/2024\/05\/soiul-Vely-a-1-400x242.jpg\" alt=\"\" width=\"400\" height=\"242\" srcset=\"https:\/\/icdp.ro\/wp-content\/uploads\/2024\/05\/soiul-Vely-a-1-18x12.jpg 18w, https:\/\/icdp.ro\/wp-content\/uploads\/2024\/05\/soiul-Vely-a-1-200x121.jpg 200w, https:\/\/icdp.ro\/wp-content\/uploads\/2024\/05\/soiul-Vely-a-1-300x182.jpg 300w, https:\/\/icdp.ro\/wp-content\/uploads\/2024\/05\/soiul-Vely-a-1-400x242.jpg 400w, https:\/\/icdp.ro\/wp-content\/uploads\/2024\/05\/soiul-Vely-a-1-600x363.jpg 600w, https:\/\/icdp.ro\/wp-content\/uploads\/2024\/05\/soiul-Vely-a-1-768x465.jpg 768w, https:\/\/icdp.ro\/wp-content\/uploads\/2024\/05\/soiul-Vely-a-1-800x484.jpg 800w, https:\/\/icdp.ro\/wp-content\/uploads\/2024\/05\/soiul-Vely-a-1-1024x620.jpg 1024w, https:\/\/icdp.ro\/wp-content\/uploads\/2024\/05\/soiul-Vely-a-1-1200x726.jpg 1200w, https:\/\/icdp.ro\/wp-content\/uploads\/2024\/05\/soiul-Vely-a-1-1536x929.jpg 1536w, https:\/\/icdp.ro\/wp-content\/uploads\/2024\/05\/soiul-Vely-a-1.jpg 1600w\" sizes=\"(max-width: 400px) 100vw, 400px\" \/><\/a>Author: Paulina Mladin<br \/>\nOrigin: controlled hybridization of Veten x Glen Lyon cultivars.<br \/>\nYear of registration: 2008.<\/p>\n<p>The main characteristics and properties for which it is recommended:<br \/>\n&nbsp; - it is a remontant variety, fruiting in the same growing season on 2-year-old stems and on 1-year-old stems;<br \/>\n&nbsp;&nbsp;- the ripening period on 2-year stems - middle - first half of July;<br \/>\n&nbsp; - the ripening period on the 1-year stems is mid-August to the end of September;<br \/>\n&nbsp; - productivity in the summer season is on average 0.9-1.0 kg \/ m.l. at a stem density of 8 stems\/m.l. (3.0-3.3 t\/ha), and the autumn one of 1.5-1.7 kg\/m.l. (4.95 - 5.6 t \/ ha);&nbsp;&nbsp;<br \/>\n- medium-large fruits, intense red in color, purple when overripe, with weak gloss, good organoleptic qualities, sweet-acidic taste, with medium aroma;<\/p>\n<p>Other skills:<\/p>\n<p>&nbsp; - the medium vigor of the plant, tall and moderately thick stems and with straight bearing, with medium capacity for dragoning (emission of new stems);<br \/>\n&nbsp; - medium resistance to frost.<\/p>\n<p>Use: fresh consumption, processing in the form of juices, jelly, in confectionery - pastries and freezing.<\/p>\n<p>&nbsp;<\/p>\n<p>&nbsp;<\/p>\n<p>&nbsp;<\/p>\n<p>&nbsp;<\/p>","protected":false},"excerpt":{"rendered":"<p>&nbsp; Autor: Paulina Mladin Originea: hibridare controlat\u0103 a soiurilor Veten x Glen Lyon. Anul \u00eenregistr\u0103rii: 2008. Caracteristicile \u015fi \u00eensu\u015firile principale pentru care se recomand\u0103: &nbsp; &#8211;&nbsp; este un soi remontant, fructific\u00e2nd \u00een acela\u015fi sezon de vegeta\u0163ie pe tulpini de 2 ani \u015fi pe tulpini de 1 an; &nbsp;&nbsp;&#8211; perioada de maturare pe tulpinile de 2  [&#8230;]<\/p>\n","protected":false},"author":1,"featured_media":13942,"parent":13781,"menu_order":29,"comment_status":"closed","ping_status":"closed","template":"","meta":{"ngg_post_thumbnail":0,"footnotes":""},"categories":[58],"tags":[],"class_list":["post-13941","page","type-page","status-publish","has-post-thumbnail","hentry","category-zmeur"],"_links":{"self":[{"href":"https:\/\/icdp.ro\/en\/wp-json\/wp\/v2\/pages\/13941","targetHints":{"allow":["GET"]}}],"collection":[{"href":"https:\/\/icdp.ro\/en\/wp-json\/wp\/v2\/pages"}],"about":[{"href":"https:\/\/icdp.ro\/en\/wp-json\/wp\/v2\/types\/page"}],"author":[{"embeddable":true,"href":"https:\/\/icdp.ro\/en\/wp-json\/wp\/v2\/users\/1"}],"replies":[{"embeddable":true,"href":"https:\/\/icdp.ro\/en\/wp-json\/wp\/v2\/comments?post=13941"}],"version-history":[{"count":1,"href":"https:\/\/icdp.ro\/en\/wp-json\/wp\/v2\/pages\/13941\/revisions"}],"predecessor-version":[{"id":13944,"href":"https:\/\/icdp.ro\/en\/wp-json\/wp\/v2\/pages\/13941\/revisions\/13944"}],"up":[{"embeddable":true,"href":"https:\/\/icdp.ro\/en\/wp-json\/wp\/v2\/pages\/13781"}],"wp:featuredmedia":[{"embeddable":true,"href":"https:\/\/icdp.ro\/en\/wp-json\/wp\/v2\/media\/13942"}],"wp:attachment":[{"href":"https:\/\/icdp.ro\/en\/wp-json\/wp\/v2\/media?parent=13941"}],"wp:term":[{"taxonomy":"category","embeddable":true,"href":"https:\/\/icdp.ro\/en\/wp-json\/wp\/v2\/categories?post=13941"},{"taxonomy":"post_tag","embeddable":true,"href":"https:\/\/icdp.ro\/en\/wp-json\/wp\/v2\/tags?post=13941"}],"curies":[{"name":"wp","href":"https:\/\/api.w.org\/{rel}","templated":true}]}}