{"id":13934,"date":"2024-05-03T18:29:58","date_gmt":"2024-05-03T15:29:58","guid":{"rendered":"https:\/\/icdp.ro\/?page_id=13934"},"modified":"2024-05-03T18:29:58","modified_gmt":"2024-05-03T15:29:58","slug":"ruvi","status":"publish","type":"page","link":"https:\/\/icdp.ro\/en\/cercetare\/arbusti-fructiferi-si-capsun\/ameliorarea-genetica-a-soiurilor\/ruvi\/","title":{"rendered":"RUVI"},"content":{"rendered":"<p>&nbsp;<\/p>\n<p><a href=\"https:\/\/icdp.ro\/wp-content\/uploads\/2024\/05\/Ruvi.jpg\"><img decoding=\"async\" class=\"wp-image-13935 size-fusion-400 alignright\" src=\"https:\/\/icdp.ro\/wp-content\/uploads\/2024\/05\/Ruvi-400x400.jpg\" alt=\"\" width=\"400\" height=\"400\" srcset=\"https:\/\/icdp.ro\/wp-content\/uploads\/2024\/05\/Ruvi-12x12.jpg 12w, https:\/\/icdp.ro\/wp-content\/uploads\/2024\/05\/Ruvi-66x66.jpg 66w, https:\/\/icdp.ro\/wp-content\/uploads\/2024\/05\/Ruvi-150x150.jpg 150w, https:\/\/icdp.ro\/wp-content\/uploads\/2024\/05\/Ruvi-200x200.jpg 200w, https:\/\/icdp.ro\/wp-content\/uploads\/2024\/05\/Ruvi-300x300.jpg 300w, https:\/\/icdp.ro\/wp-content\/uploads\/2024\/05\/Ruvi-400x400.jpg 400w, https:\/\/icdp.ro\/wp-content\/uploads\/2024\/05\/Ruvi-600x600.jpg 600w, https:\/\/icdp.ro\/wp-content\/uploads\/2024\/05\/Ruvi-768x768.jpg 768w, https:\/\/icdp.ro\/wp-content\/uploads\/2024\/05\/Ruvi-800x800.jpg 800w, https:\/\/icdp.ro\/wp-content\/uploads\/2024\/05\/Ruvi.jpg 942w\" sizes=\"(max-width: 400px) 100vw, 400px\" \/><\/a>Authors: Paulina Mladin, Gh. Mladin<br \/>\nOrigin: controlled hybridization of the Bulgarian Rubin \u00d7 Viking cultivars.<br \/>\nYear of registration: 1996.<br \/>\nThe main characteristics and properties for which it is recommended:<br \/>\n&nbsp;&nbsp;&nbsp;&nbsp; - it is a variety of high productivity, 8-12 t\/ha, in years when it is not affected by frost;<br \/>\n&nbsp;&nbsp;&nbsp;&nbsp; - it presents very good quality fruits: the fruit is large and very large, conical-elongate in shape, bright red in color, when fully ripe, with good organoleptic qualities;<br \/>\n&nbsp;&nbsp;&nbsp;&nbsp; - tolerance to diseases and pests.<\/p>\n<p>Other skills:<\/p>\n<ul>\n<li>- forms tall, thick stems, with an arched tip, with medium dragonation;<\/li>\n<li>- it is a mid-season variety, maturing 5-7 days after the Cayuga variety;<\/li>\n<li>- tolerant to diseases and pests;<\/li>\n<li>- medium resistance to frost.<\/li>\n<\/ul>\n<p>Use: fresh consumption, processing in the form of juices, jelly, in confectionery - pastries and freezing.<\/p>\n<p>&nbsp;<\/p>\n<p>&nbsp;<\/p>\n<p>&nbsp;<\/p>\n<p>&nbsp;<\/p>","protected":false},"excerpt":{"rendered":"<p>&nbsp; Autori: Paulina Mladin, Gh. Mladin Originea: hibridare controlat\u0103 a soiurilor Rubin bulg\u0103resc \u00d7 Viking. Anul \u00eenregistr\u0103rii: 1996. Caracteristicile \u015fi \u00eensu\u015firile principale pentru care se recomand\u0103: &nbsp;&nbsp;&nbsp;&nbsp; &#8211; este un soi de productivitate ridicat\u0103, 8-12 t \/ha, \u00een anii c\u00e2nd nu este afectat de ger; &nbsp;&nbsp;&nbsp;&nbsp; &#8211; prezint\u0103 fructe de calitate foarte bun\u0103 : fructul  [&#8230;]<\/p>\n","protected":false},"author":1,"featured_media":13935,"parent":13781,"menu_order":27,"comment_status":"closed","ping_status":"closed","template":"","meta":{"ngg_post_thumbnail":0,"footnotes":""},"categories":[58],"tags":[],"class_list":["post-13934","page","type-page","status-publish","has-post-thumbnail","hentry","category-zmeur"],"_links":{"self":[{"href":"https:\/\/icdp.ro\/en\/wp-json\/wp\/v2\/pages\/13934","targetHints":{"allow":["GET"]}}],"collection":[{"href":"https:\/\/icdp.ro\/en\/wp-json\/wp\/v2\/pages"}],"about":[{"href":"https:\/\/icdp.ro\/en\/wp-json\/wp\/v2\/types\/page"}],"author":[{"embeddable":true,"href":"https:\/\/icdp.ro\/en\/wp-json\/wp\/v2\/users\/1"}],"replies":[{"embeddable":true,"href":"https:\/\/icdp.ro\/en\/wp-json\/wp\/v2\/comments?post=13934"}],"version-history":[{"count":1,"href":"https:\/\/icdp.ro\/en\/wp-json\/wp\/v2\/pages\/13934\/revisions"}],"predecessor-version":[{"id":13936,"href":"https:\/\/icdp.ro\/en\/wp-json\/wp\/v2\/pages\/13934\/revisions\/13936"}],"up":[{"embeddable":true,"href":"https:\/\/icdp.ro\/en\/wp-json\/wp\/v2\/pages\/13781"}],"wp:featuredmedia":[{"embeddable":true,"href":"https:\/\/icdp.ro\/en\/wp-json\/wp\/v2\/media\/13935"}],"wp:attachment":[{"href":"https:\/\/icdp.ro\/en\/wp-json\/wp\/v2\/media?parent=13934"}],"wp:term":[{"taxonomy":"category","embeddable":true,"href":"https:\/\/icdp.ro\/en\/wp-json\/wp\/v2\/categories?post=13934"},{"taxonomy":"post_tag","embeddable":true,"href":"https:\/\/icdp.ro\/en\/wp-json\/wp\/v2\/tags?post=13934"}],"curies":[{"name":"wp","href":"https:\/\/api.w.org\/{rel}","templated":true}]}}