{"id":13902,"date":"2024-05-03T15:12:56","date_gmt":"2024-05-03T12:12:56","guid":{"rendered":"https:\/\/icdp.ro\/?page_id=13902"},"modified":"2024-05-03T15:12:56","modified_gmt":"2024-05-03T12:12:56","slug":"poli-51","status":"publish","type":"page","link":"https:\/\/icdp.ro\/en\/cercetare\/arbusti-fructiferi-si-capsun\/ameliorarea-genetica-a-soiurilor\/poli-51\/","title":{"rendered":"POLI 51"},"content":{"rendered":"<p>&nbsp;<\/p>\n<p><a href=\"https:\/\/icdp.ro\/wp-content\/uploads\/2024\/05\/Poli-51-1-scaled.jpg\"><img decoding=\"async\" class=\"wp-image-13904 size-fusion-400 alignright\" src=\"https:\/\/icdp.ro\/wp-content\/uploads\/2024\/05\/Poli-51-1-400x266.jpg\" alt=\"\" width=\"400\" height=\"266\" srcset=\"https:\/\/icdp.ro\/wp-content\/uploads\/2024\/05\/Poli-51-1-18x12.jpg 18w, https:\/\/icdp.ro\/wp-content\/uploads\/2024\/05\/Poli-51-1-200x133.jpg 200w, https:\/\/icdp.ro\/wp-content\/uploads\/2024\/05\/Poli-51-1-300x200.jpg 300w, https:\/\/icdp.ro\/wp-content\/uploads\/2024\/05\/Poli-51-1-400x266.jpg 400w, https:\/\/icdp.ro\/wp-content\/uploads\/2024\/05\/Poli-51-1-600x399.jpg 600w, https:\/\/icdp.ro\/wp-content\/uploads\/2024\/05\/Poli-51-1-768x511.jpg 768w, https:\/\/icdp.ro\/wp-content\/uploads\/2024\/05\/Poli-51-1-800x532.jpg 800w, https:\/\/icdp.ro\/wp-content\/uploads\/2024\/05\/Poli-51-1-1024x681.jpg 1024w, https:\/\/icdp.ro\/wp-content\/uploads\/2024\/05\/Poli-51-1-1200x799.jpg 1200w, https:\/\/icdp.ro\/wp-content\/uploads\/2024\/05\/Poli-51-1-1536x1022.jpg 1536w\" sizes=\"(max-width: 400px) 100vw, 400px\" \/><\/a>Author: Paulina Mladin<br \/>\nOrigin: controlled hybridization of Tsema \u00d7 Kantata 50 varieties.<br \/>\nYear of registration: 2012.<\/p>\n<p>The main characteristics and properties for which it is recommended:<br \/>\n&nbsp;&nbsp;&nbsp; - resistance to powdery mildew and tolerance to anthracnose and rust;<br \/>\n&nbsp;&nbsp;&nbsp; - high productivity, on average 2.5-3.5 kg \/ bush;<br \/>\n&nbsp;&nbsp; &nbsp;- large berries, of an intense black color, shiny, caught in medium-large bunches, with a sweet-sour taste, without a foxy aroma, suitable for fresh consumption, rich in vitamin C 58 mg\/ 100ml fruit juice and 167.20-176.0 mg \/ 100 g fresh fruit, dry matter: 17.22-21.81% Brix, anthocyanins.<\/p>\n<p>Other skills:<br \/>\n&nbsp;&nbsp; - semi-early ripening, end of June;<br \/>\n&nbsp;&nbsp; - forms medium-sized bushes.<\/p>\n<p>Utilizare : &nbsp;consum \u00een stare proasp\u0103t\u0103 (gust nefoxat, dulce \u015fi slab acidulat),&nbsp; prelucrare sub form\u0103 de gem, sirop, compot, congelare \u015fi deshidratare.<\/p>\n<p>&nbsp;<\/p>\n<p>&nbsp;<\/p>\n<p>&nbsp;<\/p>\n<p>&nbsp;<\/p>","protected":false},"excerpt":{"rendered":"<p>&nbsp; Autor: Paulina Mladin Originea: hibridarea controlat\u0103 a soiurilor Tsema \u00d7 Kantata 50. Anul \u00eenregistr\u0103rii: 2012. Caracteristicile \u015fi \u00eensu\u015firile principale pentru care se recomand\u0103: &nbsp;&nbsp;&nbsp; &#8211; rezisten\u0163\u0103 la f\u0103inare \u015fi toleran\u0163\u0103 la antracnoz\u0103 \u015fi rugin\u0103; &nbsp;&nbsp;&nbsp; &#8211; productivitate ridicat\u0103, \u00een medie 2,5-3,5 kg \/ tuf\u0103; &nbsp;&nbsp; &nbsp;&#8211; bace de m\u0103rimi&nbsp; mari, de culoare neagr\u0103 intens\u0103,  [&#8230;]<\/p>\n","protected":false},"author":1,"featured_media":13903,"parent":13781,"menu_order":20,"comment_status":"closed","ping_status":"closed","template":"","meta":{"ngg_post_thumbnail":0,"footnotes":""},"categories":[56],"tags":[],"class_list":["post-13902","page","type-page","status-publish","has-post-thumbnail","hentry","category-coacaz-negru"],"_links":{"self":[{"href":"https:\/\/icdp.ro\/en\/wp-json\/wp\/v2\/pages\/13902","targetHints":{"allow":["GET"]}}],"collection":[{"href":"https:\/\/icdp.ro\/en\/wp-json\/wp\/v2\/pages"}],"about":[{"href":"https:\/\/icdp.ro\/en\/wp-json\/wp\/v2\/types\/page"}],"author":[{"embeddable":true,"href":"https:\/\/icdp.ro\/en\/wp-json\/wp\/v2\/users\/1"}],"replies":[{"embeddable":true,"href":"https:\/\/icdp.ro\/en\/wp-json\/wp\/v2\/comments?post=13902"}],"version-history":[{"count":1,"href":"https:\/\/icdp.ro\/en\/wp-json\/wp\/v2\/pages\/13902\/revisions"}],"predecessor-version":[{"id":13905,"href":"https:\/\/icdp.ro\/en\/wp-json\/wp\/v2\/pages\/13902\/revisions\/13905"}],"up":[{"embeddable":true,"href":"https:\/\/icdp.ro\/en\/wp-json\/wp\/v2\/pages\/13781"}],"wp:featuredmedia":[{"embeddable":true,"href":"https:\/\/icdp.ro\/en\/wp-json\/wp\/v2\/media\/13903"}],"wp:attachment":[{"href":"https:\/\/icdp.ro\/en\/wp-json\/wp\/v2\/media?parent=13902"}],"wp:term":[{"taxonomy":"category","embeddable":true,"href":"https:\/\/icdp.ro\/en\/wp-json\/wp\/v2\/categories?post=13902"},{"taxonomy":"post_tag","embeddable":true,"href":"https:\/\/icdp.ro\/en\/wp-json\/wp\/v2\/tags?post=13902"}],"curies":[{"name":"wp","href":"https:\/\/api.w.org\/{rel}","templated":true}]}}