{"id":13889,"date":"2024-05-03T15:08:04","date_gmt":"2024-05-03T12:08:04","guid":{"rendered":"https:\/\/icdp.ro\/?page_id=13889"},"modified":"2024-05-03T15:08:04","modified_gmt":"2024-05-03T12:08:04","slug":"geo","status":"publish","type":"page","link":"https:\/\/icdp.ro\/en\/cercetare\/arbusti-fructiferi-si-capsun\/ameliorarea-genetica-a-soiurilor\/geo\/","title":{"rendered":"GEO"},"content":{"rendered":"<p>&nbsp;<\/p>\n<p><a href=\"https:\/\/icdp.ro\/wp-content\/uploads\/2024\/05\/Geo-1-scaled.jpg\"><img decoding=\"async\" class=\"wp-image-13891 size-fusion-400 alignright\" src=\"https:\/\/icdp.ro\/wp-content\/uploads\/2024\/05\/Geo-1-400x266.jpg\" alt=\"\" width=\"400\" height=\"266\" srcset=\"https:\/\/icdp.ro\/wp-content\/uploads\/2024\/05\/Geo-1-18x12.jpg 18w, https:\/\/icdp.ro\/wp-content\/uploads\/2024\/05\/Geo-1-200x133.jpg 200w, https:\/\/icdp.ro\/wp-content\/uploads\/2024\/05\/Geo-1-300x200.jpg 300w, https:\/\/icdp.ro\/wp-content\/uploads\/2024\/05\/Geo-1-400x266.jpg 400w, https:\/\/icdp.ro\/wp-content\/uploads\/2024\/05\/Geo-1-600x399.jpg 600w, https:\/\/icdp.ro\/wp-content\/uploads\/2024\/05\/Geo-1-768x511.jpg 768w, https:\/\/icdp.ro\/wp-content\/uploads\/2024\/05\/Geo-1-800x532.jpg 800w, https:\/\/icdp.ro\/wp-content\/uploads\/2024\/05\/Geo-1-1024x681.jpg 1024w, https:\/\/icdp.ro\/wp-content\/uploads\/2024\/05\/Geo-1-1200x799.jpg 1200w, https:\/\/icdp.ro\/wp-content\/uploads\/2024\/05\/Geo-1-1536x1022.jpg 1536w\" sizes=\"(max-width: 400px) 100vw, 400px\" \/><\/a>Authors: Gheorghe Mladin, Paulina Mladin<br \/>\nOrigin: controlled hybridization of Tsema \u00d7 Kantata 50 varieties.<br \/>\nYear of registration: 2004.<\/p>\n<p>The main characteristics and properties for which it is recommended:<br \/>\n&nbsp;&nbsp;&nbsp; - high productivity, averaging 2.5-3.0 kg per bush;<br \/>\n&nbsp; &nbsp;&nbsp;- superior fruit quality, large berries rich in vitamin C (160-210 mg%), with a sweet-tart taste and a muscat aroma.<\/p>\n<p>Other skills:<br \/>\n&nbsp;&nbsp;&nbsp; - early ripening, third decade of June;<br \/>\n&nbsp;&nbsp;&nbsp; - forms medium-sized bushes;<br \/>\n&nbsp;&nbsp;&nbsp; - tolerant to foliar diseases;<br \/>\n&nbsp; &nbsp;&nbsp;- large buds rich in volatile oil.&nbsp;<\/p>\n<p>Usage: processing, fresh consumption, freezing, and dehydration.<\/p>\n<p>&nbsp;<\/p>\n<p>&nbsp;<\/p>\n<p>&nbsp;<\/p>\n<p>&nbsp;<\/p>","protected":false},"excerpt":{"rendered":"<p>&nbsp; Autori: Gheorghe Mladin, Paulina Mladin Originea: hibridarea controlat\u0103 a soiurilor Tsema \u00d7 Kantata 50. Anul \u00eenregistr\u0103rii: 2004. Caracteristicile \u015fi \u00eensu\u015firile principale pentru care se recomand\u0103: &nbsp;&nbsp;&nbsp; &#8211; productivitate ridicat\u0103, \u00een medie 2,5-3,0 kg \/ tuf\u0103; &nbsp; &nbsp;&nbsp;&#8211; calitatea superioar\u0103 a fructelor, bace mari, bogate \u00een vitamina C (160-210 mg%), cu gust dulce-acidulat \u015fi arom\u0103  [&#8230;]<\/p>\n","protected":false},"author":1,"featured_media":13890,"parent":13781,"menu_order":18,"comment_status":"closed","ping_status":"closed","template":"","meta":{"ngg_post_thumbnail":0,"footnotes":""},"categories":[56],"tags":[],"class_list":["post-13889","page","type-page","status-publish","has-post-thumbnail","hentry","category-coacaz-negru"],"_links":{"self":[{"href":"https:\/\/icdp.ro\/en\/wp-json\/wp\/v2\/pages\/13889","targetHints":{"allow":["GET"]}}],"collection":[{"href":"https:\/\/icdp.ro\/en\/wp-json\/wp\/v2\/pages"}],"about":[{"href":"https:\/\/icdp.ro\/en\/wp-json\/wp\/v2\/types\/page"}],"author":[{"embeddable":true,"href":"https:\/\/icdp.ro\/en\/wp-json\/wp\/v2\/users\/1"}],"replies":[{"embeddable":true,"href":"https:\/\/icdp.ro\/en\/wp-json\/wp\/v2\/comments?post=13889"}],"version-history":[{"count":2,"href":"https:\/\/icdp.ro\/en\/wp-json\/wp\/v2\/pages\/13889\/revisions"}],"predecessor-version":[{"id":13893,"href":"https:\/\/icdp.ro\/en\/wp-json\/wp\/v2\/pages\/13889\/revisions\/13893"}],"up":[{"embeddable":true,"href":"https:\/\/icdp.ro\/en\/wp-json\/wp\/v2\/pages\/13781"}],"wp:featuredmedia":[{"embeddable":true,"href":"https:\/\/icdp.ro\/en\/wp-json\/wp\/v2\/media\/13890"}],"wp:attachment":[{"href":"https:\/\/icdp.ro\/en\/wp-json\/wp\/v2\/media?parent=13889"}],"wp:term":[{"taxonomy":"category","embeddable":true,"href":"https:\/\/icdp.ro\/en\/wp-json\/wp\/v2\/categories?post=13889"},{"taxonomy":"post_tag","embeddable":true,"href":"https:\/\/icdp.ro\/en\/wp-json\/wp\/v2\/tags?post=13889"}],"curies":[{"name":"wp","href":"https:\/\/api.w.org\/{rel}","templated":true}]}}