{"id":13879,"date":"2024-05-03T14:43:39","date_gmt":"2024-05-03T11:43:39","guid":{"rendered":"https:\/\/icdp.ro\/?page_id=13879"},"modified":"2024-05-03T14:43:39","modified_gmt":"2024-05-03T11:43:39","slug":"abanos","status":"publish","type":"page","link":"https:\/\/icdp.ro\/en\/cercetare\/arbusti-fructiferi-si-capsun\/ameliorarea-genetica-a-soiurilor\/abanos\/","title":{"rendered":"ABANOS"},"content":{"rendered":"<p>&nbsp;<\/p>\n<p><a href=\"https:\/\/icdp.ro\/wp-content\/uploads\/2024\/05\/Abanos-1-scaled.jpg\"><img decoding=\"async\" class=\"wp-image-13881 size-fusion-400 alignright\" src=\"https:\/\/icdp.ro\/wp-content\/uploads\/2024\/05\/Abanos-1-400x266.jpg\" alt=\"\" width=\"400\" height=\"266\" srcset=\"https:\/\/icdp.ro\/wp-content\/uploads\/2024\/05\/Abanos-1-18x12.jpg 18w, https:\/\/icdp.ro\/wp-content\/uploads\/2024\/05\/Abanos-1-200x133.jpg 200w, https:\/\/icdp.ro\/wp-content\/uploads\/2024\/05\/Abanos-1-300x200.jpg 300w, https:\/\/icdp.ro\/wp-content\/uploads\/2024\/05\/Abanos-1-400x266.jpg 400w, https:\/\/icdp.ro\/wp-content\/uploads\/2024\/05\/Abanos-1-600x399.jpg 600w, https:\/\/icdp.ro\/wp-content\/uploads\/2024\/05\/Abanos-1-768x511.jpg 768w, https:\/\/icdp.ro\/wp-content\/uploads\/2024\/05\/Abanos-1-800x532.jpg 800w, https:\/\/icdp.ro\/wp-content\/uploads\/2024\/05\/Abanos-1-1024x681.jpg 1024w, https:\/\/icdp.ro\/wp-content\/uploads\/2024\/05\/Abanos-1-1200x799.jpg 1200w, https:\/\/icdp.ro\/wp-content\/uploads\/2024\/05\/Abanos-1-1536x1022.jpg 1536w\" sizes=\"(max-width: 400px) 100vw, 400px\" \/><\/a>Author: Paulina Mladin<br \/>\nOrigin: controlled hybridization of Tsema \u00d7 Kantata 50 cultivars.<br \/>\nYear of registration: 1999.<br \/>\nThe main characteristics and properties for which it is recommended:<br \/>\n- resistance and tolerance to specific diseases: rust, powdery mildew, and anthracnose;<br \/>\n- annual yields guaranteed, averaging 2.5-3.5 kg\/bush;<br \/>\n- cluster size and ease of harvesting;<br \/>\n- high self-fertility index 48-52%.<\/p>\n<p>Other skills:<\/p>\n<ul>\n<li>- medium vigor bushes;<\/li>\n<li>- medium ripening season;<\/li>\n<li>- the sweet-tart taste of the fruits with a faintly musky aroma makes them suitable for fresh consumption, with a high vitamin C content, 132.0-171.6 mg.<\/li>\n<\/ul>\n<p>Usage: processing, fresh consumption, freezing, and dehydration.<\/p>\n<p>&nbsp;<\/p>\n<p>&nbsp;<\/p>\n<p>&nbsp;<\/p>\n<p>&nbsp;<\/p>","protected":false},"excerpt":{"rendered":"<p>&nbsp; Autor: Paulina Mladin Origine: hibridarea controlat\u0103 a soiurilor Tsema \u00d7 Kantata 50. Anul \u00eenregistr\u0103rii: 1999. Caracteristicile \u015fi \u00eensu\u015firile principale pentru care se recomand\u0103: &#8211; rezisten\u0163a \u015fi toleran\u0163a la bolile specifice: rugin\u0103, f\u0103inare \u015fi antracnoz\u0103; &#8211; produc\u0163ii asigurate anual, \u00een medie 2,5-3,5 kg\/tuf\u0103; &#8211; m\u0103rimea ciorchinilor \u015fi u\u015furin\u0163a recolt\u0103rii; &#8211; indice de autofertilitate ridicat 48-52%.  [&#8230;]<\/p>\n","protected":false},"author":1,"featured_media":13880,"parent":13781,"menu_order":16,"comment_status":"closed","ping_status":"closed","template":"","meta":{"ngg_post_thumbnail":0,"footnotes":""},"categories":[56],"tags":[],"class_list":["post-13879","page","type-page","status-publish","has-post-thumbnail","hentry","category-coacaz-negru"],"_links":{"self":[{"href":"https:\/\/icdp.ro\/en\/wp-json\/wp\/v2\/pages\/13879","targetHints":{"allow":["GET"]}}],"collection":[{"href":"https:\/\/icdp.ro\/en\/wp-json\/wp\/v2\/pages"}],"about":[{"href":"https:\/\/icdp.ro\/en\/wp-json\/wp\/v2\/types\/page"}],"author":[{"embeddable":true,"href":"https:\/\/icdp.ro\/en\/wp-json\/wp\/v2\/users\/1"}],"replies":[{"embeddable":true,"href":"https:\/\/icdp.ro\/en\/wp-json\/wp\/v2\/comments?post=13879"}],"version-history":[{"count":1,"href":"https:\/\/icdp.ro\/en\/wp-json\/wp\/v2\/pages\/13879\/revisions"}],"predecessor-version":[{"id":13882,"href":"https:\/\/icdp.ro\/en\/wp-json\/wp\/v2\/pages\/13879\/revisions\/13882"}],"up":[{"embeddable":true,"href":"https:\/\/icdp.ro\/en\/wp-json\/wp\/v2\/pages\/13781"}],"wp:featuredmedia":[{"embeddable":true,"href":"https:\/\/icdp.ro\/en\/wp-json\/wp\/v2\/media\/13880"}],"wp:attachment":[{"href":"https:\/\/icdp.ro\/en\/wp-json\/wp\/v2\/media?parent=13879"}],"wp:term":[{"taxonomy":"category","embeddable":true,"href":"https:\/\/icdp.ro\/en\/wp-json\/wp\/v2\/categories?post=13879"},{"taxonomy":"post_tag","embeddable":true,"href":"https:\/\/icdp.ro\/en\/wp-json\/wp\/v2\/tags?post=13879"}],"curies":[{"name":"wp","href":"https:\/\/api.w.org\/{rel}","templated":true}]}}