{"id":13874,"date":"2024-05-03T14:40:24","date_gmt":"2024-05-03T11:40:24","guid":{"rendered":"https:\/\/icdp.ro\/?page_id=13874"},"modified":"2024-05-03T14:40:24","modified_gmt":"2024-05-03T11:40:24","slug":"vital","status":"publish","type":"page","link":"https:\/\/icdp.ro\/en\/cercetare\/arbusti-fructiferi-si-capsun\/ameliorarea-genetica-a-soiurilor\/vital\/","title":{"rendered":"VITAL"},"content":{"rendered":"<p>&nbsp;<\/p>\n<p><a href=\"https:\/\/icdp.ro\/wp-content\/uploads\/2024\/05\/Vital-ext_5-1-scaled.jpg\"><img decoding=\"async\" class=\"wp-image-13876 size-fusion-400 alignright\" src=\"https:\/\/icdp.ro\/wp-content\/uploads\/2024\/05\/Vital-ext_5-1-400x266.jpg\" alt=\"\" width=\"400\" height=\"266\" srcset=\"https:\/\/icdp.ro\/wp-content\/uploads\/2024\/05\/Vital-ext_5-1-18x12.jpg 18w, https:\/\/icdp.ro\/wp-content\/uploads\/2024\/05\/Vital-ext_5-1-200x133.jpg 200w, https:\/\/icdp.ro\/wp-content\/uploads\/2024\/05\/Vital-ext_5-1-300x200.jpg 300w, https:\/\/icdp.ro\/wp-content\/uploads\/2024\/05\/Vital-ext_5-1-400x266.jpg 400w, https:\/\/icdp.ro\/wp-content\/uploads\/2024\/05\/Vital-ext_5-1-600x399.jpg 600w, https:\/\/icdp.ro\/wp-content\/uploads\/2024\/05\/Vital-ext_5-1-768x511.jpg 768w, https:\/\/icdp.ro\/wp-content\/uploads\/2024\/05\/Vital-ext_5-1-800x532.jpg 800w, https:\/\/icdp.ro\/wp-content\/uploads\/2024\/05\/Vital-ext_5-1-1024x681.jpg 1024w, https:\/\/icdp.ro\/wp-content\/uploads\/2024\/05\/Vital-ext_5-1-1200x799.jpg 1200w, https:\/\/icdp.ro\/wp-content\/uploads\/2024\/05\/Vital-ext_5-1-1536x1022.jpg 1536w\" sizes=\"(max-width: 400px) 100vw, 400px\" \/><\/a>Author:<strong>: <\/strong>Paulina Mladin<br \/>\nOrigin: open pollination from the<strong>&nbsp; <\/strong>Patriot cultivar.<br \/>\nYear of registration: 2008<\/p>\n<p>The main characteristics and properties for which it is recommended:<\/p>\n<ul>\n<li>superior fruit quality: size, blue-purple color, good organoleptic qualities, vitamin C content of 48 mg\/100 g fresh fruit.<\/li>\n<li>medium to high productivity.<\/li>\n<li>concentrated fruit ripening.<\/li>\n<\/ul>\n<p>Other skills:<\/p>\n<ul>\n<li>forms medium-sized, tall bushes.&nbsp;&nbsp;&nbsp;&nbsp;&nbsp;&nbsp;&nbsp;&nbsp;&nbsp;&nbsp;&nbsp;&nbsp;&nbsp;&nbsp;&nbsp;&nbsp;&nbsp;&nbsp;&nbsp;&nbsp;&nbsp;&nbsp;&nbsp;&nbsp;&nbsp;<\/li>\n<li>fresh storage duration: 7-8 days at 1-4\u00baC, with a weight loss of 5-6%.Mixed use:<\/li>\n<\/ul>\n<p>Mixed use: consumption in fresh condition, processing, and freezing.<\/p>\n<p>&nbsp;<\/p>\n<p>&nbsp;<\/p>\n<p>&nbsp;<\/p>\n<p>&nbsp;<\/p>","protected":false},"excerpt":{"rendered":"<p>&nbsp; Autor: Paulina Mladin Origine : hibridarea liber\u0103 a soiului&nbsp; Patriot. Anul \u00eenregistr\u0103rii: 2008 Caracteristicile \u015fi \u00eensu\u015firile principale pentru care se recomand\u0103: calitate superioar\u0103 a fructelor : m\u0103rime, culoare albastr\u0103-violacee, calit\u0103\u0163i organoleptice bune, con\u0163inut \u00een vitamina C de 48 mg \/ 100 g fructe proaspete; productivitatea mijlocie \u2013 mare; coacere concentrat\u0103 a fructelor. Alte \u00eensu\u015firi:  [&#8230;]<\/p>\n","protected":false},"author":1,"featured_media":13875,"parent":13781,"menu_order":15,"comment_status":"closed","ping_status":"closed","template":"","meta":{"ngg_post_thumbnail":0,"footnotes":""},"categories":[55],"tags":[],"class_list":["post-13874","page","type-page","status-publish","has-post-thumbnail","hentry","category-afin"],"_links":{"self":[{"href":"https:\/\/icdp.ro\/en\/wp-json\/wp\/v2\/pages\/13874","targetHints":{"allow":["GET"]}}],"collection":[{"href":"https:\/\/icdp.ro\/en\/wp-json\/wp\/v2\/pages"}],"about":[{"href":"https:\/\/icdp.ro\/en\/wp-json\/wp\/v2\/types\/page"}],"author":[{"embeddable":true,"href":"https:\/\/icdp.ro\/en\/wp-json\/wp\/v2\/users\/1"}],"replies":[{"embeddable":true,"href":"https:\/\/icdp.ro\/en\/wp-json\/wp\/v2\/comments?post=13874"}],"version-history":[{"count":1,"href":"https:\/\/icdp.ro\/en\/wp-json\/wp\/v2\/pages\/13874\/revisions"}],"predecessor-version":[{"id":13877,"href":"https:\/\/icdp.ro\/en\/wp-json\/wp\/v2\/pages\/13874\/revisions\/13877"}],"up":[{"embeddable":true,"href":"https:\/\/icdp.ro\/en\/wp-json\/wp\/v2\/pages\/13781"}],"wp:featuredmedia":[{"embeddable":true,"href":"https:\/\/icdp.ro\/en\/wp-json\/wp\/v2\/media\/13875"}],"wp:attachment":[{"href":"https:\/\/icdp.ro\/en\/wp-json\/wp\/v2\/media?parent=13874"}],"wp:term":[{"taxonomy":"category","embeddable":true,"href":"https:\/\/icdp.ro\/en\/wp-json\/wp\/v2\/categories?post=13874"},{"taxonomy":"post_tag","embeddable":true,"href":"https:\/\/icdp.ro\/en\/wp-json\/wp\/v2\/tags?post=13874"}],"curies":[{"name":"wp","href":"https:\/\/api.w.org\/{rel}","templated":true}]}}