{"id":13864,"date":"2024-05-03T14:36:59","date_gmt":"2024-05-03T11:36:59","guid":{"rendered":"https:\/\/icdp.ro\/?page_id=13864"},"modified":"2024-05-03T14:36:59","modified_gmt":"2024-05-03T11:36:59","slug":"safir","status":"publish","type":"page","link":"https:\/\/icdp.ro\/en\/cercetare\/arbusti-fructiferi-si-capsun\/ameliorarea-genetica-a-soiurilor\/safir\/","title":{"rendered":"SAFIR"},"content":{"rendered":"<p><a href=\"https:\/\/icdp.ro\/wp-content\/uploads\/2024\/05\/SAFIR_02-1-scaled.jpg\"><img decoding=\"async\" class=\"wp-image-13866 size-fusion-400 alignright\" src=\"https:\/\/icdp.ro\/wp-content\/uploads\/2024\/05\/SAFIR_02-1-400x225.jpg\" alt=\"\" width=\"400\" height=\"225\" srcset=\"https:\/\/icdp.ro\/wp-content\/uploads\/2024\/05\/SAFIR_02-1-18x10.jpg 18w, https:\/\/icdp.ro\/wp-content\/uploads\/2024\/05\/SAFIR_02-1-200x113.jpg 200w, https:\/\/icdp.ro\/wp-content\/uploads\/2024\/05\/SAFIR_02-1-300x169.jpg 300w, https:\/\/icdp.ro\/wp-content\/uploads\/2024\/05\/SAFIR_02-1-400x225.jpg 400w, https:\/\/icdp.ro\/wp-content\/uploads\/2024\/05\/SAFIR_02-1-600x338.jpg 600w, https:\/\/icdp.ro\/wp-content\/uploads\/2024\/05\/SAFIR_02-1-768x432.jpg 768w, https:\/\/icdp.ro\/wp-content\/uploads\/2024\/05\/SAFIR_02-1-800x450.jpg 800w, https:\/\/icdp.ro\/wp-content\/uploads\/2024\/05\/SAFIR_02-1-1024x576.jpg 1024w, https:\/\/icdp.ro\/wp-content\/uploads\/2024\/05\/SAFIR_02-1-1200x675.jpg 1200w, https:\/\/icdp.ro\/wp-content\/uploads\/2024\/05\/SAFIR_02-1-1536x864.jpg 1536w\" sizes=\"(max-width: 400px) 100vw, 400px\" \/><\/a><\/p>\n<p>Origin: obtained through controlled hybridization of Pemberton \u00d7 Blueray cvs.<br \/>\nAuthors: Paulina Mladin, Gh. Mladin<br \/>\nYear of registration: 1998<br \/>\nThe main characteristics and properties for which it is recommended:<br \/>\n- high and consistent productivity, 2.0-4.0 kg\/plant;<br \/>\n- semi-early ripening: late June-July and sometimes lasting until early August;<br \/>\n- superior fruit quality: attractive in size, color, and bloom;<br \/>\n- high vitamin C content (44.50-48.4 mg %) and medium to high total sugar content (9.0-11.3%).<\/p>\n<p>Other skills:<br \/>\n&nbsp; - fruit with a flattened-spherical shape, light blue color, and thick bloom layer;<br \/>\n&nbsp;- clustered ripening of berries in bunches and on the plant.<\/p>\n<p>&nbsp;<\/p>\n<p>&nbsp;<\/p>\n<p>&nbsp;<\/p>","protected":false},"excerpt":{"rendered":"<p>Originea soiului: ob\u0163inut prin hibridare controlat\u0103 a soiurilor Pemberton \u00d7 Blueray. Autori: Paulina Mladin, Gh. Mladin Anul \u00eenregistr\u0103rii: 1998 Caracteristicile \u015fi \u00eensu\u015firile principale pentru care se recomand\u0103: &#8211; productivitatea ridicat\u0103 \u015fi constant\u0103, 2,0-4,0 kg\/tuf\u0103; &#8211; maturarea semitimpurie: sf\u00e2r\u015fit iunie-iulie \u015fi dureaz\u0103 \u00een unii ani p\u00e2n\u0103 la \u00eenceputul lunii august; &#8211; calitate superioar\u0103 a fructelor: aspect  [&#8230;]<\/p>\n","protected":false},"author":1,"featured_media":13865,"parent":13781,"menu_order":13,"comment_status":"closed","ping_status":"closed","template":"","meta":{"ngg_post_thumbnail":0,"footnotes":""},"categories":[55],"tags":[],"class_list":["post-13864","page","type-page","status-publish","has-post-thumbnail","hentry","category-afin"],"_links":{"self":[{"href":"https:\/\/icdp.ro\/en\/wp-json\/wp\/v2\/pages\/13864","targetHints":{"allow":["GET"]}}],"collection":[{"href":"https:\/\/icdp.ro\/en\/wp-json\/wp\/v2\/pages"}],"about":[{"href":"https:\/\/icdp.ro\/en\/wp-json\/wp\/v2\/types\/page"}],"author":[{"embeddable":true,"href":"https:\/\/icdp.ro\/en\/wp-json\/wp\/v2\/users\/1"}],"replies":[{"embeddable":true,"href":"https:\/\/icdp.ro\/en\/wp-json\/wp\/v2\/comments?post=13864"}],"version-history":[{"count":1,"href":"https:\/\/icdp.ro\/en\/wp-json\/wp\/v2\/pages\/13864\/revisions"}],"predecessor-version":[{"id":13867,"href":"https:\/\/icdp.ro\/en\/wp-json\/wp\/v2\/pages\/13864\/revisions\/13867"}],"up":[{"embeddable":true,"href":"https:\/\/icdp.ro\/en\/wp-json\/wp\/v2\/pages\/13781"}],"wp:featuredmedia":[{"embeddable":true,"href":"https:\/\/icdp.ro\/en\/wp-json\/wp\/v2\/media\/13865"}],"wp:attachment":[{"href":"https:\/\/icdp.ro\/en\/wp-json\/wp\/v2\/media?parent=13864"}],"wp:term":[{"taxonomy":"category","embeddable":true,"href":"https:\/\/icdp.ro\/en\/wp-json\/wp\/v2\/categories?post=13864"},{"taxonomy":"post_tag","embeddable":true,"href":"https:\/\/icdp.ro\/en\/wp-json\/wp\/v2\/tags?post=13864"}],"curies":[{"name":"wp","href":"https:\/\/api.w.org\/{rel}","templated":true}]}}