{"id":13852,"date":"2024-05-03T14:33:48","date_gmt":"2024-05-03T11:33:48","guid":{"rendered":"https:\/\/icdp.ro\/?page_id=13852"},"modified":"2024-05-03T14:33:58","modified_gmt":"2024-05-03T11:33:58","slug":"pastel","status":"publish","type":"page","link":"https:\/\/icdp.ro\/en\/cercetare\/arbusti-fructiferi-si-capsun\/ameliorarea-genetica-a-soiurilor\/pastel\/","title":{"rendered":"PASTEL"},"content":{"rendered":"<p>&nbsp;<\/p>\n<p><a href=\"https:\/\/icdp.ro\/wp-content\/uploads\/2024\/05\/Pastel-3-1-scaled.jpg\"><img decoding=\"async\" class=\"wp-image-13854 size-fusion-400 alignright\" src=\"https:\/\/icdp.ro\/wp-content\/uploads\/2024\/05\/Pastel-3-1-400x266.jpg\" alt=\"\" width=\"400\" height=\"266\" srcset=\"https:\/\/icdp.ro\/wp-content\/uploads\/2024\/05\/Pastel-3-1-18x12.jpg 18w, https:\/\/icdp.ro\/wp-content\/uploads\/2024\/05\/Pastel-3-1-200x133.jpg 200w, https:\/\/icdp.ro\/wp-content\/uploads\/2024\/05\/Pastel-3-1-300x200.jpg 300w, https:\/\/icdp.ro\/wp-content\/uploads\/2024\/05\/Pastel-3-1-400x266.jpg 400w, https:\/\/icdp.ro\/wp-content\/uploads\/2024\/05\/Pastel-3-1-600x399.jpg 600w, https:\/\/icdp.ro\/wp-content\/uploads\/2024\/05\/Pastel-3-1-768x511.jpg 768w, https:\/\/icdp.ro\/wp-content\/uploads\/2024\/05\/Pastel-3-1-800x532.jpg 800w, https:\/\/icdp.ro\/wp-content\/uploads\/2024\/05\/Pastel-3-1-1024x681.jpg 1024w, https:\/\/icdp.ro\/wp-content\/uploads\/2024\/05\/Pastel-3-1-1200x799.jpg 1200w, https:\/\/icdp.ro\/wp-content\/uploads\/2024\/05\/Pastel-3-1-1536x1022.jpg 1536w\" sizes=\"(max-width: 400px) 100vw, 400px\" \/><\/a>Authors: Paulina Mladin, Gh. Mladin<br \/>\nOrigin: open pollination of the Spartan cv.<br \/>\nYear of registration: 2019<br \/>\nThe main characteristics and properties for which it is recommended:<br \/>\nhigh and consistent productivity, averaging 3.5 kg per bush, large fruits in the first 2 - 3 harvests, intense blue color, slightly pruinose, with medium organoleptic qualities (acidic-sweet, mild flavor).<\/p>\n<p>Other skills:<\/p>\n<p>- the ripening season is semi-late, spread over more than a month, extending by 10-15 days into August (requires a large number of harvests, 6-8 per season);<\/p>\n<ul>\n<li>- Fruit set in large and dense clusters;<\/li>\n<li>bushes are of medium vigor, with an erect and spreading growth habit.<\/li>\n<\/ul>\n<p>Mixed use: consumption in fresh condition, processing, and freezing.<\/p>\n<p>&nbsp;<\/p>\n<p>&nbsp;<\/p>\n<p>&nbsp;<\/p>","protected":false},"excerpt":{"rendered":"<p>&nbsp; Autori: Paulina Mladin , Gh. Mladin Origine: hibridare liber\u0103 a soiului Spartan. Anul \u00eenregistr\u0103rii: 2019 Caracteristicile \u015fi \u00eensu\u015firile principale pentru care se recomand\u0103: &#8211; productivitate ridicat\u0103 \u015fi constant\u0103, \u00een medie 3,5 kg \/tuf\u0103, fructele mari la primele 2 \u2013 3 recolt\u0103ri, de culoare albastru &#8211; intens, u\u015for pruinate, cu calit\u0103\u0163i organoleptice medii (acidulat- dulci,  [&#8230;]<\/p>\n","protected":false},"author":1,"featured_media":13853,"parent":13781,"menu_order":11,"comment_status":"closed","ping_status":"closed","template":"","meta":{"ngg_post_thumbnail":0,"footnotes":""},"categories":[55],"tags":[],"class_list":["post-13852","page","type-page","status-publish","has-post-thumbnail","hentry","category-afin"],"_links":{"self":[{"href":"https:\/\/icdp.ro\/en\/wp-json\/wp\/v2\/pages\/13852","targetHints":{"allow":["GET"]}}],"collection":[{"href":"https:\/\/icdp.ro\/en\/wp-json\/wp\/v2\/pages"}],"about":[{"href":"https:\/\/icdp.ro\/en\/wp-json\/wp\/v2\/types\/page"}],"author":[{"embeddable":true,"href":"https:\/\/icdp.ro\/en\/wp-json\/wp\/v2\/users\/1"}],"replies":[{"embeddable":true,"href":"https:\/\/icdp.ro\/en\/wp-json\/wp\/v2\/comments?post=13852"}],"version-history":[{"count":3,"href":"https:\/\/icdp.ro\/en\/wp-json\/wp\/v2\/pages\/13852\/revisions"}],"predecessor-version":[{"id":13857,"href":"https:\/\/icdp.ro\/en\/wp-json\/wp\/v2\/pages\/13852\/revisions\/13857"}],"up":[{"embeddable":true,"href":"https:\/\/icdp.ro\/en\/wp-json\/wp\/v2\/pages\/13781"}],"wp:featuredmedia":[{"embeddable":true,"href":"https:\/\/icdp.ro\/en\/wp-json\/wp\/v2\/media\/13853"}],"wp:attachment":[{"href":"https:\/\/icdp.ro\/en\/wp-json\/wp\/v2\/media?parent=13852"}],"wp:term":[{"taxonomy":"category","embeddable":true,"href":"https:\/\/icdp.ro\/en\/wp-json\/wp\/v2\/categories?post=13852"},{"taxonomy":"post_tag","embeddable":true,"href":"https:\/\/icdp.ro\/en\/wp-json\/wp\/v2\/tags?post=13852"}],"curies":[{"name":"wp","href":"https:\/\/api.w.org\/{rel}","templated":true}]}}