{"id":13847,"date":"2024-05-03T14:32:09","date_gmt":"2024-05-03T11:32:09","guid":{"rendered":"https:\/\/icdp.ro\/?page_id=13847"},"modified":"2024-05-03T14:32:14","modified_gmt":"2024-05-03T11:32:14","slug":"lax","status":"publish","type":"page","link":"https:\/\/icdp.ro\/en\/cercetare\/arbusti-fructiferi-si-capsun\/ameliorarea-genetica-a-soiurilor\/lax\/","title":{"rendered":"LAX"},"content":{"rendered":"<p>&nbsp;<\/p>\n<p><a href=\"https:\/\/icdp.ro\/wp-content\/uploads\/2024\/05\/Lax-ext_2-1-scaled.jpg\"><img decoding=\"async\" class=\"wp-image-13849 size-fusion-400 alignright\" src=\"https:\/\/icdp.ro\/wp-content\/uploads\/2024\/05\/Lax-ext_2-1-400x266.jpg\" alt=\"\" width=\"400\" height=\"266\" srcset=\"https:\/\/icdp.ro\/wp-content\/uploads\/2024\/05\/Lax-ext_2-1-18x12.jpg 18w, https:\/\/icdp.ro\/wp-content\/uploads\/2024\/05\/Lax-ext_2-1-200x133.jpg 200w, https:\/\/icdp.ro\/wp-content\/uploads\/2024\/05\/Lax-ext_2-1-300x200.jpg 300w, https:\/\/icdp.ro\/wp-content\/uploads\/2024\/05\/Lax-ext_2-1-400x266.jpg 400w, https:\/\/icdp.ro\/wp-content\/uploads\/2024\/05\/Lax-ext_2-1-600x399.jpg 600w, https:\/\/icdp.ro\/wp-content\/uploads\/2024\/05\/Lax-ext_2-1-768x511.jpg 768w, https:\/\/icdp.ro\/wp-content\/uploads\/2024\/05\/Lax-ext_2-1-800x532.jpg 800w, https:\/\/icdp.ro\/wp-content\/uploads\/2024\/05\/Lax-ext_2-1-1024x681.jpg 1024w, https:\/\/icdp.ro\/wp-content\/uploads\/2024\/05\/Lax-ext_2-1-1200x799.jpg 1200w, https:\/\/icdp.ro\/wp-content\/uploads\/2024\/05\/Lax-ext_2-1-1536x1022.jpg 1536w\" sizes=\"(max-width: 400px) 100vw, 400px\" \/><\/a>Author: Paulina Mladin<br \/>\nOrigin: open pollination from the Spartan cv.<br \/>\nYear of registration: 2002<br \/>\nMain characteristics and qualities recommended for:<br \/>\n- high and consistent productivity, 3.0 \u2013 4.5 kg \/ bush, concentrated ripening of the fruits in clusters and on the bush, fruit harvesting is done in two, maximum three interventions.<\/p>\n<p>Other skills:<br \/>\n&nbsp; - vigorous bushes, with tall stature;<br \/>\n&nbsp; - semi-early ripening;<br \/>\n&nbsp; - large to medium-sized berries, dark blue in color.<\/p>\n<p>Mixed use: consumption in fresh condition, processing, and freezing.<\/p>\n<p>&nbsp;<\/p>\n<p>&nbsp;<\/p>\n<p>&nbsp;<\/p>\n<p>&nbsp;<\/p>","protected":false},"excerpt":{"rendered":"<p>&nbsp; Autor: Paulina Mladin Origine: &nbsp;hibridare liber\u0103 a soiului Spartan. Anul \u00eenregistr\u0103rii: 2002 Caracteristici \u015fi \u00eensu\u015firile principale pentru care se recomand\u0103 -productivitate ridicat\u0103 \u015fi constant\u0103,3,0 \u2013 4,5 kg \/ tuf\u0103, coacere concentrat\u0103 a fructelor \u00een ciorchine \u015fi pe tuf\u0103, recoltarea fructelor se realizeaz\u0103 \u00een dou\u0103, maxim trei interven\u0163ii. Alte \u00eensu\u015firi: &nbsp; &#8211; tufele viguroase, cu  [&#8230;]<\/p>\n","protected":false},"author":1,"featured_media":13848,"parent":13781,"menu_order":10,"comment_status":"closed","ping_status":"closed","template":"","meta":{"ngg_post_thumbnail":0,"footnotes":""},"categories":[55],"tags":[],"class_list":["post-13847","page","type-page","status-publish","has-post-thumbnail","hentry","category-afin"],"_links":{"self":[{"href":"https:\/\/icdp.ro\/en\/wp-json\/wp\/v2\/pages\/13847","targetHints":{"allow":["GET"]}}],"collection":[{"href":"https:\/\/icdp.ro\/en\/wp-json\/wp\/v2\/pages"}],"about":[{"href":"https:\/\/icdp.ro\/en\/wp-json\/wp\/v2\/types\/page"}],"author":[{"embeddable":true,"href":"https:\/\/icdp.ro\/en\/wp-json\/wp\/v2\/users\/1"}],"replies":[{"embeddable":true,"href":"https:\/\/icdp.ro\/en\/wp-json\/wp\/v2\/comments?post=13847"}],"version-history":[{"count":2,"href":"https:\/\/icdp.ro\/en\/wp-json\/wp\/v2\/pages\/13847\/revisions"}],"predecessor-version":[{"id":13851,"href":"https:\/\/icdp.ro\/en\/wp-json\/wp\/v2\/pages\/13847\/revisions\/13851"}],"up":[{"embeddable":true,"href":"https:\/\/icdp.ro\/en\/wp-json\/wp\/v2\/pages\/13781"}],"wp:featuredmedia":[{"embeddable":true,"href":"https:\/\/icdp.ro\/en\/wp-json\/wp\/v2\/media\/13848"}],"wp:attachment":[{"href":"https:\/\/icdp.ro\/en\/wp-json\/wp\/v2\/media?parent=13847"}],"wp:term":[{"taxonomy":"category","embeddable":true,"href":"https:\/\/icdp.ro\/en\/wp-json\/wp\/v2\/categories?post=13847"},{"taxonomy":"post_tag","embeddable":true,"href":"https:\/\/icdp.ro\/en\/wp-json\/wp\/v2\/tags?post=13847"}],"curies":[{"name":"wp","href":"https:\/\/api.w.org\/{rel}","templated":true}]}}