{"id":13840,"date":"2024-05-03T14:29:45","date_gmt":"2024-05-03T11:29:45","guid":{"rendered":"https:\/\/icdp.ro\/?page_id=13840"},"modified":"2024-05-03T14:30:37","modified_gmt":"2024-05-03T11:30:37","slug":"delicia","status":"publish","type":"page","link":"https:\/\/icdp.ro\/en\/cercetare\/arbusti-fructiferi-si-capsun\/ameliorarea-genetica-a-soiurilor\/delicia\/","title":{"rendered":"DELICIA"},"content":{"rendered":"<p>&nbsp;<\/p>\n<p><a href=\"https:\/\/icdp.ro\/wp-content\/uploads\/2024\/05\/Delicia_2-1-scaled.jpg\"><img decoding=\"async\" class=\"wp-image-13842 size-fusion-400 alignright\" src=\"https:\/\/icdp.ro\/wp-content\/uploads\/2024\/05\/Delicia_2-1-400x266.jpg\" alt=\"\" width=\"400\" height=\"266\" srcset=\"https:\/\/icdp.ro\/wp-content\/uploads\/2024\/05\/Delicia_2-1-18x12.jpg 18w, https:\/\/icdp.ro\/wp-content\/uploads\/2024\/05\/Delicia_2-1-200x133.jpg 200w, https:\/\/icdp.ro\/wp-content\/uploads\/2024\/05\/Delicia_2-1-300x200.jpg 300w, https:\/\/icdp.ro\/wp-content\/uploads\/2024\/05\/Delicia_2-1-400x266.jpg 400w, https:\/\/icdp.ro\/wp-content\/uploads\/2024\/05\/Delicia_2-1-600x399.jpg 600w, https:\/\/icdp.ro\/wp-content\/uploads\/2024\/05\/Delicia_2-1-768x511.jpg 768w, https:\/\/icdp.ro\/wp-content\/uploads\/2024\/05\/Delicia_2-1-800x532.jpg 800w, https:\/\/icdp.ro\/wp-content\/uploads\/2024\/05\/Delicia_2-1-1024x681.jpg 1024w, https:\/\/icdp.ro\/wp-content\/uploads\/2024\/05\/Delicia_2-1-1200x799.jpg 1200w, https:\/\/icdp.ro\/wp-content\/uploads\/2024\/05\/Delicia_2-1-1536x1022.jpg 1536w\" sizes=\"(max-width: 400px) 100vw, 400px\" \/><\/a><\/p>\n<p>Author: Paulina Mladin<br \/>\nOrigin: Open pollination of the Patriot cv.<br \/>\nYear of registration: 2001<br \/>\nThe main characteristics and properties for which it is recommended<br \/>\n&#8211; precocitate ridicat\u0103 de fructificare ( 0,8 -1,0 kg \/ tuf\u0103 \u00een anul al 2-lea ), productivitate ridicat\u0103 2,5- 4,0 kg \/ tuf\u0103 \u015fi fructe de calitate superioar\u0103: bace mari \u015fi foarte mari la primele 2-3 recolt\u0103ri, de&nbsp; form\u0103 rotund-aplatizat\u0103, culoare bleu deschis cu mult\u0103 pruin\u0103, gust acidulat-dulce \u015fi aromat, cu p\u0103strare \u00een raft bun\u0103. sezon de coacere mijlociu.<\/p>\n<p>Other skills:<br \/>\n&nbsp; - Semi-tall bushes;<br \/>\n&nbsp; - Medium and staggered ripening over about 1.5 months.<\/p>\n<p>Mixed use: consumption in fresh condition, processing, and freezing.<\/p>\n<p>&nbsp;<\/p>\n<p>&nbsp;<\/p>\n<p>&nbsp;<\/p>\n<p>&nbsp;<\/p>","protected":false},"excerpt":{"rendered":"<p>&nbsp; Autor: Paulina Mladin Origine: hibridare liber\u0103 a soiului Patriot Anul \u00eenregistr\u0103rii: 2001 Caracteristicile \u015fi \u00eensu\u015firile principale pentru care se recomand\u0103 &#8211; precocitate ridicat\u0103 de fructificare ( 0,8 -1,0 kg \/ tuf\u0103 \u00een anul al 2-lea ), productivitate ridicat\u0103 2,5- 4,0 kg \/ tuf\u0103 \u015fi fructe de calitate superioar\u0103: bace mari \u015fi foarte mari la  [&#8230;]<\/p>\n","protected":false},"author":1,"featured_media":13841,"parent":13781,"menu_order":9,"comment_status":"closed","ping_status":"closed","template":"","meta":{"ngg_post_thumbnail":0,"footnotes":""},"categories":[55],"tags":[],"class_list":["post-13840","page","type-page","status-publish","has-post-thumbnail","hentry","category-afin"],"_links":{"self":[{"href":"https:\/\/icdp.ro\/en\/wp-json\/wp\/v2\/pages\/13840","targetHints":{"allow":["GET"]}}],"collection":[{"href":"https:\/\/icdp.ro\/en\/wp-json\/wp\/v2\/pages"}],"about":[{"href":"https:\/\/icdp.ro\/en\/wp-json\/wp\/v2\/types\/page"}],"author":[{"embeddable":true,"href":"https:\/\/icdp.ro\/en\/wp-json\/wp\/v2\/users\/1"}],"replies":[{"embeddable":true,"href":"https:\/\/icdp.ro\/en\/wp-json\/wp\/v2\/comments?post=13840"}],"version-history":[{"count":4,"href":"https:\/\/icdp.ro\/en\/wp-json\/wp\/v2\/pages\/13840\/revisions"}],"predecessor-version":[{"id":13846,"href":"https:\/\/icdp.ro\/en\/wp-json\/wp\/v2\/pages\/13840\/revisions\/13846"}],"up":[{"embeddable":true,"href":"https:\/\/icdp.ro\/en\/wp-json\/wp\/v2\/pages\/13781"}],"wp:featuredmedia":[{"embeddable":true,"href":"https:\/\/icdp.ro\/en\/wp-json\/wp\/v2\/media\/13841"}],"wp:attachment":[{"href":"https:\/\/icdp.ro\/en\/wp-json\/wp\/v2\/media?parent=13840"}],"wp:term":[{"taxonomy":"category","embeddable":true,"href":"https:\/\/icdp.ro\/en\/wp-json\/wp\/v2\/categories?post=13840"},{"taxonomy":"post_tag","embeddable":true,"href":"https:\/\/icdp.ro\/en\/wp-json\/wp\/v2\/tags?post=13840"}],"curies":[{"name":"wp","href":"https:\/\/api.w.org\/{rel}","templated":true}]}}