{"id":13836,"date":"2024-05-03T14:28:02","date_gmt":"2024-05-03T11:28:02","guid":{"rendered":"https:\/\/icdp.ro\/?page_id=13836"},"modified":"2024-05-03T14:28:02","modified_gmt":"2024-05-03T11:28:02","slug":"azur","status":"publish","type":"page","link":"https:\/\/icdp.ro\/en\/cercetare\/arbusti-fructiferi-si-capsun\/ameliorarea-genetica-a-soiurilor\/azur\/","title":{"rendered":"AZUR"},"content":{"rendered":"<p>&nbsp;<\/p>\n<p><a href=\"https:\/\/icdp.ro\/wp-content\/uploads\/2024\/05\/AZUR_01-1-scaled.jpg\"><img decoding=\"async\" class=\"wp-image-13838 size-fusion-400 alignright\" src=\"https:\/\/icdp.ro\/wp-content\/uploads\/2024\/05\/AZUR_01-1-400x225.jpg\" alt=\"\" width=\"400\" height=\"225\" srcset=\"https:\/\/icdp.ro\/wp-content\/uploads\/2024\/05\/AZUR_01-1-18x10.jpg 18w, https:\/\/icdp.ro\/wp-content\/uploads\/2024\/05\/AZUR_01-1-200x113.jpg 200w, https:\/\/icdp.ro\/wp-content\/uploads\/2024\/05\/AZUR_01-1-300x169.jpg 300w, https:\/\/icdp.ro\/wp-content\/uploads\/2024\/05\/AZUR_01-1-400x225.jpg 400w, https:\/\/icdp.ro\/wp-content\/uploads\/2024\/05\/AZUR_01-1-600x338.jpg 600w, https:\/\/icdp.ro\/wp-content\/uploads\/2024\/05\/AZUR_01-1-768x432.jpg 768w, https:\/\/icdp.ro\/wp-content\/uploads\/2024\/05\/AZUR_01-1-800x450.jpg 800w, https:\/\/icdp.ro\/wp-content\/uploads\/2024\/05\/AZUR_01-1-1024x576.jpg 1024w, https:\/\/icdp.ro\/wp-content\/uploads\/2024\/05\/AZUR_01-1-1200x675.jpg 1200w, https:\/\/icdp.ro\/wp-content\/uploads\/2024\/05\/AZUR_01-1-1536x864.jpg 1536w\" sizes=\"(max-width: 400px) 100vw, 400px\" \/><\/a>Origin of the cultivar: obtained through controlled hybridization of the Berkeley \u00d7 Bluecrop<br \/>\nAuthor: Paulina Mladin.<br \/>\nYear of registration: 1999.<br \/>\nThe main characteristics and properties for which it is recommended:<br \/>\n- high and consistent productivity, 2.5-4.0 kg per bush;<br \/>\n- late ripening, complementing the late blueberry season together with the late variety Coville, from the second half of July to the first half of August;<br \/>\n- high vigor of the bushes;<br \/>\n- high biochemical content: vitamin C (35.2-57.2 mg %), sugars (8.3-12.6%);<\/p>\n<p>Other features:<\/p>\n<p>&nbsp; - vigorous bushes, with tall stature;<br \/>\n&nbsp; - sweet and tangy taste and aromatic fruits;<br \/>\n&nbsp; - fairly staggered ripening of the berries in clusters and on the bush, with a harvesting season of about 1.5 months.<\/p>\n<p>Mixed use: consumption in fresh condition, processing, and freezing.&nbsp;&nbsp;&nbsp;&nbsp;<\/p>\n<p>&nbsp;<\/p>\n<p>&nbsp;<\/p>\n<p>&nbsp;<\/p>","protected":false},"excerpt":{"rendered":"<p>&nbsp; Originea soiului: ob\u0163inut prin hibridare controlat\u0103 a soiurilor Berkeley \u00d7 Bluecrop. Autor: Paulina Mladin. Anul \u00eenregistr\u0103rii:1999. Caracteristicile \u015fi \u00eensu\u015firile principale pentru care se recomand\u0103: &#8211; productivitate mare \u015fi constant\u0103: 2,5-4,5 kg \/tuf\u0103; &#8211; maturarea t\u00e2rzie, complet\u00e2nd sezonul afinelor t\u00e2rzii \u00eempreun\u0103 cu soiul tardiv Coville, a doua jum\u0103tate a lunii iulie \u2013 prima jum\u0103tate a  [&#8230;]<\/p>\n","protected":false},"author":1,"featured_media":13837,"parent":13781,"menu_order":8,"comment_status":"closed","ping_status":"closed","template":"","meta":{"ngg_post_thumbnail":0,"footnotes":""},"categories":[55],"tags":[],"class_list":["post-13836","page","type-page","status-publish","has-post-thumbnail","hentry","category-afin"],"_links":{"self":[{"href":"https:\/\/icdp.ro\/en\/wp-json\/wp\/v2\/pages\/13836","targetHints":{"allow":["GET"]}}],"collection":[{"href":"https:\/\/icdp.ro\/en\/wp-json\/wp\/v2\/pages"}],"about":[{"href":"https:\/\/icdp.ro\/en\/wp-json\/wp\/v2\/types\/page"}],"author":[{"embeddable":true,"href":"https:\/\/icdp.ro\/en\/wp-json\/wp\/v2\/users\/1"}],"replies":[{"embeddable":true,"href":"https:\/\/icdp.ro\/en\/wp-json\/wp\/v2\/comments?post=13836"}],"version-history":[{"count":1,"href":"https:\/\/icdp.ro\/en\/wp-json\/wp\/v2\/pages\/13836\/revisions"}],"predecessor-version":[{"id":13839,"href":"https:\/\/icdp.ro\/en\/wp-json\/wp\/v2\/pages\/13836\/revisions\/13839"}],"up":[{"embeddable":true,"href":"https:\/\/icdp.ro\/en\/wp-json\/wp\/v2\/pages\/13781"}],"wp:featuredmedia":[{"embeddable":true,"href":"https:\/\/icdp.ro\/en\/wp-json\/wp\/v2\/media\/13837"}],"wp:attachment":[{"href":"https:\/\/icdp.ro\/en\/wp-json\/wp\/v2\/media?parent=13836"}],"wp:term":[{"taxonomy":"category","embeddable":true,"href":"https:\/\/icdp.ro\/en\/wp-json\/wp\/v2\/categories?post=13836"},{"taxonomy":"post_tag","embeddable":true,"href":"https:\/\/icdp.ro\/en\/wp-json\/wp\/v2\/tags?post=13836"}],"curies":[{"name":"wp","href":"https:\/\/api.w.org\/{rel}","templated":true}]}}