{"id":13822,"date":"2024-05-03T14:22:31","date_gmt":"2024-05-03T11:22:31","guid":{"rendered":"https:\/\/icdp.ro\/?page_id=13822"},"modified":"2024-05-03T14:22:56","modified_gmt":"2024-05-03T11:22:56","slug":"sarom","status":"publish","type":"page","link":"https:\/\/icdp.ro\/en\/cercetare\/arbusti-fructiferi-si-capsun\/ameliorarea-genetica-a-soiurilor\/sarom\/","title":{"rendered":"SAROM"},"content":{"rendered":"<p><a href=\"https:\/\/icdp.ro\/wp-content\/uploads\/2024\/05\/Sarom-1.jpg\"><img decoding=\"async\" class=\"wp-image-13824 size-fusion-400 alignright\" src=\"https:\/\/icdp.ro\/wp-content\/uploads\/2024\/05\/Sarom-1-400x329.jpg\" alt=\"\" width=\"400\" height=\"329\" srcset=\"https:\/\/icdp.ro\/wp-content\/uploads\/2024\/05\/Sarom-1-15x12.jpg 15w, https:\/\/icdp.ro\/wp-content\/uploads\/2024\/05\/Sarom-1-200x164.jpg 200w, https:\/\/icdp.ro\/wp-content\/uploads\/2024\/05\/Sarom-1-300x246.jpg 300w, https:\/\/icdp.ro\/wp-content\/uploads\/2024\/05\/Sarom-1-400x329.jpg 400w, https:\/\/icdp.ro\/wp-content\/uploads\/2024\/05\/Sarom-1-600x493.jpg 600w, https:\/\/icdp.ro\/wp-content\/uploads\/2024\/05\/Sarom-1-768x631.jpg 768w, https:\/\/icdp.ro\/wp-content\/uploads\/2024\/05\/Sarom-1-800x657.jpg 800w, https:\/\/icdp.ro\/wp-content\/uploads\/2024\/05\/Sarom-1-1024x841.jpg 1024w, https:\/\/icdp.ro\/wp-content\/uploads\/2024\/05\/Sarom-1-1200x986.jpg 1200w, https:\/\/icdp.ro\/wp-content\/uploads\/2024\/05\/Sarom-1-1536x1262.jpg 1536w, https:\/\/icdp.ro\/wp-content\/uploads\/2024\/05\/Sarom-1.jpg 1850w\" sizes=\"(max-width: 400px) 100vw, 400px\" \/><\/a><\/p>\n<p>Origin: Controlled hybridization of Mira \u00d7 Real cultivars.<br \/>\nYear of registration: 2018<br \/>\nThe main characteristics and properties for which it is recommended:<br \/>\n- the fruits are large (23-25g), rhomboid-shaped, dark red, uneven, very glossy, firm, and aromatic. It consistently yields between 450 and 550 g per plant.<br \/>\n- the ripening period is in the second decade of May and the first decade of June.<br \/>\n- it shows tolerance to foliar diseases (Mycosphaerella fragariae, Sphaerotheca macularis, Diplocarpon earliana) and fruit diseases (Botrytis cinerea).<em>Mycosphaerella fragariae, Sphaerotheca macularis, Diplocarpon earliana<\/em>) \u0219i de fruct (<em>Botrytis cinerea<\/em>).<\/p>\n<p>Fresh fruits are intended for consumption fresh, for juices, jams, preserves, jellies, and freezing.<\/p>\n<p>&nbsp;<\/p>\n<p>&nbsp;<\/p>","protected":false},"excerpt":{"rendered":"<p>Originea: hibridare controlat\u0103&nbsp; a soiurilor Mira \u00d7 Real. Anul \u00eenregistr\u0103rii: 2018 Caracteristicile \u015fi \u00eensu\u015firile principale pentru care se recomand\u0103: &#8211; fructele sunt mari (23-25g), romboide, de culoare ro\u0219u \u00eenchis, neuniform, foarte lucioase, ferme, aromate. Produce \u00een mod constant \u00eentre 450 \u0219i 550 g pe plant\u0103. &#8211; epoca de maturare este \u00een a doua decad\u0103 a  [&#8230;]<\/p>\n","protected":false},"author":1,"featured_media":13823,"parent":13781,"menu_order":6,"comment_status":"closed","ping_status":"closed","template":"","meta":{"ngg_post_thumbnail":0,"footnotes":""},"categories":[54],"tags":[],"class_list":["post-13822","page","type-page","status-publish","has-post-thumbnail","hentry","category-capsun"],"_links":{"self":[{"href":"https:\/\/icdp.ro\/en\/wp-json\/wp\/v2\/pages\/13822","targetHints":{"allow":["GET"]}}],"collection":[{"href":"https:\/\/icdp.ro\/en\/wp-json\/wp\/v2\/pages"}],"about":[{"href":"https:\/\/icdp.ro\/en\/wp-json\/wp\/v2\/types\/page"}],"author":[{"embeddable":true,"href":"https:\/\/icdp.ro\/en\/wp-json\/wp\/v2\/users\/1"}],"replies":[{"embeddable":true,"href":"https:\/\/icdp.ro\/en\/wp-json\/wp\/v2\/comments?post=13822"}],"version-history":[{"count":3,"href":"https:\/\/icdp.ro\/en\/wp-json\/wp\/v2\/pages\/13822\/revisions"}],"predecessor-version":[{"id":13827,"href":"https:\/\/icdp.ro\/en\/wp-json\/wp\/v2\/pages\/13822\/revisions\/13827"}],"up":[{"embeddable":true,"href":"https:\/\/icdp.ro\/en\/wp-json\/wp\/v2\/pages\/13781"}],"wp:featuredmedia":[{"embeddable":true,"href":"https:\/\/icdp.ro\/en\/wp-json\/wp\/v2\/media\/13823"}],"wp:attachment":[{"href":"https:\/\/icdp.ro\/en\/wp-json\/wp\/v2\/media?parent=13822"}],"wp:term":[{"taxonomy":"category","embeddable":true,"href":"https:\/\/icdp.ro\/en\/wp-json\/wp\/v2\/categories?post=13822"},{"taxonomy":"post_tag","embeddable":true,"href":"https:\/\/icdp.ro\/en\/wp-json\/wp\/v2\/tags?post=13822"}],"curies":[{"name":"wp","href":"https:\/\/api.w.org\/{rel}","templated":true}]}}