{"id":13798,"date":"2024-05-03T14:13:12","date_gmt":"2024-05-03T11:13:12","guid":{"rendered":"https:\/\/icdp.ro\/?page_id=13798"},"modified":"2024-05-03T14:13:12","modified_gmt":"2024-05-03T11:13:12","slug":"floral","status":"publish","type":"page","link":"https:\/\/icdp.ro\/en\/cercetare\/arbusti-fructiferi-si-capsun\/ameliorarea-genetica-a-soiurilor\/floral\/","title":{"rendered":"FLORAL"},"content":{"rendered":"<p><a href=\"https:\/\/icdp.ro\/wp-content\/uploads\/2024\/05\/DSC09986.jpg\"><img decoding=\"async\" class=\"wp-image-13800 size-fusion-400 alignright\" src=\"https:\/\/icdp.ro\/wp-content\/uploads\/2024\/05\/DSC09986-400x266.jpg\" alt=\"\" width=\"400\" height=\"266\" srcset=\"https:\/\/icdp.ro\/wp-content\/uploads\/2024\/05\/DSC09986-18x12.jpg 18w, https:\/\/icdp.ro\/wp-content\/uploads\/2024\/05\/DSC09986-200x133.jpg 200w, https:\/\/icdp.ro\/wp-content\/uploads\/2024\/05\/DSC09986-300x199.jpg 300w, https:\/\/icdp.ro\/wp-content\/uploads\/2024\/05\/DSC09986-400x266.jpg 400w, https:\/\/icdp.ro\/wp-content\/uploads\/2024\/05\/DSC09986-600x399.jpg 600w, https:\/\/icdp.ro\/wp-content\/uploads\/2024\/05\/DSC09986-768x510.jpg 768w, https:\/\/icdp.ro\/wp-content\/uploads\/2024\/05\/DSC09986-800x531.jpg 800w, https:\/\/icdp.ro\/wp-content\/uploads\/2024\/05\/DSC09986-1024x680.jpg 1024w, https:\/\/icdp.ro\/wp-content\/uploads\/2024\/05\/DSC09986-1200x797.jpg 1200w, https:\/\/icdp.ro\/wp-content\/uploads\/2024\/05\/DSC09986-1536x1020.jpg 1536w\" sizes=\"(max-width: 400px) 100vw, 400px\" \/><\/a><\/p>\n<p>Author: M. Coman<br \/>\nOrigin: controlled hybridization of Redgauntlet \u00d7 Irvine varieties.<br \/>\nYear of registration<strong>: <\/strong>2004<br \/>\nThe main characteristics and properties for which it is recommended:<\/p>\n<ul>\n<li>neutral to photoperiod (day-neutral) variety, therefore it blooms and bears fruit continuously from May until the first frost, with a break in July, the most attractive fruits obtained starting from August;<\/li>\n<li>medium productivity;<\/li>\n<li>- superior quality of fruits: medium-sized fruits, conical-elongated shape, with an attractive appearance due to the intense red color, medium firmness pulp, good taste.<\/li>\n<\/ul>\n<p>Other characteristics<strong>:<\/strong><\/p>\n<ul>\n<li>medium-sized fruit, most commonly conical-heart-shaped, light red in color, glossy, medium firmness, and good taste;<\/li>\n<li>low stolon capacity.<\/li>\n<\/ul>\n<p>Use: its remontant feature recommends it for cultivation in household systems and family farms for fresh consumption.<\/p>","protected":false},"excerpt":{"rendered":"<p>Autor: M. Coman Originea: hibridare controlat\u0103 a soiurilor Redgauntlet \u00d7 Irvine. Anul \u00eenregistr\u0103rii: 2004 Caracteristicile \u015fi \u00eensu\u015firile principale pentru care se recomand\u0103: soi neutru la fotoperioad\u0103 (day neutral), de aceea \u00eenflore\u015fte \u015fi fructific\u0103 continuu, din luna mai p\u00e2n\u0103 cade bruma, cu o pauz\u0103 \u00een luna iulie, fructele ob\u0163inute \u00eencep\u00e2nd din luna august sunt cele mai  [&#8230;]<\/p>\n","protected":false},"author":1,"featured_media":13799,"parent":13781,"menu_order":1,"comment_status":"closed","ping_status":"closed","template":"","meta":{"ngg_post_thumbnail":0,"footnotes":""},"categories":[54],"tags":[],"class_list":["post-13798","page","type-page","status-publish","has-post-thumbnail","hentry","category-capsun"],"_links":{"self":[{"href":"https:\/\/icdp.ro\/en\/wp-json\/wp\/v2\/pages\/13798","targetHints":{"allow":["GET"]}}],"collection":[{"href":"https:\/\/icdp.ro\/en\/wp-json\/wp\/v2\/pages"}],"about":[{"href":"https:\/\/icdp.ro\/en\/wp-json\/wp\/v2\/types\/page"}],"author":[{"embeddable":true,"href":"https:\/\/icdp.ro\/en\/wp-json\/wp\/v2\/users\/1"}],"replies":[{"embeddable":true,"href":"https:\/\/icdp.ro\/en\/wp-json\/wp\/v2\/comments?post=13798"}],"version-history":[{"count":1,"href":"https:\/\/icdp.ro\/en\/wp-json\/wp\/v2\/pages\/13798\/revisions"}],"predecessor-version":[{"id":13801,"href":"https:\/\/icdp.ro\/en\/wp-json\/wp\/v2\/pages\/13798\/revisions\/13801"}],"up":[{"embeddable":true,"href":"https:\/\/icdp.ro\/en\/wp-json\/wp\/v2\/pages\/13781"}],"wp:featuredmedia":[{"embeddable":true,"href":"https:\/\/icdp.ro\/en\/wp-json\/wp\/v2\/media\/13799"}],"wp:attachment":[{"href":"https:\/\/icdp.ro\/en\/wp-json\/wp\/v2\/media?parent=13798"}],"wp:term":[{"taxonomy":"category","embeddable":true,"href":"https:\/\/icdp.ro\/en\/wp-json\/wp\/v2\/categories?post=13798"},{"taxonomy":"post_tag","embeddable":true,"href":"https:\/\/icdp.ro\/en\/wp-json\/wp\/v2\/tags?post=13798"}],"curies":[{"name":"wp","href":"https:\/\/api.w.org\/{rel}","templated":true}]}}