{"id":13762,"date":"2024-05-03T12:41:38","date_gmt":"2024-05-03T09:41:38","guid":{"rendered":"https:\/\/icdp.ro\/?page_id=13762"},"modified":"2024-05-03T12:43:03","modified_gmt":"2024-05-03T09:43:03","slug":"milenium","status":"publish","type":"page","link":"https:\/\/icdp.ro\/en\/cercetare\/genetica-si-ameliorare\/genetica\/milenium\/","title":{"rendered":"MILENIUM"},"content":{"rendered":"<p><strong><a href=\"https:\/\/icdp.ro\/wp-content\/uploads\/2024\/05\/Milenium.jpg\"><img decoding=\"async\" class=\"wp-image-13763 size-fusion-400 alignright\" src=\"https:\/\/icdp.ro\/wp-content\/uploads\/2024\/05\/Milenium-400x300.jpg\" alt=\"\" width=\"400\" height=\"300\" srcset=\"https:\/\/icdp.ro\/wp-content\/uploads\/2024\/05\/Milenium-16x12.jpg 16w, https:\/\/icdp.ro\/wp-content\/uploads\/2024\/05\/Milenium-200x150.jpg 200w, https:\/\/icdp.ro\/wp-content\/uploads\/2024\/05\/Milenium-300x225.jpg 300w, https:\/\/icdp.ro\/wp-content\/uploads\/2024\/05\/Milenium-400x300.jpg 400w, https:\/\/icdp.ro\/wp-content\/uploads\/2024\/05\/Milenium-600x450.jpg 600w, https:\/\/icdp.ro\/wp-content\/uploads\/2024\/05\/Milenium-768x576.jpg 768w, https:\/\/icdp.ro\/wp-content\/uploads\/2024\/05\/Milenium.jpg 800w\" sizes=\"(max-width: 400px) 100vw, 400px\" \/><\/a><\/strong><strong>Year of registration: <\/strong>2022.<br \/>\n<strong>Authors:<\/strong>: D. Dr\u0103goi, M. Butac, I. Dragomir<br \/>\n<strong>Parents<\/strong>: unknown.<\/p>\n<ul>\n<li>Tree has a medium vigour, fructification on short branches; tolerant to Plum Pox Virus; resistant to Monilia sp.; resistant to frost and late frost.<\/li>\n<li>Blooming season is medium, partial fertile. Pollinators: Stanley, Anna Spath, Early Rivers.<\/li>\n<li>Fruit is very large (65 g), ovoid shaped, purple skin, yellowish flesh, sweet taste, good quality, for fresh consumption, free and small stone.<\/li>\n<li>Ripening season: first decade of August.<\/li>\n<\/ul>","protected":false},"excerpt":{"rendered":"<p>Anul \u00eenregistr\u0103rii: 2022. Autori: D. Dr\u0103goi, M. Butac, I. Dragomir Origine: necunoscut\u0103. Pomul este de vigoare mijlocie, cu ramuri de schelet solide, garnisite cu buchete de mai; tolerant la PPV, rezistent la monilioz\u0103, rezistent la ger \u0219i \u00eenghe\u021buri t\u00e2rzii de prim\u0103var\u0103. Epoca de \u00eenflorire este mijlocie; soiul este par\u021bial autofertil. Polenizatori: Stanley, Anna Spath, Early  [&#8230;]<\/p>\n","protected":false},"author":1,"featured_media":13766,"parent":11780,"menu_order":70,"comment_status":"closed","ping_status":"closed","template":"","meta":{"ngg_post_thumbnail":0,"footnotes":""},"categories":[34],"tags":[],"class_list":["post-13762","page","type-page","status-publish","has-post-thumbnail","hentry","category-prune"],"_links":{"self":[{"href":"https:\/\/icdp.ro\/en\/wp-json\/wp\/v2\/pages\/13762","targetHints":{"allow":["GET"]}}],"collection":[{"href":"https:\/\/icdp.ro\/en\/wp-json\/wp\/v2\/pages"}],"about":[{"href":"https:\/\/icdp.ro\/en\/wp-json\/wp\/v2\/types\/page"}],"author":[{"embeddable":true,"href":"https:\/\/icdp.ro\/en\/wp-json\/wp\/v2\/users\/1"}],"replies":[{"embeddable":true,"href":"https:\/\/icdp.ro\/en\/wp-json\/wp\/v2\/comments?post=13762"}],"version-history":[{"count":1,"href":"https:\/\/icdp.ro\/en\/wp-json\/wp\/v2\/pages\/13762\/revisions"}],"predecessor-version":[{"id":13764,"href":"https:\/\/icdp.ro\/en\/wp-json\/wp\/v2\/pages\/13762\/revisions\/13764"}],"up":[{"embeddable":true,"href":"https:\/\/icdp.ro\/en\/wp-json\/wp\/v2\/pages\/11780"}],"wp:featuredmedia":[{"embeddable":true,"href":"https:\/\/icdp.ro\/en\/wp-json\/wp\/v2\/media\/13766"}],"wp:attachment":[{"href":"https:\/\/icdp.ro\/en\/wp-json\/wp\/v2\/media?parent=13762"}],"wp:term":[{"taxonomy":"category","embeddable":true,"href":"https:\/\/icdp.ro\/en\/wp-json\/wp\/v2\/categories?post=13762"},{"taxonomy":"post_tag","embeddable":true,"href":"https:\/\/icdp.ro\/en\/wp-json\/wp\/v2\/tags?post=13762"}],"curies":[{"name":"wp","href":"https:\/\/api.w.org\/{rel}","templated":true}]}}