{"id":13751,"date":"2024-05-03T12:23:52","date_gmt":"2024-05-03T09:23:52","guid":{"rendered":"https:\/\/icdp.ro\/?page_id=13751"},"modified":"2024-05-03T12:26:25","modified_gmt":"2024-05-03T09:26:25","slug":"rumina","status":"publish","type":"page","link":"https:\/\/icdp.ro\/en\/cercetare\/genetica-si-ameliorare\/genetica\/rumina\/","title":{"rendered":"RUMINA"},"content":{"rendered":"<p><strong><a href=\"https:\/\/icdp.ro\/wp-content\/uploads\/2024\/05\/Rumina.jpg\"><img decoding=\"async\" class=\"size-fusion-400 wp-image-13754 alignright\" src=\"https:\/\/icdp.ro\/wp-content\/uploads\/2024\/05\/Rumina-400x300.jpg\" alt=\"\" width=\"400\" height=\"300\" srcset=\"https:\/\/icdp.ro\/wp-content\/uploads\/2024\/05\/Rumina-16x12.jpg 16w, https:\/\/icdp.ro\/wp-content\/uploads\/2024\/05\/Rumina-200x150.jpg 200w, https:\/\/icdp.ro\/wp-content\/uploads\/2024\/05\/Rumina-300x225.jpg 300w, https:\/\/icdp.ro\/wp-content\/uploads\/2024\/05\/Rumina-400x300.jpg 400w, https:\/\/icdp.ro\/wp-content\/uploads\/2024\/05\/Rumina-600x450.jpg 600w, https:\/\/icdp.ro\/wp-content\/uploads\/2024\/05\/Rumina-768x576.jpg 768w, https:\/\/icdp.ro\/wp-content\/uploads\/2024\/05\/Rumina.jpg 800w\" sizes=\"(max-width: 400px) 100vw, 400px\" \/><\/a>Year of registration: <\/strong>2021.<br \/>\n<strong>Author: <\/strong>Isac Il., Voica Gh., Militaru M., C\u0103linescu M.<br \/>\n<strong>Parents:<\/strong> natural mutation of Golden Delicious cv.<\/p>\n<ul>\n<li>Tree has a medium vigour, tolerant to diseases and pests.<\/li>\n<li>Fruit is large (180-200 g), conical, the background colour is green-yellow with rust on the epidermis; the pulp is yellowish, crispy, juicy, sweet taste, weakly acidified, fine aroma, slightly pronounced, specific to the variety from which it comes; by storage loses its acidity.<\/li>\n<li>Ripening season is end of September and the fruit can be stored until March.<\/li>\n<\/ul>","protected":false},"excerpt":{"rendered":"<p>Anul \u00eenregistr\u0103rii: 2021. Autori: Isac Ilarie, Voica Gheorghe, Militaru M\u0103d\u0103lina, C\u0103linescu Mirela. Origine: Muta\u021bie natural\u0103 a soiului Golden Delicious. Pomul este de vigoare mijlocie, tolerant la boli \u0219i daun\u0103tori. Fructul este mare (180-200 g), conic, culoarea de fond este verde-g\u0103lbuie cu rugozitate dispus\u0103 uniform pe toat\u0103 suprafa\u021ba epidermei; pulpa este de culoare g\u0103lbuie, crocant\u0103, suculent\u0103,  [&#8230;]<\/p>\n","protected":false},"author":1,"featured_media":13754,"parent":11780,"menu_order":68,"comment_status":"closed","ping_status":"closed","template":"","meta":{"ngg_post_thumbnail":0,"footnotes":""},"categories":[30],"tags":[],"class_list":["post-13751","page","type-page","status-publish","has-post-thumbnail","hentry","category-mere"],"_links":{"self":[{"href":"https:\/\/icdp.ro\/en\/wp-json\/wp\/v2\/pages\/13751","targetHints":{"allow":["GET"]}}],"collection":[{"href":"https:\/\/icdp.ro\/en\/wp-json\/wp\/v2\/pages"}],"about":[{"href":"https:\/\/icdp.ro\/en\/wp-json\/wp\/v2\/types\/page"}],"author":[{"embeddable":true,"href":"https:\/\/icdp.ro\/en\/wp-json\/wp\/v2\/users\/1"}],"replies":[{"embeddable":true,"href":"https:\/\/icdp.ro\/en\/wp-json\/wp\/v2\/comments?post=13751"}],"version-history":[{"count":3,"href":"https:\/\/icdp.ro\/en\/wp-json\/wp\/v2\/pages\/13751\/revisions"}],"predecessor-version":[{"id":13755,"href":"https:\/\/icdp.ro\/en\/wp-json\/wp\/v2\/pages\/13751\/revisions\/13755"}],"up":[{"embeddable":true,"href":"https:\/\/icdp.ro\/en\/wp-json\/wp\/v2\/pages\/11780"}],"wp:featuredmedia":[{"embeddable":true,"href":"https:\/\/icdp.ro\/en\/wp-json\/wp\/v2\/media\/13754"}],"wp:attachment":[{"href":"https:\/\/icdp.ro\/en\/wp-json\/wp\/v2\/media?parent=13751"}],"wp:term":[{"taxonomy":"category","embeddable":true,"href":"https:\/\/icdp.ro\/en\/wp-json\/wp\/v2\/categories?post=13751"},{"taxonomy":"post_tag","embeddable":true,"href":"https:\/\/icdp.ro\/en\/wp-json\/wp\/v2\/tags?post=13751"}],"curies":[{"name":"wp","href":"https:\/\/api.w.org\/{rel}","templated":true}]}}