{"id":13542,"date":"2023-09-26T11:39:34","date_gmt":"2023-09-26T08:39:34","guid":{"rendered":"https:\/\/icdp.ro\/?page_id=13542"},"modified":"2025-11-01T13:59:51","modified_gmt":"2025-11-01T11:59:51","slug":"activitati","status":"publish","type":"page","link":"https:\/\/icdp.ro\/en\/cercetare\/proiecte-nationale\/plan-sectorial-madr\/ader-6-3-23\/activitati\/","title":{"rendered":"Activitati"},"content":{"rendered":"<h5>Activitati<\/h5>\n<p>Faza I: Documentare \u0219i analiza privind avantajele utiliz\u0103rii sistemelor fotovoltaice \u00een pomicultur\u0103; elaborarea conceptual\u0103 a modelului experimental.<br \/>\nTermen raportare: 31.10.2023<\/p>\n<div class=\"fusion-button-wrapper\"><a class=\"fusion-button button-flat fusion-button-default-size button-default fusion-button-default button-1 fusion-button-default-span fusion-button-default-type\" style=\"--button-border-radius-top-left:0;--button-border-radius-top-right:0;--button-border-radius-bottom-right:0;--button-border-radius-bottom-left:0;\" target=\"_self\" href=\"https:\/\/icdp.ro\/wp-content\/uploads\/2025\/11\/ADER-6.3.23-Etapa-I-2023-prezentare.pdf\"><span class=\"fusion-button-text awb-button__text awb-button__text--default\">Detalii faza 1<\/span><\/a><\/div>\n<p>&nbsp;<\/p>\n<p>Faza II: Amplasarea \u0219i experimentarea modelului experimental \u00een primul an&nbsp;&nbsp;<br \/>\nTermen raportare: 31.10.2024<\/p>\n<div class=\"fusion-button-wrapper\"><a class=\"fusion-button button-flat fusion-button-default-size button-default fusion-button-default button-2 fusion-button-default-span fusion-button-default-type\" style=\"--button-border-radius-top-left:0;--button-border-radius-top-right:0;--button-border-radius-bottom-right:0;--button-border-radius-bottom-left:0;\" target=\"_self\" href=\"https:\/\/icdp.ro\/wp-content\/uploads\/2025\/11\/ADER-6.3.23-Etapa-II-2024-prezentare.pdf\"><span class=\"fusion-button-text awb-button__text awb-button__text--default\">Detalii faza 2<\/span><\/a><\/div>\n<p>&nbsp;<\/p>\n<p>Faza III: Experimentarea modelului propus \u00een al doilea an de studiu \u00een c\u00e2mp<br \/>\nTermen raportare: 31.10.2025<\/p>\n<div class=\"fusion-button-wrapper\"><a class=\"fusion-button button-flat fusion-button-default-size button-default fusion-button-default button-3 fusion-button-default-span fusion-button-default-type\" style=\"--button-border-radius-top-left:0;--button-border-radius-top-right:0;--button-border-radius-bottom-right:0;--button-border-radius-bottom-left:0;\" target=\"_self\" href=\"https:\/\/icdp.ro\/wp-content\/uploads\/2025\/11\/ADER-6.3.23-Etapa-III-2025-prezentare.pdf\"><span class=\"fusion-button-text awb-button__text awb-button__text--default\">Detalii faza 3<\/span><\/a><\/div>\n<p>&nbsp;<\/p>\n<p>Faza IV<strong>: <\/strong>Validarea secven\u021belor tehnologice propuse \u0219i demonstrarea func\u021bionalit\u0103\u021bii modelului propus;<br \/>\nTermen raportare: 30.06.2026<\/p>\n<p>&nbsp;<\/p>","protected":false},"excerpt":{"rendered":"<p>Activitati Faza I: Documentare \u0219i analiza privind avantajele utiliz\u0103rii sistemelor fotovoltaice \u00een pomicultur\u0103; elaborarea conceptual\u0103 a modelului experimental. Termen raportare: 31.10.2023 &nbsp; Faza II: Amplasarea \u0219i experimentarea modelului experimental \u00een primul an&nbsp;&nbsp; Termen raportare: 31.10.2024 &nbsp; Faza III: Experimentarea modelului propus \u00een al doilea an de studiu \u00een c\u00e2mp Termen raportare: 31.10.2025 &nbsp; Faza IV:  [&#8230;]<\/p>\n","protected":false},"author":1,"featured_media":0,"parent":13532,"menu_order":4,"comment_status":"closed","ping_status":"closed","template":"","meta":{"ngg_post_thumbnail":0,"footnotes":""},"categories":[],"tags":[],"class_list":["post-13542","page","type-page","status-publish","hentry"],"_links":{"self":[{"href":"https:\/\/icdp.ro\/en\/wp-json\/wp\/v2\/pages\/13542","targetHints":{"allow":["GET"]}}],"collection":[{"href":"https:\/\/icdp.ro\/en\/wp-json\/wp\/v2\/pages"}],"about":[{"href":"https:\/\/icdp.ro\/en\/wp-json\/wp\/v2\/types\/page"}],"author":[{"embeddable":true,"href":"https:\/\/icdp.ro\/en\/wp-json\/wp\/v2\/users\/1"}],"replies":[{"embeddable":true,"href":"https:\/\/icdp.ro\/en\/wp-json\/wp\/v2\/comments?post=13542"}],"version-history":[{"count":4,"href":"https:\/\/icdp.ro\/en\/wp-json\/wp\/v2\/pages\/13542\/revisions"}],"predecessor-version":[{"id":14897,"href":"https:\/\/icdp.ro\/en\/wp-json\/wp\/v2\/pages\/13542\/revisions\/14897"}],"up":[{"embeddable":true,"href":"https:\/\/icdp.ro\/en\/wp-json\/wp\/v2\/pages\/13532"}],"wp:attachment":[{"href":"https:\/\/icdp.ro\/en\/wp-json\/wp\/v2\/media?parent=13542"}],"wp:term":[{"taxonomy":"category","embeddable":true,"href":"https:\/\/icdp.ro\/en\/wp-json\/wp\/v2\/categories?post=13542"},{"taxonomy":"post_tag","embeddable":true,"href":"https:\/\/icdp.ro\/en\/wp-json\/wp\/v2\/tags?post=13542"}],"curies":[{"name":"wp","href":"https:\/\/api.w.org\/{rel}","templated":true}]}}