{"id":13540,"date":"2023-09-26T11:38:22","date_gmt":"2023-09-26T08:38:22","guid":{"rendered":"https:\/\/icdp.ro\/?page_id=13540"},"modified":"2023-09-26T11:38:22","modified_gmt":"2023-09-26T08:38:22","slug":"consortiu","status":"publish","type":"page","link":"https:\/\/icdp.ro\/en\/cercetare\/proiecte-nationale\/plan-sectorial-madr\/ader-6-3-23\/consortiu\/","title":{"rendered":"Consortiu"},"content":{"rendered":"<h5>Consortiu<\/h5>\n<p><strong>Coordonator: <\/strong>Institutul de Cercetare-Dezvoltare pentru Pomicultur\u0103 Pite\u0219ti-M\u0103r\u0103cineni Arge\u0219<\/p>\n<p><strong>Parteneri<\/strong>:<\/p>\n<p>P1 \u2013 Universitatea de \u0218tiin\u021be Agricole \u0219i Medicin\u0103 Veterinar\u0103 (USAMV) Bucure\u0219ti<br \/>\n&nbsp;&nbsp;&nbsp;&nbsp;&nbsp;&nbsp;&nbsp;&nbsp;&nbsp; Responsabil: dr. ing. St\u0103nic\u0103 Florin, profesor universitar<br \/>\n&nbsp;&nbsp;&nbsp;&nbsp;&nbsp;&nbsp;&nbsp;&nbsp;&nbsp; <a href=\"https:\/\/usamv.ro\/index.php\/ro\/\">https:\/\/usamv.ro\/index.php\/ro\/<\/a><\/p>\n<p>P2 \u2013 Institutul Na\u0163ional de Cercetare-Dezvoltare pentru Pedologie, Agrochimie \u015fi Protec\u0163ia Mediului (ICPA) Bucure\u0219ti<br \/>\n&nbsp;&nbsp;&nbsp;&nbsp;&nbsp;&nbsp;&nbsp;&nbsp;&nbsp; Responsabil: dr. Lungu Mihaela, cercet\u0103tor \u0219tiin\u021bific gr. I<br \/>\n&nbsp;&nbsp;&nbsp;&nbsp;&nbsp;&nbsp;&nbsp;&nbsp;&nbsp; <a href=\"https:\/\/icpa.ro\/lafc\/\">https:\/\/icpa.ro\/lafc\/<\/a><\/p>\n<p>P3 &#8211; Sta\u021biunea de Cercetare-Dezvoltare pentru Pomicultur\u0103 B\u0103neasa<br \/>\n&nbsp;&nbsp;&nbsp;&nbsp;&nbsp;&nbsp;&nbsp;&nbsp;&nbsp; Responsabil: drd. ing. Dragomir Damian, cercet\u0103tor \u0219tiin\u021bific<br \/>\n&nbsp;&nbsp;&nbsp;&nbsp;&nbsp;&nbsp;&nbsp;&nbsp;&nbsp; <a href=\"https:\/\/scdpbaneasa.ro\/\">https:\/\/scdpbaneasa.ro\/<\/a><\/p>\n<p>&nbsp;<\/p>","protected":false},"excerpt":{"rendered":"<p>Consortiu Coordonator: Institutul de Cercetare-Dezvoltare pentru Pomicultur\u0103 Pite\u0219ti-M\u0103r\u0103cineni Arge\u0219 Parteneri: P1 \u2013 Universitatea de \u0218tiin\u021be Agricole \u0219i Medicin\u0103 Veterinar\u0103 (USAMV) Bucure\u0219ti &nbsp;&nbsp;&nbsp;&nbsp;&nbsp;&nbsp;&nbsp;&nbsp;&nbsp; Responsabil: dr. ing. St\u0103nic\u0103 Florin, profesor universitar &nbsp;&nbsp;&nbsp;&nbsp;&nbsp;&nbsp;&nbsp;&nbsp;&nbsp; https:\/\/usamv.ro\/index.php\/ro\/ P2 \u2013 Institutul Na\u0163ional de Cercetare-Dezvoltare pentru Pedologie, Agrochimie \u015fi Protec\u0163ia Mediului (ICPA) Bucure\u0219ti &nbsp;&nbsp;&nbsp;&nbsp;&nbsp;&nbsp;&nbsp;&nbsp;&nbsp; Responsabil: dr. Lungu Mihaela, cercet\u0103tor \u0219tiin\u021bific gr. I &nbsp;&nbsp;&nbsp;&nbsp;&nbsp;&nbsp;&nbsp;&nbsp;&nbsp;  [&#8230;]<\/p>\n","protected":false},"author":1,"featured_media":0,"parent":13532,"menu_order":3,"comment_status":"closed","ping_status":"closed","template":"","meta":{"ngg_post_thumbnail":0,"footnotes":""},"categories":[],"tags":[],"class_list":["post-13540","page","type-page","status-publish","hentry"],"_links":{"self":[{"href":"https:\/\/icdp.ro\/en\/wp-json\/wp\/v2\/pages\/13540","targetHints":{"allow":["GET"]}}],"collection":[{"href":"https:\/\/icdp.ro\/en\/wp-json\/wp\/v2\/pages"}],"about":[{"href":"https:\/\/icdp.ro\/en\/wp-json\/wp\/v2\/types\/page"}],"author":[{"embeddable":true,"href":"https:\/\/icdp.ro\/en\/wp-json\/wp\/v2\/users\/1"}],"replies":[{"embeddable":true,"href":"https:\/\/icdp.ro\/en\/wp-json\/wp\/v2\/comments?post=13540"}],"version-history":[{"count":1,"href":"https:\/\/icdp.ro\/en\/wp-json\/wp\/v2\/pages\/13540\/revisions"}],"predecessor-version":[{"id":13541,"href":"https:\/\/icdp.ro\/en\/wp-json\/wp\/v2\/pages\/13540\/revisions\/13541"}],"up":[{"embeddable":true,"href":"https:\/\/icdp.ro\/en\/wp-json\/wp\/v2\/pages\/13532"}],"wp:attachment":[{"href":"https:\/\/icdp.ro\/en\/wp-json\/wp\/v2\/media?parent=13540"}],"wp:term":[{"taxonomy":"category","embeddable":true,"href":"https:\/\/icdp.ro\/en\/wp-json\/wp\/v2\/categories?post=13540"},{"taxonomy":"post_tag","embeddable":true,"href":"https:\/\/icdp.ro\/en\/wp-json\/wp\/v2\/tags?post=13540"}],"curies":[{"name":"wp","href":"https:\/\/api.w.org\/{rel}","templated":true}]}}